{"id":1101,"date":"2018-05-29T16:33:37","date_gmt":"2018-05-29T14:33:37","guid":{"rendered":"http:\/\/lherboristeriedesaintpantaleon.com\/?page_id=1101"},"modified":"2019-08-16T16:56:13","modified_gmt":"2019-08-16T14:56:13","slug":"reglement-general-sur-la-protection-des-donnees","status":"publish","type":"page","link":"https:\/\/lherboristeriedesaintpantaleon.com\/index.php\/reglement-general-sur-la-protection-des-donnees\/","title":{"rendered":"R\u00e8glement g\u00e9n\u00e9ral sur la protection des donn\u00e9es"},"content":{"rendered":"<p>Donn\u00e9es personnelles<br \/>\nAvertissement<br \/>\nCe mod\u00e8le sera ult\u00e9rieurement compl\u00e9t\u00e9 par l\u2019information concernant les directives relatives au sort des donn\u00e9es \u00e0 caract\u00e8re personnel apr\u00e8s la mort (article 32-I-6\u00b0 de la loi du 6 janvier 1978 modifi\u00e9e).<\/p>\n<p>Les informations recueillies sur ce formulaire sont enregistr\u00e9es dans un fichier informatis\u00e9 par [responsable_de_traitement] pour [finalites_du_traitement]<\/p>\n<p>Elles sont conserv\u00e9es pendant [duree_de_conservation] et sont destin\u00e9es [destinataires_des_donnees]<\/p>\n<p>Conform\u00e9ment \u00e0 la loi \u00ab informatique et libert\u00e9s \u00bb, vous pouvez exercer votre droit d&#8217;acc\u00e8s aux donn\u00e9es vous concernant et les faire rectifier en contactant : [service_charge_du_droit_dacces]<\/p>\n<p>[mention_complementaire_bloctel]<\/p>\n<p>Personnalisez votre mention<br \/>\nNom de votre organisme<\/p>\n<p>Finalit\u00e9(s) du traitement<\/p>\n<p>Exemple : la gestion des achats, la gestion de notre client\u00e8le<br \/>\nDur\u00e9e de conservation<\/p>\n<p>Exemple : 1 an<br \/>\nDestinataire(s) des donn\u00e9es<\/p>\n<p>Exemple : au service marketing et au service commercial \u00e9tablis en dehors de l&#8217;Union europ\u00e9enne.<br \/>\nService charg\u00e9 du droit d&#8217;acc\u00e8s<\/p>\n<p>Nom, adresse \u00e9lectronique et\/ou postale,<br \/>\nCochez cette case si vous collectez des donn\u00e9es t\u00e9l\u00e9phoniques aupr\u00e8s d\u2019un consommateur<\/p>\n","protected":false},"excerpt":{"rendered":"<p>Donn\u00e9es personnelles Avertissement Ce mod\u00e8le sera ult\u00e9rieurement compl\u00e9t\u00e9 par l\u2019information concernant les directives relatives au sort des donn\u00e9es \u00e0 caract\u00e8re [&hellip;]<\/p>\n","protected":false},"author":1,"featured_media":0,"parent":0,"menu_order":0,"comment_status":"closed","ping_status":"closed","template":"","meta":{"footnotes":""},"class_list":["post-1101","page","type-page","status-publish","hentry"],"aioseo_notices":[],"_links":{"self":[{"href":"https:\/\/lherboristeriedesaintpantaleon.com\/index.php\/wp-json\/wp\/v2\/pages\/1101","targetHints":{"allow":["GET"]}}],"collection":[{"href":"https:\/\/lherboristeriedesaintpantaleon.com\/index.php\/wp-json\/wp\/v2\/pages"}],"about":[{"href":"https:\/\/lherboristeriedesaintpantaleon.com\/index.php\/wp-json\/wp\/v2\/types\/page"}],"author":[{"embeddable":true,"href":"https:\/\/lherboristeriedesaintpantaleon.com\/index.php\/wp-json\/wp\/v2\/users\/1"}],"replies":[{"embeddable":true,"href":"https:\/\/lherboristeriedesaintpantaleon.com\/index.php\/wp-json\/wp\/v2\/comments?post=1101"}],"version-history":[{"count":1,"href":"https:\/\/lherboristeriedesaintpantaleon.com\/index.php\/wp-json\/wp\/v2\/pages\/1101\/revisions"}],"predecessor-version":[{"id":1102,"href":"https:\/\/lherboristeriedesaintpantaleon.com\/index.php\/wp-json\/wp\/v2\/pages\/1101\/revisions\/1102"}],"wp:attachment":[{"href":"https:\/\/lherboristeriedesaintpantaleon.com\/index.php\/wp-json\/wp\/v2\/media?parent=1101"}],"curies":[{"name":"wp","href":"https:\/\/api.w.org\/{rel}","templated":true}]}}