{"id":474,"date":"2017-01-02T08:28:52","date_gmt":"2017-01-02T07:28:52","guid":{"rendered":"https:\/\/demo.themegrill.com\/flash-default-2\/?page_id=5"},"modified":"2021-09-23T11:02:44","modified_gmt":"2021-09-23T09:02:44","slug":"home","status":"publish","type":"page","link":"https:\/\/lherboristeriedesaintpantaleon.com\/","title":{"rendered":"Accueil"},"content":{"rendered":"<div id=\"pl-474\"  class=\"panel-layout\" ><div id=\"pg-474-0\"  class=\"panel-grid panel-has-style\" ><div class=\"siteorigin-panels-stretch panel-row-style panel-row-style-for-474-0\" data-stretch-type=\"full-stretched\" ><div id=\"pgc-474-0-0\"  class=\"panel-grid-cell\" ><div id=\"panel-474-0-0-0\" class=\"so-panel widget widget_themegrill_flash_slider tg-section tg-slider-widget panel-first-child panel-last-child\" data-index=\"0\" ><div class=\"tg-slider-widget slider-light slider-content-center slider-control-center full-width\">\n\t<div class=\"swiper-container\">\n\t\t<div class=\"swiper-wrapper\">\n\t\t\t\n\t\t\t\t\t<div class=\"swiper-slide\">\n\t\t\t\t\t\t<figure class=\"slider-image\" >\n\t\t\t\t\t\t\t<img width=\"1921\" height=\"700\"\t\t\t\t\t\t\t\t\tsrc=\"http:\/\/lherboristeriedesaintpantaleon.com\/wp-content\/uploads\/2018\/03\/lherboristerdesaintpantaleon.com5_.jpg\"\n\t\t\t\t\t\t\t\t\talt=\"\"\n\t\t\t\t\t\t\t\t\ttitle=\"\"\/>\n\t\t\t\t\t\t\t<div class=\"overlay\"><\/div>\n\t\t\t\t\t\t<\/figure>\n\t\t\t\t\t\t<div class=\"slider-content\">\n\t\t\t\t\t\t\t<div class=\"tg-container\">\n\t\t\t\t\t\t\t\t<div class=\"caption-title\"><\/div>\n\t\t\t\t\t\t\t\t<div class=\"caption-desc\"><\/div>\n\t\t\t\t\t\t\t\t\t\t\t\t\t\t\t<\/div>\n\t\t\t\t\t\t<\/div>\n\t\t\t\t\t<\/div>\n\n\t\t\t\t\n\t\t\t\t\t<div class=\"swiper-slide\">\n\t\t\t\t\t\t<figure class=\"slider-image\" >\n\t\t\t\t\t\t\t<img width=\"1920\" height=\"700\"\t\t\t\t\t\t\t\t\tsrc=\"http:\/\/lherboristeriedesaintpantaleon.com\/wp-content\/uploads\/2018\/05\/Diaporama-marjolaine-herboristerie.jpg\"\n\t\t\t\t\t\t\t\t\talt=\"\"\n\t\t\t\t\t\t\t\t\ttitle=\"\"\/>\n\t\t\t\t\t\t\t<div class=\"overlay\"><\/div>\n\t\t\t\t\t\t<\/figure>\n\t\t\t\t\t\t<div class=\"slider-content\">\n\t\t\t\t\t\t\t<div class=\"tg-container\">\n\t\t\t\t\t\t\t\t<div class=\"caption-title\"><\/div>\n\t\t\t\t\t\t\t\t<div class=\"caption-desc\"><\/div>\n\t\t\t\t\t\t\t\t\t\t\t\t\t\t\t<\/div>\n\t\t\t\t\t\t<\/div>\n\t\t\t\t\t<\/div>\n\n\t\t\t\t\n\t\t\t\t\t<div class=\"swiper-slide\">\n\t\t\t\t\t\t<figure class=\"slider-image\" >\n\t\t\t\t\t\t\t<img width=\"1920\" height=\"700\"\t\t\t\t\t\t\t\t\tsrc=\"http:\/\/lherboristeriedesaintpantaleon.com\/wp-content\/uploads\/2018\/05\/Panier-de-thym-lherboristeriedesaintpantaleon.jpg\"\n\t\t\t\t\t\t\t\t\talt=\"\"\n\t\t\t\t\t\t\t\t\ttitle=\"\"\/>\n\t\t\t\t\t\t\t<div class=\"overlay\"><\/div>\n\t\t\t\t\t\t<\/figure>\n\t\t\t\t\t\t<div class=\"slider-content\">\n\t\t\t\t\t\t\t<div class=\"tg-container\">\n\t\t\t\t\t\t\t\t<div class=\"caption-title\"><\/div>\n\t\t\t\t\t\t\t\t<div class=\"caption-desc\"><\/div>\n\t\t\t\t\t\t\t\t\t\t\t\t\t\t\t<\/div>\n\t\t\t\t\t\t<\/div>\n\t\t\t\t\t<\/div>\n\n\t\t\t\t\n\t\t\t\t\t<div class=\"swiper-slide\">\n\t\t\t\t\t\t<figure class=\"slider-image\" >\n\t\t\t\t\t\t\t<img width=\"1921\" height=\"700\"\t\t\t\t\t\t\t\t\tsrc=\"http:\/\/lherboristeriedesaintpantaleon.com\/wp-content\/uploads\/2018\/03\/lherboristerdesaintpantaleon.com4_.jpg\"\n\t\t\t\t\t\t\t\t\talt=\"\"\n\t\t\t\t\t\t\t\t\ttitle=\"\"\/>\n\t\t\t\t\t\t\t<div class=\"overlay\"><\/div>\n\t\t\t\t\t\t<\/figure>\n\t\t\t\t\t\t<div class=\"slider-content\">\n\t\t\t\t\t\t\t<div class=\"tg-container\">\n\t\t\t\t\t\t\t\t<div class=\"caption-title\"><\/div>\n\t\t\t\t\t\t\t\t<div class=\"caption-desc\"><\/div>\n\t\t\t\t\t\t\t\t\t\t\t\t\t\t\t<\/div>\n\t\t\t\t\t\t<\/div>\n\t\t\t\t\t<\/div>\n\n\t\t\t\t\n\t\t\t\t\t<div class=\"swiper-slide\">\n\t\t\t\t\t\t<figure class=\"slider-image\" >\n\t\t\t\t\t\t\t<img width=\"1920\" height=\"700\"\t\t\t\t\t\t\t\t\tsrc=\"http:\/\/lherboristeriedesaintpantaleon.com\/wp-content\/uploads\/2018\/05\/coquelicot-lherboristeriedesaintpantaleon.jpg\"\n\t\t\t\t\t\t\t\t\talt=\"\"\n\t\t\t\t\t\t\t\t\ttitle=\"\"\/>\n\t\t\t\t\t\t\t<div class=\"overlay\"><\/div>\n\t\t\t\t\t\t<\/figure>\n\t\t\t\t\t\t<div class=\"slider-content\">\n\t\t\t\t\t\t\t<div class=\"tg-container\">\n\t\t\t\t\t\t\t\t<div class=\"caption-title\"><\/div>\n\t\t\t\t\t\t\t\t<div class=\"caption-desc\"><\/div>\n\t\t\t\t\t\t\t\t\t\t\t\t\t\t\t<\/div>\n\t\t\t\t\t\t<\/div>\n\t\t\t\t\t<\/div>\n\n\t\t\t\t\t\t<\/div>\n\t\t<div class=\"swiper-pagination\"><\/div>\n\t\t<div class=\"slider-arrow\">\n\t\t\t<div class=\"swiper-button-next\"><\/div>\n\t\t\t<div class=\"swiper-button-prev\"><\/div>\n\t\t<\/div>\n\t<\/div>\n<\/div>\n<\/div><\/div><\/div><\/div><div id=\"pg-474-1\"  class=\"panel-grid panel-no-style\" ><div id=\"pgc-474-1-0\"  class=\"panel-grid-cell\" ><div id=\"panel-474-1-0-0\" class=\"so-panel widget widget_dropshadowboxes_widget dropshadowboxes_widget panel-first-child\" data-index=\"1\" ><div class=\"panel-widget-style panel-widget-style-for-474-1-0-0\" ><div class='dropshadowboxes-container dropshadowboxes-center ' style='width:100%'>\r\n                            <div class='dropshadowboxes-drop-shadow dropshadowboxes-rounded-corners dropshadowboxes-inside-and-outside-shadow dropshadowboxes-curled dropshadowboxes-effect-default' style='width:100%;border: 1px solid #DDD;height:;background-color:#FFF'>\r\n                            Tous les produits ne sont pas encore dans la boutique. Ghislaine se tient \u00e0 votre disposition pour  tous renseignements, conseils ou commande par t\u00e9l\u00e9phone \nau  06 72 61 06 43 aux heures d'ouverture de la boutique   14h \u00e0 19h, les lundis, mercredis et vendredis.\r\n                            <\/div>\r\n                        <\/div><\/div><\/div><div id=\"panel-474-1-0-1\" class=\"so-panel widget widget_themegrill_flash_heading tg-widget section-title-wrapper\" data-index=\"2\" >\t<h3 class=\"section-title\">PRODUITS DE LA BOUTIQUE<\/h3>\n\t<div class=\"section-description\">Voici un aper\u00e7u des produits de la boutique<\/div>\n<\/div><div id=\"panel-474-1-0-2\" class=\"so-panel widget panel-last-child\" data-index=\"3\" ><\/div><\/div><\/div><div id=\"pg-474-2\"  class=\"panel-grid panel-has-style\" ><div class=\"panel-row-style panel-row-style-for-474-2\" ><div id=\"pgc-474-2-0\"  class=\"panel-grid-cell\" ><div id=\"panel-474-2-0-0\" class=\"so-panel widget widget_themegrill_flash_service tg-widget tg-single-service panel-first-child panel-last-child\" data-index=\"4\" >\n<div class=\"tg-service-widget tg-service-layout-1\">\n\t<div class=\"service-wrapper\">\n\t\t<div class=\"service-icon-title-wrapper clearfix\">\n\t\t\t\t\t\t<div class=\"service-icon-wrap\"><i class=\"fa fa-handshake-o\"><\/i><\/div>\n\t\t\t\t\t\t\t\t\t\t\t\t<h3 class=\"service-title-wrap\">\n\t\t\t\tECOUTE\t\t\t\t\t\t\t<\/h3>\n\t\t\t\t\t<\/div>\n\t\t\t\t<div class=\"service-content-wrap\">Des conseils sur mesure gr\u00e2ce \u00e0 l'expertise de Ghislaine.<\/div>\n\t\t\t\t\t<\/div>\n<\/div>\n<\/div><\/div><div id=\"pgc-474-2-1\"  class=\"panel-grid-cell\" ><div id=\"panel-474-2-1-0\" class=\"so-panel widget widget_themegrill_flash_service tg-widget tg-single-service panel-first-child panel-last-child\" data-index=\"5\" >\n<div class=\"tg-service-widget tg-service-layout-1\">\n\t<div class=\"service-wrapper\">\n\t\t<div class=\"service-icon-title-wrapper clearfix\">\n\t\t\t\t\t\t<div class=\"service-icon-wrap\"><i class=\"fa fa-smile-o\"><\/i><\/div>\n\t\t\t\t\t\t\t\t\t\t\t\t<h3 class=\"service-title-wrap\">\n\t\t\t\tQUALITE\t\t\t\t\t\t\t<\/h3>\n\t\t\t\t\t<\/div>\n\t\t\t\t<div class=\"service-content-wrap\">L'exigence et la s\u00e9lection de mati\u00e8re premi\u00e8re pour des produits de qualit\u00e9.<\/div>\n\t\t\t\t\t<\/div>\n<\/div>\n<\/div><\/div><div id=\"pgc-474-2-2\"  class=\"panel-grid-cell\" ><div id=\"panel-474-2-2-0\" class=\"so-panel widget widget_themegrill_flash_service tg-widget tg-single-service panel-first-child panel-last-child\" data-index=\"6\" >\n<div class=\"tg-service-widget tg-service-layout-1\">\n\t<div class=\"service-wrapper\">\n\t\t<div class=\"service-icon-title-wrapper clearfix\">\n\t\t\t\t\t\t<div class=\"service-icon-wrap\"><i class=\"fa fa-graduation-cap\"><\/i><\/div>\n\t\t\t\t\t\t\t\t\t\t\t\t<h3 class=\"service-title-wrap\">\n\t\t\t\tCERTIFIEE\t\t\t\t\t\t\t<\/h3>\n\t\t\t\t\t<\/div>\n\t\t\t\t<div class=\"service-content-wrap\">Ghislaine est herbaliste certifi\u00e9e de l'Ecole Lyonnaise des plantes m\u00e9dicinales et des savoirs naturels.<\/div>\n\t\t\t\t\t<\/div>\n<\/div>\n<\/div><\/div><\/div><\/div><div id=\"pg-474-3\"  class=\"panel-grid panel-has-style\" ><div class=\"panel-row-style panel-row-style-for-474-3\" ><div id=\"pgc-474-3-0\"  class=\"panel-grid-cell\" ><div id=\"panel-474-3-0-0\" class=\"so-panel widget widget_themegrill_flash_heading tg-widget section-title-wrapper panel-first-child\" data-index=\"7\" >\t<h3 class=\"section-title\">Nos nouvelles<\/h3>\n\t<div class=\"section-description\">Retrouvez nos \u00e9v\u00e9nements<\/div>\n<\/div><div id=\"panel-474-3-0-1\" class=\"so-panel widget widget_themegrill_flash_blog tg-widget blog-section panel-last-child\" data-index=\"8\" >\n<div class=\"blog-wrapper tg-column-wrapper tg-blog-widget-layout-2\">\n\t\t<div class=\"tg-blog-widget tg-column-3\">\n\t\t\t\t<div class=\"post-image \">\n\t\t\t<figure><a href=\"https:\/\/lherboristeriedesaintpantaleon.com\/index.php\/2019\/01\/07\/lherboristerie\/\" title=\"L&#8217;HERBORISTERIE\"><img loading=\"lazy\" decoding=\"async\" width=\"370\" height=\"270\" src=\"https:\/\/lherboristeriedesaintpantaleon.com\/wp-content\/uploads\/2017\/01\/laboutique-article-lherboristeriedesaintpantaleon.com3_-370x270.jpg\" class=\"attachment-flash-grid size-flash-grid wp-post-image\" alt=\"\" \/><\/a><\/figure>\t\t\t<span class=\"entry-date\">\n\t\t\t\t<i class=\"fa fa-clock-o\"><\/i><a href=\"https:\/\/lherboristeriedesaintpantaleon.com\/index.php\/2019\/01\/07\/lherboristerie\/\" rel=\"bookmark\">7 janvier 2019<\/a>\n\t\t\t<\/span>\n\t\t\t\t\t<\/div>\n\t\t<div class=\"blog-content\">\n\t\t\t<h3 class=\"entry-title\"><a href=\"https:\/\/lherboristeriedesaintpantaleon.com\/index.php\/2019\/01\/07\/lherboristerie\/\">L&#8217;HERBORISTERIE<\/a><\/h3>\n\t\t\t\t\t\t<div class=\"entry-summary\">\n\t\t\t\t<p>L&#8217;herboristerie Passion Aromatique\u00a0 a vu le jour le 3 juillet 2017 \u00e0 Saint Pantal\u00e9on (Vaucluse). En poussant la porte, vous [&hellip;]<\/p>\n\t\t\t<\/div>\n\t\t\t\t\t\t<div class=\"read-more-container\">\n\t\t\t\t<span class=\"entry-author\">\n\t\t\t\t\t<i class=\"fa fa-user\"><\/i><a class=\"url fn n\" href=\"https:\/\/lherboristeriedesaintpantaleon.com\/index.php\/author\/admin3150\/\">admin3150<\/a>\n\t\t\t\t<\/span>\n\t\t\t\t<div class=\"read-more\">\n\t\t\t\t\t<a href=\"https:\/\/lherboristeriedesaintpantaleon.com\/index.php\/2019\/01\/07\/lherboristerie\/\">Read More<\/a>\n\t\t\t\t<\/div>\n\t\t\t<\/div>\n\t\t\t\t\t<\/div>\n\t<\/div>\n\t\t<div class=\"tg-blog-widget tg-column-3\">\n\t\t\t\t<div class=\"post-image \">\n\t\t\t<figure><a href=\"https:\/\/lherboristeriedesaintpantaleon.com\/index.php\/2019\/01\/07\/distillation-artisanale\/\" title=\"DISTILLATION ARTISANALE D&#8217;HYDROLAT\"><img loading=\"lazy\" decoding=\"async\" width=\"370\" height=\"270\" src=\"https:\/\/lherboristeriedesaintpantaleon.com\/wp-content\/uploads\/2018\/05\/Distillation-de-m\u00e9lisse-370x270.jpg\" class=\"attachment-flash-grid size-flash-grid wp-post-image\" alt=\"\" \/><\/a><\/figure>\t\t\t<span class=\"entry-date\">\n\t\t\t\t<i class=\"fa fa-clock-o\"><\/i><a href=\"https:\/\/lherboristeriedesaintpantaleon.com\/index.php\/2019\/01\/07\/distillation-artisanale\/\" rel=\"bookmark\">7 janvier 2019<\/a>\n\t\t\t<\/span>\n\t\t\t\t\t<\/div>\n\t\t<div class=\"blog-content\">\n\t\t\t<h3 class=\"entry-title\"><a href=\"https:\/\/lherboristeriedesaintpantaleon.com\/index.php\/2019\/01\/07\/distillation-artisanale\/\">DISTILLATION ARTISANALE D&#8217;HYDROLAT<\/a><\/h3>\n\t\t\t\t\t\t<div class=\"entry-summary\">\n\t\t\t\t<p>Les hydrolats sont\u00a0 des produits aqueux provenant de la distillation\u00a0 par entrainement \u00e0 la vapeur d&#8217;eau de plantes. Ils sont [&hellip;]<\/p>\n\t\t\t<\/div>\n\t\t\t\t\t\t<div class=\"read-more-container\">\n\t\t\t\t<span class=\"entry-author\">\n\t\t\t\t\t<i class=\"fa fa-user\"><\/i><a class=\"url fn n\" href=\"https:\/\/lherboristeriedesaintpantaleon.com\/index.php\/author\/admin3150\/\">admin3150<\/a>\n\t\t\t\t<\/span>\n\t\t\t\t<div class=\"read-more\">\n\t\t\t\t\t<a href=\"https:\/\/lherboristeriedesaintpantaleon.com\/index.php\/2019\/01\/07\/distillation-artisanale\/\">Read More<\/a>\n\t\t\t\t<\/div>\n\t\t\t<\/div>\n\t\t\t\t\t<\/div>\n\t<\/div>\n\t\t<div class=\"tg-blog-widget tg-column-3\">\n\t\t\t\t<div class=\"post-image \">\n\t\t\t<figure><a href=\"https:\/\/lherboristeriedesaintpantaleon.com\/index.php\/2019\/01\/07\/atelier-herboristerie-familiale\/\" title=\"ATELIER HERBORISTERIE FAMILIALE\"><img loading=\"lazy\" decoding=\"async\" width=\"370\" height=\"270\" src=\"https:\/\/lherboristeriedesaintpantaleon.com\/wp-content\/uploads\/2017\/01\/Atelier-du-7-avril-2018-2-1-1-370x270.jpg\" class=\"attachment-flash-grid size-flash-grid wp-post-image\" alt=\"\" \/><\/a><\/figure>\t\t\t<span class=\"entry-date\">\n\t\t\t\t<i class=\"fa fa-clock-o\"><\/i><a href=\"https:\/\/lherboristeriedesaintpantaleon.com\/index.php\/2019\/01\/07\/atelier-herboristerie-familiale\/\" rel=\"bookmark\">7 janvier 2019<\/a>\n\t\t\t<\/span>\n\t\t\t\t\t<\/div>\n\t\t<div class=\"blog-content\">\n\t\t\t<h3 class=\"entry-title\"><a href=\"https:\/\/lherboristeriedesaintpantaleon.com\/index.php\/2019\/01\/07\/atelier-herboristerie-familiale\/\">ATELIER HERBORISTERIE FAMILIALE<\/a><\/h3>\n\t\t\t\t\t\t<div class=\"entry-summary\">\n\t\t\t\t<p>Organisation d&#8217;atelier Herboristerie Familiale Antenne de Saint Pantal\u00e9on de l&#8217; Association\u00a0 Simples Comme Capucine et Coquelicot (S3C) Pour plus d&#8217;information [&hellip;]<\/p>\n\t\t\t<\/div>\n\t\t\t\t\t\t<div class=\"read-more-container\">\n\t\t\t\t<span class=\"entry-author\">\n\t\t\t\t\t<i class=\"fa fa-user\"><\/i><a class=\"url fn n\" href=\"https:\/\/lherboristeriedesaintpantaleon.com\/index.php\/author\/admin3150\/\">admin3150<\/a>\n\t\t\t\t<\/span>\n\t\t\t\t<div class=\"read-more\">\n\t\t\t\t\t<a href=\"https:\/\/lherboristeriedesaintpantaleon.com\/index.php\/2019\/01\/07\/atelier-herboristerie-familiale\/\">Read More<\/a>\n\t\t\t\t<\/div>\n\t\t\t<\/div>\n\t\t\t\t\t<\/div>\n\t<\/div>\n\t<\/div><!-- .blog-wrapper -->\n<\/div><\/div><\/div><\/div><div id=\"pg-474-4\"  class=\"panel-grid panel-no-style\" ><div id=\"pgc-474-4-0\"  class=\"panel-grid-cell\" ><div id=\"panel-474-4-0-0\" class=\"so-panel widget panel-first-child panel-last-child\" data-index=\"9\" ><\/div><\/div><\/div><\/div>","protected":false},"excerpt":{"rendered":"<p>Tous les produits ne sont pas encore dans la boutique. Ghislaine se tient \u00e0 votre disposition pour tous renseignements, conseils [&hellip;]<\/p>\n","protected":false},"author":1,"featured_media":0,"parent":0,"menu_order":0,"comment_status":"closed","ping_status":"closed","template":"page-templates\/pagebuilder.php","meta":{"footnotes":""},"class_list":["post-474","page","type-page","status-publish","hentry"],"aioseo_notices":[],"_links":{"self":[{"href":"https:\/\/lherboristeriedesaintpantaleon.com\/index.php\/wp-json\/wp\/v2\/pages\/474","targetHints":{"allow":["GET"]}}],"collection":[{"href":"https:\/\/lherboristeriedesaintpantaleon.com\/index.php\/wp-json\/wp\/v2\/pages"}],"about":[{"href":"https:\/\/lherboristeriedesaintpantaleon.com\/index.php\/wp-json\/wp\/v2\/types\/page"}],"author":[{"embeddable":true,"href":"https:\/\/lherboristeriedesaintpantaleon.com\/index.php\/wp-json\/wp\/v2\/users\/1"}],"replies":[{"embeddable":true,"href":"https:\/\/lherboristeriedesaintpantaleon.com\/index.php\/wp-json\/wp\/v2\/comments?post=474"}],"version-history":[{"count":207,"href":"https:\/\/lherboristeriedesaintpantaleon.com\/index.php\/wp-json\/wp\/v2\/pages\/474\/revisions"}],"predecessor-version":[{"id":6356,"href":"https:\/\/lherboristeriedesaintpantaleon.com\/index.php\/wp-json\/wp\/v2\/pages\/474\/revisions\/6356"}],"wp:attachment":[{"href":"https:\/\/lherboristeriedesaintpantaleon.com\/index.php\/wp-json\/wp\/v2\/media?parent=474"}],"curies":[{"name":"wp","href":"https:\/\/api.w.org\/{rel}","templated":true}]}}