{"id":490,"date":"2018-05-08T15:35:21","date_gmt":"2018-05-08T13:35:21","guid":{"rendered":"https:\/\/demo.themegrill.com\/flash-default-2\/?page_id=17"},"modified":"2020-07-19T10:31:57","modified_gmt":"2020-07-19T08:31:57","slug":"about","status":"publish","type":"page","link":"https:\/\/lherboristeriedesaintpantaleon.com\/index.php\/about\/","title":{"rendered":"A propos"},"content":{"rendered":"<p><img loading=\"lazy\" decoding=\"async\" class=\" wp-image-646 alignleft\" src=\"http:\/\/lherboristeriedesaintpantaleon.com\/wp-content\/uploads\/2018\/05\/Ghislaine-accueil-herboristerie1-e1525786364118.jpg\" alt=\"\" width=\"317\" height=\"211\" srcset=\"https:\/\/lherboristeriedesaintpantaleon.com\/wp-content\/uploads\/2018\/05\/Ghislaine-accueil-herboristerie1-e1525786364118.jpg 600w, https:\/\/lherboristeriedesaintpantaleon.com\/wp-content\/uploads\/2018\/05\/Ghislaine-accueil-herboristerie1-e1525786364118-300x200.jpg 300w\" sizes=\"auto, (max-width: 317px) 100vw, 317px\" \/>\u00a0D\u00e8s ma plus tendre enfance, ma grand-m\u00e8re me transmet sa passion des plantes m\u00e9dicinales. Enfant, je souhaite ouvrir une herboristerie, \u00eatre au service de la sant\u00e9 du bien-\u00eatre des personnes.<\/p>\n<p>Mais la vie en a fait tout autrement, je deviens esth\u00e9ticienne.<\/p>\n<p>Pendant trente ans, j&#8217;exerce ce m\u00e9tier tant aim\u00e9,\u00a0 mets ma passion des plantes au centre de mes soins esth\u00e9tiques, en confectionnant mes huiles de modelage avec des huiles v\u00e9g\u00e9tales, des huiles essentielles, j\u2019int\u00e8gre les hydrolats dans les masques de beaut\u00e9.<\/p>\n<p>Apr\u00e8s tant d\u2019ann\u00e9es, mon r\u00eave d\u2019enfant est de plus en plus pr\u00e9sent dans mon esprit.<\/p>\n<p>Je d\u00e9cide, en 2013,\u00a0 de suivre durant 3 ans la formation d\u2019herbaliste \u00e0 l\u2019\u00e9cole lyonnaise des plantes m\u00e9dicinales et des savoir naturels.<\/p>\n<p>Gr\u00e2ce \u00e0 cette formation, je re\u00e7ois un enseignement riche et complet.<\/p>\n<p>Lors de la premi\u00e8re ann\u00e9e, je d\u00e9couvre l&#8217;art de la distillation d&#8217;hydrolat et ach\u00e8te mon premier alambic au sein de l&#8217;\u00e9cole.<\/p>\n<p>Durant ma formation, mon projet professionnel m\u00fbrit de jour en jour et rapidement, je cr\u00e9e mon jardin en bio avec certaines plantes m\u00e9dicinales,\u00a0 cueille des plantes\u00a0 sauvages\u00a0 et locales,\u00a0 r\u00e9alise mes hydrolats, mac\u00e9rats&#8230;<\/p>\n<p>Apr\u00e8s obtention de ma\u00a0 certification en 2017, je me lance et j\u2019ouvre une herboristerie dans mon village \u00e0 Saint Pantal\u00e9on, dans laquelle\u00a0 je propose uniquement des produits artisanaux issus\u00a0 soit de mes productions (hydrolats, sirops de plantes,tisanes, mac\u00e9rats&#8230;) ou d&#8217; artisans-producteurs partageant les m\u00eames valeurs.<\/p>\n","protected":false},"excerpt":{"rendered":"<p>\u00a0D\u00e8s ma plus tendre enfance, ma grand-m\u00e8re me transmet sa passion des plantes m\u00e9dicinales. Enfant, je souhaite ouvrir une herboristerie, [&hellip;]<\/p>\n","protected":false},"author":1,"featured_media":0,"parent":0,"menu_order":0,"comment_status":"closed","ping_status":"closed","template":"","meta":{"footnotes":""},"class_list":["post-490","page","type-page","status-publish","hentry"],"aioseo_notices":[],"_links":{"self":[{"href":"https:\/\/lherboristeriedesaintpantaleon.com\/index.php\/wp-json\/wp\/v2\/pages\/490","targetHints":{"allow":["GET"]}}],"collection":[{"href":"https:\/\/lherboristeriedesaintpantaleon.com\/index.php\/wp-json\/wp\/v2\/pages"}],"about":[{"href":"https:\/\/lherboristeriedesaintpantaleon.com\/index.php\/wp-json\/wp\/v2\/types\/page"}],"author":[{"embeddable":true,"href":"https:\/\/lherboristeriedesaintpantaleon.com\/index.php\/wp-json\/wp\/v2\/users\/1"}],"replies":[{"embeddable":true,"href":"https:\/\/lherboristeriedesaintpantaleon.com\/index.php\/wp-json\/wp\/v2\/comments?post=490"}],"version-history":[{"count":16,"href":"https:\/\/lherboristeriedesaintpantaleon.com\/index.php\/wp-json\/wp\/v2\/pages\/490\/revisions"}],"predecessor-version":[{"id":835,"href":"https:\/\/lherboristeriedesaintpantaleon.com\/index.php\/wp-json\/wp\/v2\/pages\/490\/revisions\/835"}],"wp:attachment":[{"href":"https:\/\/lherboristeriedesaintpantaleon.com\/index.php\/wp-json\/wp\/v2\/media?parent=490"}],"curies":[{"name":"wp","href":"https:\/\/api.w.org\/{rel}","templated":true}]}}