{"id":536,"date":"2018-03-22T17:48:28","date_gmt":"2018-03-22T16:48:28","guid":{"rendered":"http:\/\/lherboristeriedesaintpantaleon.com\/?page_id=536"},"modified":"2019-08-16T16:52:54","modified_gmt":"2019-08-16T14:52:54","slug":"information-cookies","status":"publish","type":"page","link":"https:\/\/lherboristeriedesaintpantaleon.com\/index.php\/information-cookies\/","title":{"rendered":"Information cookies"},"content":{"rendered":"<p><span style=\"font-size: 14pt;\"><strong>D\u00e9finition d\u2019un cookie<\/strong><\/span><\/p>\n<p>Un \u00abcookie\u00bb est un fichier texte susceptible d\u2019\u00eatre d\u00e9pos\u00e9 sur votre terminal \u00e0 l\u2019occasion de la visite de notre site. Il a pour but de collecter des informations anonymes relatives \u00e0 votre navigation et de vous adresser des contenus adapt\u00e9s \u00e0 votre terminal ou \u00e0 vos centres d\u2019int\u00e9r\u00eats. Seul l&#8217;\u00e9metteur d&#8217;un cookie est susceptible de lire ou de modifier des informations qui y sont contenues.<\/p>\n<p><span style=\"font-size: 14pt;\"><strong>Finalit\u00e9 des cookies utilis\u00e9s sur le site<\/strong><\/span><\/p>\n<p>Les cookies que nous \u00e9mettons permettent :<\/p>\n<p>d&#8217;\u00e9tablir des statistiques et volumes de fr\u00e9quentation et d&#8217;utilisation des divers \u00e9l\u00e9ments composant notre site (nombre de pages vues, nombre de visites, activit\u00e9, fr\u00e9quence de retour, etc.) ;<br \/>\nd&#8217;adapter la pr\u00e9sentation de notre site aux pr\u00e9f\u00e9rences d&#8217;affichage de votre terminal (langue, r\u00e9solution d\u2019affichage, syst\u00e8me d\u2019exploitation, etc.) ;<br \/>\nde vous faciliter l\u2019utilisation de notre site, par exemple en m\u00e9morisant des informations relatives \u00e0 un formulaire ou \u00e0 des produits, des services ou des informations que vous avez choisis sur notre site ;<br \/>\nde vous permettre d\u2019acc\u00e9der \u00e0 des espaces r\u00e9serv\u00e9s et personnels de notre site tels que votre compte \u00e0 l\u2019aide de vos identifiants.<\/p>\n<p><span style=\"font-size: 14pt;\"><strong>Param\u00e9trer votre navigateur Internet<\/strong><\/span><\/p>\n<p>Vous pouvez \u00e0 tout moment choisir de d\u00e9sactiver les cookies en s\u00e9lectionnant les param\u00e8tres appropri\u00e9s de votre navigateur. La d\u00e9sactivation de certains cookies peut perturber la navigation sur le site.<\/p>\n<ul style=\"list-style-type: circle;\">\n<li>Pour Microsoft Internet Explorer<br \/>\nla gestion des cookies sur Internet Explorer<\/li>\n<li>Pour Mozilla Firefox<br \/>\nla gestion des cookies sur Mozilla Firefox<\/li>\n<li>Pour Google Chrome<br \/>\nla gestion des cookies sur Google Chrome<\/li>\n<li>Pour Safari<br \/>\nla gestion des cookies sur Safari<\/li>\n<li>Pour Op\u00e9ra<br \/>\nla gestion des cookies sur Op\u00e9ra<br \/>\n<em>Plus d\u2019information sur les cookies sur le site de la CNIL.<\/em><\/li>\n<\/ul>\n","protected":false},"excerpt":{"rendered":"<p>D\u00e9finition d\u2019un cookie Un \u00abcookie\u00bb est un fichier texte susceptible d\u2019\u00eatre d\u00e9pos\u00e9 sur votre terminal \u00e0 l\u2019occasion de la visite [&hellip;]<\/p>\n","protected":false},"author":1,"featured_media":0,"parent":0,"menu_order":0,"comment_status":"closed","ping_status":"closed","template":"","meta":{"footnotes":""},"class_list":["post-536","page","type-page","status-publish","hentry"],"aioseo_notices":[],"_links":{"self":[{"href":"https:\/\/lherboristeriedesaintpantaleon.com\/index.php\/wp-json\/wp\/v2\/pages\/536","targetHints":{"allow":["GET"]}}],"collection":[{"href":"https:\/\/lherboristeriedesaintpantaleon.com\/index.php\/wp-json\/wp\/v2\/pages"}],"about":[{"href":"https:\/\/lherboristeriedesaintpantaleon.com\/index.php\/wp-json\/wp\/v2\/types\/page"}],"author":[{"embeddable":true,"href":"https:\/\/lherboristeriedesaintpantaleon.com\/index.php\/wp-json\/wp\/v2\/users\/1"}],"replies":[{"embeddable":true,"href":"https:\/\/lherboristeriedesaintpantaleon.com\/index.php\/wp-json\/wp\/v2\/comments?post=536"}],"version-history":[{"count":2,"href":"https:\/\/lherboristeriedesaintpantaleon.com\/index.php\/wp-json\/wp\/v2\/pages\/536\/revisions"}],"predecessor-version":[{"id":539,"href":"https:\/\/lherboristeriedesaintpantaleon.com\/index.php\/wp-json\/wp\/v2\/pages\/536\/revisions\/539"}],"wp:attachment":[{"href":"https:\/\/lherboristeriedesaintpantaleon.com\/index.php\/wp-json\/wp\/v2\/media?parent=536"}],"curies":[{"name":"wp","href":"https:\/\/api.w.org\/{rel}","templated":true}]}}