{"id":540,"date":"2018-03-22T17:55:33","date_gmt":"2018-03-22T16:55:33","guid":{"rendered":"http:\/\/lherboristeriedesaintpantaleon.com\/?page_id=540"},"modified":"2019-08-16T16:51:46","modified_gmt":"2019-08-16T14:51:46","slug":"mentions-legales","status":"publish","type":"page","link":"https:\/\/lherboristeriedesaintpantaleon.com\/index.php\/mentions-legales\/","title":{"rendered":"Mentions L\u00e9gales"},"content":{"rendered":"<p><strong>Information \u00e9diteur :<\/strong><\/p>\n<p>Editeur du Site : Ghislaine Macl\u00e8s<\/p>\n<p>Responsable de publication : Ghislaine Macl\u00e8s<\/p>\n<p>Adresse : 182 Rue des Roques, 84220 Saint Pantal\u00e9on<\/p>\n<p>T\u00e9l\u00e9phone : 06 72 61 06 43<\/p>\n<p><strong>Informations soci\u00e9t\u00e9 :<\/strong><\/p>\n<p>Numero de SIRET 39480384500038<\/p>\n<p><strong>Information Site :<\/strong><\/p>\n<p>Site : www.lherboristeriedesaintpantaleon.com<\/p>\n<p>Email : passionsaromatique@orange.fr<\/p>\n<p><strong>H\u00e9bergement :<\/strong><\/p>\n<p>H\u00e9bergeur : OVH<\/p>\n<p>Adresse : 2 rue Kellermann, 59100 Roubaix<\/p>\n<p>Site de l\u2019h\u00e9bergeur : www.ovh.com\/fr\/<\/p>\n<p><strong>D\u00e9veloppeur :<\/strong><\/p>\n<p>D\u00e9veloppeur du site : Webmaster St\u00e9phanie Soubrane<\/p>\n<p>Adresse : Av St Exup\u00e9ry, 84400 Apt<\/p>\n","protected":false},"excerpt":{"rendered":"<p>Information \u00e9diteur : Editeur du Site : Ghislaine Macl\u00e8s Responsable de publication : Ghislaine Macl\u00e8s Adresse : 182 Rue des [&hellip;]<\/p>\n","protected":false},"author":1,"featured_media":0,"parent":0,"menu_order":0,"comment_status":"closed","ping_status":"closed","template":"","meta":{"footnotes":""},"class_list":["post-540","page","type-page","status-publish","hentry"],"aioseo_notices":[],"_links":{"self":[{"href":"https:\/\/lherboristeriedesaintpantaleon.com\/index.php\/wp-json\/wp\/v2\/pages\/540","targetHints":{"allow":["GET"]}}],"collection":[{"href":"https:\/\/lherboristeriedesaintpantaleon.com\/index.php\/wp-json\/wp\/v2\/pages"}],"about":[{"href":"https:\/\/lherboristeriedesaintpantaleon.com\/index.php\/wp-json\/wp\/v2\/types\/page"}],"author":[{"embeddable":true,"href":"https:\/\/lherboristeriedesaintpantaleon.com\/index.php\/wp-json\/wp\/v2\/users\/1"}],"replies":[{"embeddable":true,"href":"https:\/\/lherboristeriedesaintpantaleon.com\/index.php\/wp-json\/wp\/v2\/comments?post=540"}],"version-history":[{"count":7,"href":"https:\/\/lherboristeriedesaintpantaleon.com\/index.php\/wp-json\/wp\/v2\/pages\/540\/revisions"}],"predecessor-version":[{"id":2333,"href":"https:\/\/lherboristeriedesaintpantaleon.com\/index.php\/wp-json\/wp\/v2\/pages\/540\/revisions\/2333"}],"wp:attachment":[{"href":"https:\/\/lherboristeriedesaintpantaleon.com\/index.php\/wp-json\/wp\/v2\/media?parent=540"}],"curies":[{"name":"wp","href":"https:\/\/api.w.org\/{rel}","templated":true}]}}