{"id":1115,"date":"2018-06-16T14:57:58","date_gmt":"2018-06-16T12:57:58","guid":{"rendered":"https:\/\/lherboristeriedesaintpantaleon.com\/?post_type=product&#038;p=1115"},"modified":"2025-06-05T16:34:48","modified_gmt":"2025-06-05T14:34:48","slug":"douceur-florale-basilic-100-ml","status":"publish","type":"product","link":"https:\/\/lherboristeriedesaintpantaleon.com\/index.php\/produit\/douceur-florale-basilic-100-ml\/","title":{"rendered":"Douceur Florale &#8220;Basilic&#8221;"},"content":{"rendered":"<p><span style=\"color: #008000;\"><strong>Douceur Florale &#8220;Basilic&#8221;<\/strong><\/span> est une pr\u00e9paration sirupeuse d&#8217;hydrolat de basilic.<\/p>\n<ul>\n<li><span style=\"color: #333333;\"><strong><span style=\"color: #333333;\">Sur notre corps physique<\/span>:\u00a0<\/strong><\/span><span style=\"color: #046b04;\">C&#8217;est<em> l&#8217;amie de la digestion et du bien-\u00eatre<\/em>.<\/span><\/li>\n<li><strong><span style=\"color: #333333;\">Sur notre psychisme:\u00a0<\/span><\/strong><em><span style=\"color: #008000;\">Redonne confiance. Tonifie le syst\u00e8me nerveux, <span style=\"color: #046b04;\">apaise<\/span> les \u00e9tats d\u2019agitation mentale. Permet d\u2019atteindre et de r\u00e9aliser ses objectifs. Favorise la concentration.\u00a0<span style=\"color: #333333;\">(d&#8217;apr\u00e8s le livre l&#8217;hydrolath\u00e9rapie de Lydia Bosson)<\/span><\/span><\/em><\/li>\n<\/ul>\n<p><span style=\"text-decoration: underline;\"><strong><span style=\"color: #333333; text-decoration: underline;\">Utilisation:<\/span>\u00a0<\/strong><\/span>1 cuill\u00e8re \u00e0 caf\u00e9 le matin \u00e0 jeun ( agit sur le psychisme) 2 \u00e0 3 cuill\u00e8re \u00e0 caf\u00e9 dans la journ\u00e9e ( agit sur le corps physique)<\/p>\n<p><span style=\"text-decoration: underline; color: #333333;\"><strong>Composition<\/strong>:<\/span> Hydrolat de Basilic, sucre, glucose, acide citrique.<\/p>\n","protected":false},"excerpt":{"rendered":"<p>Douceur Florale &#8220;Basilic&#8221; est une pr\u00e9paration sirupeuse d&#8217;hydrolat de basilic. Sur notre corps physique:\u00a0C&#8217;est l&#8217;amie de la digestion et du [&hellip;]<\/p>\n","protected":false},"featured_media":1116,"comment_status":"open","ping_status":"closed","template":"","meta":[],"product_brand":[],"product_cat":[35],"product_tag":[],"class_list":{"0":"post-1115","1":"product","2":"type-product","3":"status-publish","4":"has-post-thumbnail","6":"product_cat-douceur-florale","8":"first","9":"instock","10":"shipping-taxable","11":"purchasable","12":"product-type-simple"},"aioseo_notices":[],"_links":{"self":[{"href":"https:\/\/lherboristeriedesaintpantaleon.com\/index.php\/wp-json\/wp\/v2\/product\/1115","targetHints":{"allow":["GET"]}}],"collection":[{"href":"https:\/\/lherboristeriedesaintpantaleon.com\/index.php\/wp-json\/wp\/v2\/product"}],"about":[{"href":"https:\/\/lherboristeriedesaintpantaleon.com\/index.php\/wp-json\/wp\/v2\/types\/product"}],"replies":[{"embeddable":true,"href":"https:\/\/lherboristeriedesaintpantaleon.com\/index.php\/wp-json\/wp\/v2\/comments?post=1115"}],"wp:featuredmedia":[{"embeddable":true,"href":"https:\/\/lherboristeriedesaintpantaleon.com\/index.php\/wp-json\/wp\/v2\/media\/1116"}],"wp:attachment":[{"href":"https:\/\/lherboristeriedesaintpantaleon.com\/index.php\/wp-json\/wp\/v2\/media?parent=1115"}],"wp:term":[{"taxonomy":"product_brand","embeddable":true,"href":"https:\/\/lherboristeriedesaintpantaleon.com\/index.php\/wp-json\/wp\/v2\/product_brand?post=1115"},{"taxonomy":"product_cat","embeddable":true,"href":"https:\/\/lherboristeriedesaintpantaleon.com\/index.php\/wp-json\/wp\/v2\/product_cat?post=1115"},{"taxonomy":"product_tag","embeddable":true,"href":"https:\/\/lherboristeriedesaintpantaleon.com\/index.php\/wp-json\/wp\/v2\/product_tag?post=1115"}],"curies":[{"name":"wp","href":"https:\/\/api.w.org\/{rel}","templated":true}]}}