{"id":4340,"date":"2020-01-12T14:01:30","date_gmt":"2020-01-12T13:01:30","guid":{"rendered":"https:\/\/lherboristeriedesaintpantaleon.com\/?post_type=product&#038;p=4340"},"modified":"2026-01-23T19:23:00","modified_gmt":"2026-01-23T18:23:00","slug":"compose-floral-bien-etre","status":"publish","type":"product","link":"https:\/\/lherboristeriedesaintpantaleon.com\/index.php\/produit\/compose-floral-bien-etre\/","title":{"rendered":"Compos\u00e9 Floral &#8220;Bien-\u00eatre&#8221;"},"content":{"rendered":"<p><span style=\"color: #008000;\"><strong>Compos\u00e9 Floral &#8220;Bien-\u00eatre &#8220;<\/strong> <\/span>est une synergie de 4 hydrolats .<\/p>\n<p>Conditionnement:\u00a0<span style=\"color: #008000;\"><strong>Flacon de\u00a0<\/strong><\/span><strong><span style=\"color: #008000;\">100ml<\/span>,\u00a0<\/strong><\/p>\n<ul>\n<li><span style=\"color: #008000;\"><strong>Sur notre corps physique:<\/strong>\u00a0<\/span>\u00a0<em>C\u2019est\u00a0\u00a0<\/em><em>le compagnon id\u00e9al de la d\u00e9tente, favorise l\u2019endormissement et la qualit\u00e9 de sommeil.\u00a0<\/em><\/li>\n<li><span style=\"color: #008000;\"><strong>Sur notre psychisme:<\/strong><\/span> Permet de calmer le bavardage mental\u00a0 incessant\u00a0 (petit v\u00e9lo dans la t\u00eate).<\/li>\n<li><span style=\"color: #008000;\"><strong>Utilisation<\/strong><strong>:<\/strong><\/span>\u00a0 \u00a01 cuill\u00e8re \u00e0 caf\u00e9 pur ou\u00a0 dans un petit verre d&#8217;eau le soir une 1\/2h avant le coucher\u00a0 ou 2 fois par jour une cuill\u00e8re \u00e0 caf\u00e9\u00a0 pur ou dans un petit verre d&#8217;eau le matin \u00e0 jeun et une le soir avant le coucher<\/li>\n<\/ul>\n<p><span style=\"color: #008000;\"><strong>Composition<\/strong>:\u00a0<\/span> Hydrolats de m\u00e9lisse, camomille sauvage, verveine citronn\u00e9e, menthe verte.<\/p>\n","protected":false},"excerpt":{"rendered":"<p>Compos\u00e9 Floral &#8220;Bien-\u00eatre &#8220; est une synergie de 4 hydrolats . Conditionnement:\u00a0Flacon de\u00a0100ml,\u00a0 Sur notre corps physique:\u00a0\u00a0C\u2019est\u00a0\u00a0le compagnon id\u00e9al de [&hellip;]<\/p>\n","protected":false},"featured_media":7,"comment_status":"open","ping_status":"closed","template":"","meta":[],"product_brand":[],"product_cat":[37],"product_tag":[],"class_list":{"0":"post-4340","1":"product","2":"type-product","3":"status-publish","4":"has-post-thumbnail","6":"product_cat-compose-floral","8":"first","9":"instock","10":"shipping-taxable","11":"purchasable","12":"product-type-simple"},"aioseo_notices":[],"_links":{"self":[{"href":"https:\/\/lherboristeriedesaintpantaleon.com\/index.php\/wp-json\/wp\/v2\/product\/4340","targetHints":{"allow":["GET"]}}],"collection":[{"href":"https:\/\/lherboristeriedesaintpantaleon.com\/index.php\/wp-json\/wp\/v2\/product"}],"about":[{"href":"https:\/\/lherboristeriedesaintpantaleon.com\/index.php\/wp-json\/wp\/v2\/types\/product"}],"replies":[{"embeddable":true,"href":"https:\/\/lherboristeriedesaintpantaleon.com\/index.php\/wp-json\/wp\/v2\/comments?post=4340"}],"wp:featuredmedia":[{"embeddable":true,"href":"https:\/\/lherboristeriedesaintpantaleon.com\/index.php\/wp-json\/wp\/v2\/media\/7"}],"wp:attachment":[{"href":"https:\/\/lherboristeriedesaintpantaleon.com\/index.php\/wp-json\/wp\/v2\/media?parent=4340"}],"wp:term":[{"taxonomy":"product_brand","embeddable":true,"href":"https:\/\/lherboristeriedesaintpantaleon.com\/index.php\/wp-json\/wp\/v2\/product_brand?post=4340"},{"taxonomy":"product_cat","embeddable":true,"href":"https:\/\/lherboristeriedesaintpantaleon.com\/index.php\/wp-json\/wp\/v2\/product_cat?post=4340"},{"taxonomy":"product_tag","embeddable":true,"href":"https:\/\/lherboristeriedesaintpantaleon.com\/index.php\/wp-json\/wp\/v2\/product_tag?post=4340"}],"curies":[{"name":"wp","href":"https:\/\/api.w.org\/{rel}","templated":true}]}}