{"id":4344,"date":"2020-01-12T15:04:31","date_gmt":"2020-01-12T14:04:31","guid":{"rendered":"https:\/\/lherboristeriedesaintpantaleon.com\/?post_type=product&#038;p=4344"},"modified":"2026-01-23T19:22:43","modified_gmt":"2026-01-23T18:22:43","slug":"compose-floral-detente","status":"publish","type":"product","link":"https:\/\/lherboristeriedesaintpantaleon.com\/index.php\/produit\/compose-floral-detente\/","title":{"rendered":"Compos\u00e9 Floral  &#8220;D\u00e9tente&#8221;"},"content":{"rendered":"<p><span style=\"color: #008000;\"><strong>Compos\u00e9 Floral &#8220;D\u00e9tente &#8220;<\/strong> <\/span>est une synergie de 5 hydrolats .<\/p>\n<p>Conditionnement:\u00a0<span style=\"color: #008000;\"><strong>Flacon de\u00a0<\/strong><\/span><strong><span style=\"color: #008000;\">100ml<\/span>,\u00a0<\/strong><\/p>\n<ul>\n<li><span style=\"color: #008000;\"><strong>Sur notre corps physique:<\/strong>\u00a0<\/span>\u00a0<em>C\u2019est\u00a0\u00a0<\/em><em>le compagnon id\u00e9al des personnes tr\u00e8s stress\u00e9es,\u00a0\u00a0<\/em><\/li>\n<li><span style=\"color: #008000;\"><strong>Sur notre psychisme:<\/strong><\/span> Permet de dissoudre les tensions nerveuses profondes, calme les p\u00e9riodes de turbulences et de remises en question. renforce la confiance en soi, permet d&#8217;aller de l&#8217;avant, de se projeter dans un avenir serein &#8230;<\/li>\n<li><span style=\"color: #008000;\"><strong>Utilisation<\/strong><strong>:<\/strong><\/span>\u00a0 \u00a01 cuill\u00e8re \u00e0 caf\u00e9 pur ou\u00a0 dans un petit verre d&#8217;eau\u00a0 le matin \u00e0 jeun et ou une cuill\u00e8re \u00e0 caf\u00e9 le soir avant le coucher.<\/li>\n<\/ul>\n<p><span style=\"color: #008000;\"><strong>Composition<\/strong>:\u00a0<\/span> Hydrolats de camomille sauvage, m\u00e9lisse, millepertuis, lavande, lavandin.<\/p>\n","protected":false},"excerpt":{"rendered":"<p>Compos\u00e9 Floral &#8220;D\u00e9tente &#8220; est une synergie de 5 hydrolats . Conditionnement:\u00a0Flacon de\u00a0100ml,\u00a0 Sur notre corps physique:\u00a0\u00a0C\u2019est\u00a0\u00a0le compagnon id\u00e9al des [&hellip;]<\/p>\n","protected":false},"featured_media":5571,"comment_status":"open","ping_status":"closed","template":"","meta":[],"product_brand":[],"product_cat":[37],"product_tag":[],"class_list":{"0":"post-4344","1":"product","2":"type-product","3":"status-publish","4":"has-post-thumbnail","6":"product_cat-compose-floral","8":"first","9":"outofstock","10":"shipping-taxable","11":"purchasable","12":"product-type-simple"},"aioseo_notices":[],"_links":{"self":[{"href":"https:\/\/lherboristeriedesaintpantaleon.com\/index.php\/wp-json\/wp\/v2\/product\/4344","targetHints":{"allow":["GET"]}}],"collection":[{"href":"https:\/\/lherboristeriedesaintpantaleon.com\/index.php\/wp-json\/wp\/v2\/product"}],"about":[{"href":"https:\/\/lherboristeriedesaintpantaleon.com\/index.php\/wp-json\/wp\/v2\/types\/product"}],"replies":[{"embeddable":true,"href":"https:\/\/lherboristeriedesaintpantaleon.com\/index.php\/wp-json\/wp\/v2\/comments?post=4344"}],"wp:featuredmedia":[{"embeddable":true,"href":"https:\/\/lherboristeriedesaintpantaleon.com\/index.php\/wp-json\/wp\/v2\/media\/5571"}],"wp:attachment":[{"href":"https:\/\/lherboristeriedesaintpantaleon.com\/index.php\/wp-json\/wp\/v2\/media?parent=4344"}],"wp:term":[{"taxonomy":"product_brand","embeddable":true,"href":"https:\/\/lherboristeriedesaintpantaleon.com\/index.php\/wp-json\/wp\/v2\/product_brand?post=4344"},{"taxonomy":"product_cat","embeddable":true,"href":"https:\/\/lherboristeriedesaintpantaleon.com\/index.php\/wp-json\/wp\/v2\/product_cat?post=4344"},{"taxonomy":"product_tag","embeddable":true,"href":"https:\/\/lherboristeriedesaintpantaleon.com\/index.php\/wp-json\/wp\/v2\/product_tag?post=4344"}],"curies":[{"name":"wp","href":"https:\/\/api.w.org\/{rel}","templated":true}]}}