{"id":4350,"date":"2020-01-12T15:23:45","date_gmt":"2020-01-12T14:23:45","guid":{"rendered":"https:\/\/lherboristeriedesaintpantaleon.com\/?post_type=product&#038;p=4350"},"modified":"2022-11-10T14:31:52","modified_gmt":"2022-11-10T13:31:52","slug":"compose-floral-energie-plus","status":"publish","type":"product","link":"https:\/\/lherboristeriedesaintpantaleon.com\/index.php\/produit\/compose-floral-energie-plus\/","title":{"rendered":"Compos\u00e9 Floral  &#8220;Energie Plus&#8221;"},"content":{"rendered":"<p><span style=\"color: #008000;\"><strong>Compos\u00e9 Floral &#8220;Energie plus &#8220;<\/strong> <\/span>est une synergie de 4 hydrolats .<\/p>\n<p>Conditionnement:\u00a0<span style=\"color: #008000;\"><strong>Flacon de\u00a0<\/strong><\/span><strong><span style=\"color: #008000;\">100ml<\/span>,\u00a0<\/strong><\/p>\n<ul>\n<li><span style=\"color: #008000;\"><strong>Sur notre corps physique:<\/strong>\u00a0<\/span> <em>Permet de retrouver l&#8217;\u00e9nergie en cas de fatigue, remonte l&#8217;immunit\u00e9.\u00a0\u00a0<\/em><\/li>\n<li><span style=\"color: #008000;\"><strong>Sur notre psychisme:<\/strong><\/span> Permet de retrouver une joie de vivre&#8230;<\/li>\n<li><span style=\"color: #008000;\"><strong>Utilisation<\/strong><strong>:<\/strong><\/span>\u00a0 \u00a01 cuill\u00e8re \u00e0 caf\u00e9 pur ou\u00a0 dans un petit verre d&#8217;eau\u00a0 le matin \u00e0 jeun et ou une cuill\u00e8re \u00e0 caf\u00e9 le soir avant le coucher.<\/li>\n<li><span style=\"color: #008000;\"><strong>Conseil:\u00a0<\/strong><\/span><\/li>\n<li><span style=\"color: #008000;\"><span style=\"color: #333333;\">En pr\u00e9ventif lors du changement de saison <\/span><span style=\"color: #333333;\">en automne.<\/span><\/span><\/li>\n<li>Apr\u00e8s un affaiblissement, une grosse fatigue&#8230;<\/li>\n<\/ul>\n<p><span style=\"color: #008000;\"><strong>Composition<\/strong>:\u00a0<\/span> Hydrolats de lavandin, millepertuis, ortie, thym.<\/p>\n","protected":false},"excerpt":{"rendered":"<p>Compos\u00e9 Floral &#8220;Energie plus &#8220; est une synergie de 4 hydrolats . Conditionnement:\u00a0Flacon de\u00a0100ml,\u00a0 Sur notre corps physique:\u00a0 Permet de [&hellip;]<\/p>\n","protected":false},"featured_media":5570,"comment_status":"open","ping_status":"closed","template":"","meta":[],"product_brand":[],"product_cat":[37],"product_tag":[],"class_list":{"0":"post-4350","1":"product","2":"type-product","3":"status-publish","4":"has-post-thumbnail","6":"product_cat-compose-floral","8":"first","9":"outofstock","10":"shipping-taxable","11":"purchasable","12":"product-type-simple"},"aioseo_notices":[],"_links":{"self":[{"href":"https:\/\/lherboristeriedesaintpantaleon.com\/index.php\/wp-json\/wp\/v2\/product\/4350","targetHints":{"allow":["GET"]}}],"collection":[{"href":"https:\/\/lherboristeriedesaintpantaleon.com\/index.php\/wp-json\/wp\/v2\/product"}],"about":[{"href":"https:\/\/lherboristeriedesaintpantaleon.com\/index.php\/wp-json\/wp\/v2\/types\/product"}],"replies":[{"embeddable":true,"href":"https:\/\/lherboristeriedesaintpantaleon.com\/index.php\/wp-json\/wp\/v2\/comments?post=4350"}],"wp:featuredmedia":[{"embeddable":true,"href":"https:\/\/lherboristeriedesaintpantaleon.com\/index.php\/wp-json\/wp\/v2\/media\/5570"}],"wp:attachment":[{"href":"https:\/\/lherboristeriedesaintpantaleon.com\/index.php\/wp-json\/wp\/v2\/media?parent=4350"}],"wp:term":[{"taxonomy":"product_brand","embeddable":true,"href":"https:\/\/lherboristeriedesaintpantaleon.com\/index.php\/wp-json\/wp\/v2\/product_brand?post=4350"},{"taxonomy":"product_cat","embeddable":true,"href":"https:\/\/lherboristeriedesaintpantaleon.com\/index.php\/wp-json\/wp\/v2\/product_cat?post=4350"},{"taxonomy":"product_tag","embeddable":true,"href":"https:\/\/lherboristeriedesaintpantaleon.com\/index.php\/wp-json\/wp\/v2\/product_tag?post=4350"}],"curies":[{"name":"wp","href":"https:\/\/api.w.org\/{rel}","templated":true}]}}