{"id":4352,"date":"2020-01-12T15:44:42","date_gmt":"2020-01-12T14:44:42","guid":{"rendered":"https:\/\/lherboristeriedesaintpantaleon.com\/?post_type=product&#038;p=4352"},"modified":"2024-02-12T11:16:25","modified_gmt":"2024-02-12T10:16:25","slug":"compose-floral-lair-j","status":"publish","type":"product","link":"https:\/\/lherboristeriedesaintpantaleon.com\/index.php\/produit\/compose-floral-lair-j\/","title":{"rendered":"Compos\u00e9 Floral  &#8220;L&#8217;air J&#8230;&#8221;"},"content":{"rendered":"<p><span style=\"color: #008000;\"><strong>Compos\u00e9 Floral &#8220;L&#8217;Air J&#8230; &#8220;<\/strong> <\/span>est une synergie de 3 hydrolats .<\/p>\n<p>Conditionnement:\u00a0<span style=\"color: #008000;\"><strong>Flacon de\u00a0<\/strong><\/span><strong><span style=\"color: #008000;\">100ml<\/span>,\u00a0<\/strong><\/p>\n<ul>\n<li><span style=\"color: #008000;\"><strong>Sur notre corps physique:<\/strong>\u00a0<\/span>\u00a0<em>C\u2019est\u00a0\u00a0<\/em><em>le compagnon id\u00e9al lors des allergies saisonni\u00e8res.<\/em><\/li>\n<li><span style=\"color: #008000;\"><strong>Utilisation<\/strong><strong>:<\/strong><\/span><\/li>\n<li>En pr\u00e9vention: 1 cuill\u00e8re \u00e0 caf\u00e9 pur ou\u00a0 dans un petit verre d&#8217;eau\u00a0 le matin \u00e0 jeun. faire une cure de 3 semaines, une pause d&#8217;une semaine, recommencer ainsi 3 fois.<\/li>\n<li>lors de la saison pollinique, 1 cuill\u00e8re \u00e0 caf\u00e9 pur ou\u00a0 dans un petit verre d&#8217;eau lorsque le besoin se fait ressentir<\/li>\n<\/ul>\n<p><span style=\"color: #008000;\"><strong>Composition<\/strong>:\u00a0<\/span> Hydrolats d&#8217;absinthe, gingembre, plantain.<\/p>\n","protected":false},"excerpt":{"rendered":"<p>Compos\u00e9 Floral &#8220;L&#8217;Air J&#8230; &#8220; est une synergie de 3 hydrolats . Conditionnement:\u00a0Flacon de\u00a0100ml,\u00a0 Sur notre corps physique:\u00a0\u00a0C\u2019est\u00a0\u00a0le compagnon id\u00e9al [&hellip;]<\/p>\n","protected":false},"featured_media":5569,"comment_status":"open","ping_status":"closed","template":"","meta":[],"product_brand":[],"product_cat":[37],"product_tag":[],"class_list":{"0":"post-4352","1":"product","2":"type-product","3":"status-publish","4":"has-post-thumbnail","6":"product_cat-compose-floral","8":"first","9":"instock","10":"shipping-taxable","11":"purchasable","12":"product-type-simple"},"aioseo_notices":[],"_links":{"self":[{"href":"https:\/\/lherboristeriedesaintpantaleon.com\/index.php\/wp-json\/wp\/v2\/product\/4352","targetHints":{"allow":["GET"]}}],"collection":[{"href":"https:\/\/lherboristeriedesaintpantaleon.com\/index.php\/wp-json\/wp\/v2\/product"}],"about":[{"href":"https:\/\/lherboristeriedesaintpantaleon.com\/index.php\/wp-json\/wp\/v2\/types\/product"}],"replies":[{"embeddable":true,"href":"https:\/\/lherboristeriedesaintpantaleon.com\/index.php\/wp-json\/wp\/v2\/comments?post=4352"}],"wp:featuredmedia":[{"embeddable":true,"href":"https:\/\/lherboristeriedesaintpantaleon.com\/index.php\/wp-json\/wp\/v2\/media\/5569"}],"wp:attachment":[{"href":"https:\/\/lherboristeriedesaintpantaleon.com\/index.php\/wp-json\/wp\/v2\/media?parent=4352"}],"wp:term":[{"taxonomy":"product_brand","embeddable":true,"href":"https:\/\/lherboristeriedesaintpantaleon.com\/index.php\/wp-json\/wp\/v2\/product_brand?post=4352"},{"taxonomy":"product_cat","embeddable":true,"href":"https:\/\/lherboristeriedesaintpantaleon.com\/index.php\/wp-json\/wp\/v2\/product_cat?post=4352"},{"taxonomy":"product_tag","embeddable":true,"href":"https:\/\/lherboristeriedesaintpantaleon.com\/index.php\/wp-json\/wp\/v2\/product_tag?post=4352"}],"curies":[{"name":"wp","href":"https:\/\/api.w.org\/{rel}","templated":true}]}}