{"id":4357,"date":"2020-01-12T16:34:21","date_gmt":"2020-01-12T15:34:21","guid":{"rendered":"https:\/\/lherboristeriedesaintpantaleon.com\/?post_type=product&#038;p=4357"},"modified":"2026-01-23T19:22:27","modified_gmt":"2026-01-23T18:22:27","slug":"douceur-florale-composee-propolis","status":"publish","type":"product","link":"https:\/\/lherboristeriedesaintpantaleon.com\/index.php\/produit\/douceur-florale-composee-propolis\/","title":{"rendered":"Douceur florale compos\u00e9e &#8220;propolis&#8221;"},"content":{"rendered":"<p><span style=\"color: #008000;\"><strong>Douceur\u00a0 Florale <\/strong><\/span><strong style=\"color: #008000;\">compos\u00e9e<\/strong><span style=\"color: #008000;\"><strong>\u00a0&#8220;Propolis &#8220;<\/strong> <\/span>est \u00a0une pr\u00e9paration sirupeuse compos\u00e9e d&#8217;une synergie de 2 hydrolats et Teinture M\u00e8re de propolis .<\/p>\n<p>Conditionnement:\u00a0<span style=\"color: #008000;\"><strong>Flacon <\/strong><\/span><span style=\"color: #008000;\"><strong>de\u00a0<\/strong><\/span><strong><span style=\"color: #008000;\">100ml <\/span>,\u00a0<\/strong><\/p>\n<ul>\n<li><span style=\"color: #008000;\"><strong>Sur notre corps physique:<\/strong>\u00a0<\/span>\u00a0<em>C\u2019est\u00a0\u00a0<\/em><em>le compagnon id\u00e9al pour la sph\u00e8re ORL.<\/em><\/li>\n<li><span style=\"color: #008000;\"><strong>Utilisation<\/strong><strong>:<\/strong><\/span><\/li>\n<li>En pr\u00e9vention avant les maux de l&#8217;hiver: 1 cuill\u00e8re \u00e0 caf\u00e9 du compos\u00e9 floral &#8220;Propolis&#8221; le matin \u00e0 jeun. Faire une cure de 3 semaines, une pause d&#8217;une semaine, recommencer ainsi 3 fois.<\/li>\n<li>lorsque la gorge fait mal, nez qui coule&#8230;, 1 cuill\u00e8re \u00e0 caf\u00e9 lorsque le besoin se fait ressentir.<\/li>\n<\/ul>\n<p><span style=\"color: #008000;\"><strong>Composition<\/strong>:\u00a0<\/span> Hydrolats de laurier noble, thym et TM de propolis, sucre, glucose, acide citrique.<\/p>\n","protected":false},"excerpt":{"rendered":"<p>Douceur\u00a0 Florale compos\u00e9e\u00a0&#8220;Propolis &#8220; est \u00a0une pr\u00e9paration sirupeuse compos\u00e9e d&#8217;une synergie de 2 hydrolats et Teinture M\u00e8re de propolis . [&hellip;]<\/p>\n","protected":false},"featured_media":5572,"comment_status":"open","ping_status":"closed","template":"","meta":[],"product_brand":[],"product_cat":[36],"product_tag":[],"class_list":{"0":"post-4357","1":"product","2":"type-product","3":"status-publish","4":"has-post-thumbnail","6":"product_cat-douceur-florale-composee","8":"first","9":"instock","10":"shipping-taxable","11":"purchasable","12":"product-type-simple"},"aioseo_notices":[],"_links":{"self":[{"href":"https:\/\/lherboristeriedesaintpantaleon.com\/index.php\/wp-json\/wp\/v2\/product\/4357","targetHints":{"allow":["GET"]}}],"collection":[{"href":"https:\/\/lherboristeriedesaintpantaleon.com\/index.php\/wp-json\/wp\/v2\/product"}],"about":[{"href":"https:\/\/lherboristeriedesaintpantaleon.com\/index.php\/wp-json\/wp\/v2\/types\/product"}],"replies":[{"embeddable":true,"href":"https:\/\/lherboristeriedesaintpantaleon.com\/index.php\/wp-json\/wp\/v2\/comments?post=4357"}],"wp:featuredmedia":[{"embeddable":true,"href":"https:\/\/lherboristeriedesaintpantaleon.com\/index.php\/wp-json\/wp\/v2\/media\/5572"}],"wp:attachment":[{"href":"https:\/\/lherboristeriedesaintpantaleon.com\/index.php\/wp-json\/wp\/v2\/media?parent=4357"}],"wp:term":[{"taxonomy":"product_brand","embeddable":true,"href":"https:\/\/lherboristeriedesaintpantaleon.com\/index.php\/wp-json\/wp\/v2\/product_brand?post=4357"},{"taxonomy":"product_cat","embeddable":true,"href":"https:\/\/lherboristeriedesaintpantaleon.com\/index.php\/wp-json\/wp\/v2\/product_cat?post=4357"},{"taxonomy":"product_tag","embeddable":true,"href":"https:\/\/lherboristeriedesaintpantaleon.com\/index.php\/wp-json\/wp\/v2\/product_tag?post=4357"}],"curies":[{"name":"wp","href":"https:\/\/api.w.org\/{rel}","templated":true}]}}