{"id":4363,"date":"2020-01-12T17:18:06","date_gmt":"2020-01-12T16:18:06","guid":{"rendered":"https:\/\/lherboristeriedesaintpantaleon.com\/?post_type=product&#038;p=4363"},"modified":"2023-01-19T15:02:07","modified_gmt":"2023-01-19T14:02:07","slug":"douceur-florale-composee-energie-plus","status":"publish","type":"product","link":"https:\/\/lherboristeriedesaintpantaleon.com\/index.php\/produit\/douceur-florale-composee-energie-plus\/","title":{"rendered":"Douceur Florale Compos\u00e9e &#8221; Energie Plus&#8221;"},"content":{"rendered":"<p><span style=\"color: #008000;\"><strong>Douceur\u00a0 Florale\u00a0<\/strong><strong>compos\u00e9e<\/strong><strong> \u201cEnergie plus&#8221;<\/strong><\/span> est \u00a0une pr\u00e9paration sirupeuse compos\u00e9e d\u2019une synergie de 4 hydrolats.<\/p>\n<p>Conditionnement:\u00a0<span style=\"color: #008000;\"><strong>Flacon de\u00a0<\/strong><strong>100ml,\u00a0<\/strong><\/span><\/p>\n<ul>\n<li><span style=\"color: #008000;\"><strong>Sur notre corps physique:<\/strong><\/span>\u00a0\u00a0<em>Permet de retrouver l\u2019\u00e9nergie en cas de fatigue, remonte l\u2019immunit\u00e9.\u00a0\u00a0<\/em><\/li>\n<li><span style=\"color: #008000;\"><strong>Sur notre psychisme:<\/strong><\/span>\u00a0Permet de retrouver une joie de vivre\u2026<\/li>\n<li><span style=\"color: #008000;\"><strong>Utilisation<\/strong><strong>:<\/strong>\u00a0<\/span> \u00a01 cuill\u00e8re \u00e0 caf\u00e9 le matin \u00e0 jeun et ou une cuill\u00e8re \u00e0 caf\u00e9 le soir avant le coucher.<\/li>\n<li><span style=\"color: #008000;\"><strong>Conseil:\u00a0<\/strong><\/span><\/li>\n<li>En pr\u00e9ventif lors du changement de saison\u00a0en automne.<\/li>\n<li>Apr\u00e8s un affaiblissement, une grosse fatigue\u2026<\/li>\n<\/ul>\n<p><span style=\"color: #008000;\"><strong>Composition<\/strong>:\u00a0<\/span>\u00a0Hydrolats de lavandin, millepertuis, ortie, thym, sucre, glucose, acide citrique.<\/p>\n","protected":false},"excerpt":{"rendered":"<p>Douceur\u00a0 Florale\u00a0compos\u00e9e \u201cEnergie plus&#8221; est \u00a0une pr\u00e9paration sirupeuse compos\u00e9e d\u2019une synergie de 4 hydrolats. Conditionnement:\u00a0Flacon de\u00a0100ml,\u00a0 Sur notre corps physique:\u00a0\u00a0Permet [&hellip;]<\/p>\n","protected":false},"featured_media":5574,"comment_status":"open","ping_status":"closed","template":"","meta":[],"product_brand":[],"product_cat":[36],"product_tag":[],"class_list":{"0":"post-4363","1":"product","2":"type-product","3":"status-publish","4":"has-post-thumbnail","6":"product_cat-douceur-florale-composee","8":"first","9":"outofstock","10":"shipping-taxable","11":"purchasable","12":"product-type-simple"},"aioseo_notices":[],"_links":{"self":[{"href":"https:\/\/lherboristeriedesaintpantaleon.com\/index.php\/wp-json\/wp\/v2\/product\/4363","targetHints":{"allow":["GET"]}}],"collection":[{"href":"https:\/\/lherboristeriedesaintpantaleon.com\/index.php\/wp-json\/wp\/v2\/product"}],"about":[{"href":"https:\/\/lherboristeriedesaintpantaleon.com\/index.php\/wp-json\/wp\/v2\/types\/product"}],"replies":[{"embeddable":true,"href":"https:\/\/lherboristeriedesaintpantaleon.com\/index.php\/wp-json\/wp\/v2\/comments?post=4363"}],"wp:featuredmedia":[{"embeddable":true,"href":"https:\/\/lherboristeriedesaintpantaleon.com\/index.php\/wp-json\/wp\/v2\/media\/5574"}],"wp:attachment":[{"href":"https:\/\/lherboristeriedesaintpantaleon.com\/index.php\/wp-json\/wp\/v2\/media?parent=4363"}],"wp:term":[{"taxonomy":"product_brand","embeddable":true,"href":"https:\/\/lherboristeriedesaintpantaleon.com\/index.php\/wp-json\/wp\/v2\/product_brand?post=4363"},{"taxonomy":"product_cat","embeddable":true,"href":"https:\/\/lherboristeriedesaintpantaleon.com\/index.php\/wp-json\/wp\/v2\/product_cat?post=4363"},{"taxonomy":"product_tag","embeddable":true,"href":"https:\/\/lherboristeriedesaintpantaleon.com\/index.php\/wp-json\/wp\/v2\/product_tag?post=4363"}],"curies":[{"name":"wp","href":"https:\/\/api.w.org\/{rel}","templated":true}]}}