{"id":4369,"date":"2020-01-12T19:07:17","date_gmt":"2020-01-12T18:07:17","guid":{"rendered":"https:\/\/lherboristeriedesaintpantaleon.com\/?post_type=product&#038;p=4369"},"modified":"2025-03-11T11:34:31","modified_gmt":"2025-03-11T10:34:31","slug":"la-tisane-du-bonheur","status":"publish","type":"product","link":"https:\/\/lherboristeriedesaintpantaleon.com\/index.php\/produit\/la-tisane-du-bonheur\/","title":{"rendered":"La tisane du Bonheur"},"content":{"rendered":"<p><span style=\"color: #008000;\"><b>La Tisane du Bonheur<\/b><\/span><\/p>\n<p>M\u00e9lange de la plantes utilis\u00e9es: <span style=\"color: #008000;\"><strong> M\u00e9lisse <\/strong><\/span><em>Melissa officinalis, <\/em><span style=\"color: #008000;\"><strong>Cassis <\/strong><\/span><em>Ribes nigrum, <\/em><span style=\"color: #008000;\"><strong>Soucis <\/strong><\/span><em>Calendula officinalis, <\/em><span style=\"color: #008000;\"><strong>Aub\u00e9pine <\/strong><\/span><em>Crataegus monogina, <\/em><span style=\"color: #008000;\"><strong>Oranger bigaradier <\/strong><\/span><em>Aurantium bigaradier, <\/em><span style=\"color: #008000;\"><strong>Matricaire <\/strong><\/span><em>Matricaria recutita, <\/em><span style=\"color: #008000;\"><strong>Boldo <\/strong><\/span><em>Peumus boldus<\/em><span style=\"color: #008000;\"><strong><br \/>\n<\/strong><\/span><\/p>\n<p>Produit certifi\u00e9 <span style=\"color: #008000;\"><strong>AB<\/strong><\/span>,<\/p>\n<p>sachet kraft de: <span style=\"color: #008000;\"><strong>\u00a050g, 100g<\/strong><\/span><\/p>\n","protected":false},"excerpt":{"rendered":"<p>La Tisane du Bonheur M\u00e9lange de la plantes utilis\u00e9es: M\u00e9lisse Melissa officinalis, Cassis Ribes nigrum, Soucis Calendula officinalis, Aub\u00e9pine Crataegus [&hellip;]<\/p>\n","protected":false},"featured_media":6571,"comment_status":"open","ping_status":"closed","template":"","meta":[],"product_brand":[],"product_cat":[91,86],"product_tag":[],"class_list":{"0":"post-4369","1":"product","2":"type-product","3":"status-publish","4":"has-post-thumbnail","6":"product_cat-creations-passion-aromatique","7":"product_cat-tisanes","9":"first","10":"instock","11":"taxable","12":"shipping-taxable","13":"purchasable","14":"product-type-variable"},"aioseo_notices":[],"_links":{"self":[{"href":"https:\/\/lherboristeriedesaintpantaleon.com\/index.php\/wp-json\/wp\/v2\/product\/4369","targetHints":{"allow":["GET"]}}],"collection":[{"href":"https:\/\/lherboristeriedesaintpantaleon.com\/index.php\/wp-json\/wp\/v2\/product"}],"about":[{"href":"https:\/\/lherboristeriedesaintpantaleon.com\/index.php\/wp-json\/wp\/v2\/types\/product"}],"replies":[{"embeddable":true,"href":"https:\/\/lherboristeriedesaintpantaleon.com\/index.php\/wp-json\/wp\/v2\/comments?post=4369"}],"wp:featuredmedia":[{"embeddable":true,"href":"https:\/\/lherboristeriedesaintpantaleon.com\/index.php\/wp-json\/wp\/v2\/media\/6571"}],"wp:attachment":[{"href":"https:\/\/lherboristeriedesaintpantaleon.com\/index.php\/wp-json\/wp\/v2\/media?parent=4369"}],"wp:term":[{"taxonomy":"product_brand","embeddable":true,"href":"https:\/\/lherboristeriedesaintpantaleon.com\/index.php\/wp-json\/wp\/v2\/product_brand?post=4369"},{"taxonomy":"product_cat","embeddable":true,"href":"https:\/\/lherboristeriedesaintpantaleon.com\/index.php\/wp-json\/wp\/v2\/product_cat?post=4369"},{"taxonomy":"product_tag","embeddable":true,"href":"https:\/\/lherboristeriedesaintpantaleon.com\/index.php\/wp-json\/wp\/v2\/product_tag?post=4369"}],"curies":[{"name":"wp","href":"https:\/\/api.w.org\/{rel}","templated":true}]}}