{"id":4478,"date":"2020-01-18T21:18:21","date_gmt":"2020-01-18T20:18:21","guid":{"rendered":"https:\/\/lherboristeriedesaintpantaleon.com\/?post_type=product&#038;p=4478"},"modified":"2025-01-25T09:49:02","modified_gmt":"2025-01-25T08:49:02","slug":"douceur-florale-thym","status":"publish","type":"product","link":"https:\/\/lherboristeriedesaintpantaleon.com\/index.php\/produit\/douceur-florale-thym\/","title":{"rendered":"Douceur Florale &#8221; Thym&#8221;"},"content":{"rendered":"<p>&nbsp;<\/p>\n<p><span style=\"color: #008000;\"><strong>Douceur Florale \u201cThym\u201d<\/strong>\u00a0<\/span>est une pr\u00e9paration sirupeuse d\u2019hydrolat de Thym.<\/p>\n<ul>\n<li><strong><span style=\"color: #008000;\">Sur notre corps physique:<\/span>\u00a0<\/strong>C\u2019est<em> l\u2019amie\u00a0 de notre syst\u00e8me respiratoire <\/em>(pour plus d&#8217;info,voir hydrolat de thym),<\/li>\n<li><strong><span style=\"color: #008000;\">Sur notre psychisme:<\/span><\/strong> <em>Sur le plan \u00e9motionnel:\u00a0<\/em>Aide les personnes\u00a0 \u201d \u00e9ponges\u201d qui absorbent les virus collectifs, les \u00e9motions d\u2019autrui\u2026 \u00e0 prendre du recul, en purifiant et cr\u00e9ant une zone de protection au niveau du c\u0153ur et du thymus. (<em>Extrait \u201cl\u2019hydrolath\u00e9rapie\u201d Lydia Bosson).<\/em><\/li>\n<\/ul>\n","protected":false},"excerpt":{"rendered":"<p>&nbsp; Douceur Florale \u201cThym\u201d\u00a0est une pr\u00e9paration sirupeuse d\u2019hydrolat de Thym. Sur notre corps physique:\u00a0C\u2019est l\u2019amie\u00a0 de notre syst\u00e8me respiratoire (pour [&hellip;]<\/p>\n","protected":false},"featured_media":5577,"comment_status":"open","ping_status":"closed","template":"","meta":[],"product_brand":[],"product_cat":[35],"product_tag":[],"class_list":{"0":"post-4478","1":"product","2":"type-product","3":"status-publish","4":"has-post-thumbnail","6":"product_cat-douceur-florale","8":"first","9":"instock","10":"shipping-taxable","11":"purchasable","12":"product-type-simple"},"aioseo_notices":[],"_links":{"self":[{"href":"https:\/\/lherboristeriedesaintpantaleon.com\/index.php\/wp-json\/wp\/v2\/product\/4478","targetHints":{"allow":["GET"]}}],"collection":[{"href":"https:\/\/lherboristeriedesaintpantaleon.com\/index.php\/wp-json\/wp\/v2\/product"}],"about":[{"href":"https:\/\/lherboristeriedesaintpantaleon.com\/index.php\/wp-json\/wp\/v2\/types\/product"}],"replies":[{"embeddable":true,"href":"https:\/\/lherboristeriedesaintpantaleon.com\/index.php\/wp-json\/wp\/v2\/comments?post=4478"}],"wp:featuredmedia":[{"embeddable":true,"href":"https:\/\/lherboristeriedesaintpantaleon.com\/index.php\/wp-json\/wp\/v2\/media\/5577"}],"wp:attachment":[{"href":"https:\/\/lherboristeriedesaintpantaleon.com\/index.php\/wp-json\/wp\/v2\/media?parent=4478"}],"wp:term":[{"taxonomy":"product_brand","embeddable":true,"href":"https:\/\/lherboristeriedesaintpantaleon.com\/index.php\/wp-json\/wp\/v2\/product_brand?post=4478"},{"taxonomy":"product_cat","embeddable":true,"href":"https:\/\/lherboristeriedesaintpantaleon.com\/index.php\/wp-json\/wp\/v2\/product_cat?post=4478"},{"taxonomy":"product_tag","embeddable":true,"href":"https:\/\/lherboristeriedesaintpantaleon.com\/index.php\/wp-json\/wp\/v2\/product_tag?post=4478"}],"curies":[{"name":"wp","href":"https:\/\/api.w.org\/{rel}","templated":true}]}}