{"id":5021,"date":"2020-02-17T16:27:25","date_gmt":"2020-02-17T15:27:25","guid":{"rendered":"https:\/\/lherboristeriedesaintpantaleon.com\/?post_type=product&#038;p=5021"},"modified":"2022-03-03T17:29:55","modified_gmt":"2022-03-03T16:29:55","slug":"he-de-cannelle-feuille","status":"publish","type":"product","link":"https:\/\/lherboristeriedesaintpantaleon.com\/index.php\/produit\/he-de-cannelle-feuille\/","title":{"rendered":"HE Cannelle feuille"},"content":{"rendered":"<p><strong><span style=\"color: #008000;\">Huile essentielle de Cannelle Ceylan:\u00a0<\/span><\/strong><span style=\"color: #008000;\"><span style=\"color: #000000;\">Originaire de Ceylan, le cannelier pousse \u00e0 l&#8217;\u00e9tat sauvage au village de <span style=\"color: #008000;\"><strong>Manaraha \u00e0 Madagascar <\/strong><\/span><\/span><\/span><span style=\"color: #008000;\"><span style=\"color: #000000;\">o\u00f9 il se diss\u00e9mine naturellement gr\u00e2ce au vent et aux oiseaux.<\/span><\/span><span style=\"color: #000000;\">\u00a0<\/span><\/p>\n<p><span style=\"color: #008000;\"><span style=\"color: #000000;\">Nom botanique:<\/span><\/span><strong><span style=\"color: #008000;\"><span style=\"color: #000000;\"> <span style=\"color: #008000;\">Cinnamomum Zeylancium<\/span><\/span><\/span><\/strong><\/p>\n<p><span style=\"color: #000000;\">Hydro-distillation:<\/span><strong><span style=\"color: #000000;\">\u00a0<span style=\"color: #008000;\">Feuille<\/span><\/span><\/strong><\/p>\n<p><span style=\"color: #000000;\">Ch\u00e9motype: <strong><span style=\"color: #008000;\">Eug\u00e9nol, ac\u00e9tate d&#8217;eugenyl, ald\u00e9hyde cinnamique\u00a0\u00a0<\/span><\/strong><\/span><\/p>\n<p><span style=\"color: #000000;\">Origine<\/span> :<strong><span style=\"color: #008000;\">Madagascar<\/span><\/strong><\/p>\n<p><span style=\"color: #000000;\">\u00a0Biotope: C<strong><span style=\"color: #008000;\">ueillette manuelle,\u00a0 r\u00e9glement\u00e9e en milieu sauvage\u00a0<\/span><\/strong><\/span><\/p>\n<p><strong><span style=\"color: #008000;\">100% pure et int\u00e9grale<\/span><\/strong><\/p>\n<p><span style=\"color: #000000;\">Contenance:\u00a0<\/span> <strong><span style=\"color: #008000;\">10 ml<\/span><\/strong><\/p>\n<p>Compl\u00e9ment alimentaire pour adulte<\/p>\n<p>Pr\u00e9caution d&#8217;emploi<br \/>\nTenir hors de port\u00e9e des enfants<br \/>\nContre indiqu\u00e9 chez la femme enceinte<br \/>\nBien fermer le flacon apr\u00e8s chaque utilisation<br \/>\nConservation \u00e0 l&#8217;abri de la lumi\u00e8re et de la chaleur<br \/>\n<span style=\"color: #ff0000;\">Ne pas mettre au contact avec les yeux\u00a0<\/span><br \/>\n<span style=\"color: #ff0000;\">Ne pas appliquer pure sur la peau.<\/span><\/p>\n","protected":false},"excerpt":{"rendered":"<p><strong>Cette huile essentielle est issue d\u2019une production\u00a0\u00a0artisanale de Madagascar.<\/strong><\/p>\n","protected":false},"featured_media":5022,"comment_status":"open","ping_status":"closed","template":"","meta":[],"product_brand":[],"product_cat":[62,77],"product_tag":[],"class_list":{"0":"post-5021","1":"product","2":"type-product","3":"status-publish","4":"has-post-thumbnail","6":"product_cat-huile-essentielle","7":"product_cat-huiles-essentielles-artisanale","9":"first","10":"instock","11":"shipping-taxable","12":"purchasable","13":"product-type-simple"},"aioseo_notices":[],"_links":{"self":[{"href":"https:\/\/lherboristeriedesaintpantaleon.com\/index.php\/wp-json\/wp\/v2\/product\/5021","targetHints":{"allow":["GET"]}}],"collection":[{"href":"https:\/\/lherboristeriedesaintpantaleon.com\/index.php\/wp-json\/wp\/v2\/product"}],"about":[{"href":"https:\/\/lherboristeriedesaintpantaleon.com\/index.php\/wp-json\/wp\/v2\/types\/product"}],"replies":[{"embeddable":true,"href":"https:\/\/lherboristeriedesaintpantaleon.com\/index.php\/wp-json\/wp\/v2\/comments?post=5021"}],"wp:featuredmedia":[{"embeddable":true,"href":"https:\/\/lherboristeriedesaintpantaleon.com\/index.php\/wp-json\/wp\/v2\/media\/5022"}],"wp:attachment":[{"href":"https:\/\/lherboristeriedesaintpantaleon.com\/index.php\/wp-json\/wp\/v2\/media?parent=5021"}],"wp:term":[{"taxonomy":"product_brand","embeddable":true,"href":"https:\/\/lherboristeriedesaintpantaleon.com\/index.php\/wp-json\/wp\/v2\/product_brand?post=5021"},{"taxonomy":"product_cat","embeddable":true,"href":"https:\/\/lherboristeriedesaintpantaleon.com\/index.php\/wp-json\/wp\/v2\/product_cat?post=5021"},{"taxonomy":"product_tag","embeddable":true,"href":"https:\/\/lherboristeriedesaintpantaleon.com\/index.php\/wp-json\/wp\/v2\/product_tag?post=5021"}],"curies":[{"name":"wp","href":"https:\/\/api.w.org\/{rel}","templated":true}]}}