{"id":5036,"date":"2020-02-17T18:20:16","date_gmt":"2020-02-17T17:20:16","guid":{"rendered":"https:\/\/lherboristeriedesaintpantaleon.com\/?post_type=product&#038;p=5036"},"modified":"2021-08-18T15:30:43","modified_gmt":"2021-08-18T13:30:43","slug":"5036","status":"publish","type":"product","link":"https:\/\/lherboristeriedesaintpantaleon.com\/index.php\/produit\/5036\/","title":{"rendered":"HE G\u00e9ranium rosat"},"content":{"rendered":"<p><strong><span style=\"color: #008000;\">Huile essentielle de G\u00e9ranium rosat\u00a0<span style=\"color: #000000;\"> ou <span style=\"color: #008000;\">Bourbon<\/span><\/span><\/span>:<\/strong> Plante vivace de la famille des g\u00e9raniac\u00e9es acclimat\u00e9e \u00e0 Madagascar.<\/p>\n<p>Nom botanique:<span style=\"color: #008000;\"><strong> Pelargonium roseum<\/strong><\/span><\/p>\n<p>Hydro-distillation:<span style=\"color: #008000;\"><strong> Int\u00e9grale de toute la partie a\u00e9rienne.<\/strong><\/span><\/p>\n<p>Ch\u00e9motype: <strong><span style=\"color: #008000;\">\u00a0Monoterp\u00e9nols, cis-oxydes de rose. <\/span>\u00a0<\/strong><\/p>\n<p>Origine :\u00a0<span style=\"color: #008000;\"><strong>Madagascar<\/strong><\/span><\/p>\n<p>Biotope:\u00a0<span style=\"color: #008000;\"><strong>Culture biologique<\/strong><\/span><\/p>\n<p><span style=\"color: #008000;\"><strong>100% pure et int\u00e9grale<\/strong><\/span><\/p>\n<p>Contenance:\u00a0<span style=\"color: #008000;\">\u00a0<strong>5 ml<\/strong><\/span><\/p>\n<p>Compl\u00e9ment alimentaire pour adulte<\/p>\n<p><strong><span style=\"color: #008000;\">Contre- indications:<\/span>\u00a0<\/strong>femmes enceintes \u00a0et enfants de moins de 7 ans<\/p>\n<p>Bien fermer le flacon apr\u00e8s chaque utilisation<br \/>\nConservation \u00e0 l\u2019abri de la lumi\u00e8re et de la chaleur.<\/p>\n","protected":false},"excerpt":{"rendered":"<p>Huile essentielle de G\u00e9ranium rosat\u00a0 ou Bourbon: Plante vivace de la famille des g\u00e9raniac\u00e9es acclimat\u00e9e \u00e0 Madagascar. Nom botanique: Pelargonium [&hellip;]<\/p>\n","protected":false},"featured_media":5034,"comment_status":"open","ping_status":"closed","template":"","meta":[],"product_brand":[],"product_cat":[62,77],"product_tag":[],"class_list":{"0":"post-5036","1":"product","2":"type-product","3":"status-publish","4":"has-post-thumbnail","6":"product_cat-huile-essentielle","7":"product_cat-huiles-essentielles-artisanale","9":"first","10":"instock","11":"shipping-taxable","12":"purchasable","13":"product-type-simple"},"aioseo_notices":[],"_links":{"self":[{"href":"https:\/\/lherboristeriedesaintpantaleon.com\/index.php\/wp-json\/wp\/v2\/product\/5036","targetHints":{"allow":["GET"]}}],"collection":[{"href":"https:\/\/lherboristeriedesaintpantaleon.com\/index.php\/wp-json\/wp\/v2\/product"}],"about":[{"href":"https:\/\/lherboristeriedesaintpantaleon.com\/index.php\/wp-json\/wp\/v2\/types\/product"}],"replies":[{"embeddable":true,"href":"https:\/\/lherboristeriedesaintpantaleon.com\/index.php\/wp-json\/wp\/v2\/comments?post=5036"}],"wp:featuredmedia":[{"embeddable":true,"href":"https:\/\/lherboristeriedesaintpantaleon.com\/index.php\/wp-json\/wp\/v2\/media\/5034"}],"wp:attachment":[{"href":"https:\/\/lherboristeriedesaintpantaleon.com\/index.php\/wp-json\/wp\/v2\/media?parent=5036"}],"wp:term":[{"taxonomy":"product_brand","embeddable":true,"href":"https:\/\/lherboristeriedesaintpantaleon.com\/index.php\/wp-json\/wp\/v2\/product_brand?post=5036"},{"taxonomy":"product_cat","embeddable":true,"href":"https:\/\/lherboristeriedesaintpantaleon.com\/index.php\/wp-json\/wp\/v2\/product_cat?post=5036"},{"taxonomy":"product_tag","embeddable":true,"href":"https:\/\/lherboristeriedesaintpantaleon.com\/index.php\/wp-json\/wp\/v2\/product_tag?post=5036"}],"curies":[{"name":"wp","href":"https:\/\/api.w.org\/{rel}","templated":true}]}}