{"id":5561,"date":"2020-03-27T22:06:54","date_gmt":"2020-03-27T21:06:54","guid":{"rendered":"https:\/\/lherboristeriedesaintpantaleon.com\/?post_type=product&#038;p=5561"},"modified":"2020-04-21T17:08:18","modified_gmt":"2020-04-21T15:08:18","slug":"cannelle-en-poudre","status":"publish","type":"product","link":"https:\/\/lherboristeriedesaintpantaleon.com\/index.php\/produit\/cannelle-en-poudre\/","title":{"rendered":"Cannelle en poudre"},"content":{"rendered":"<p><span style=\"color: #008000;\"><strong>Cannelle<\/strong><\/span>\u00a0<em>Cinnamomum verum<\/em><\/p>\n<p>Partie de la plante utilis\u00e9e:\u00a0<strong><span style=\"color: #008000;\">\u00c9corce gratt\u00e9e<\/span>, <span style=\"color: #008000;\">en poudre.<\/span><\/strong><\/p>\n<p>Produit certifi\u00e9<strong><span style=\"color: #008000;\">\u00a0AB.<\/span><\/strong><\/p>\n<p>Sachet de\u00a0<strong><span style=\"color: #008000;\">25g, 30g, 50g, 100g, 200g<\/span><\/strong><\/p>\n","protected":false},"excerpt":{"rendered":"<p>Cannelle\u00a0Cinnamomum verum Partie de la plante utilis\u00e9e:\u00a0\u00c9corce gratt\u00e9e, en poudre. Produit certifi\u00e9\u00a0AB. Sachet de\u00a025g, 30g, 50g, 100g, 200g<\/p>\n","protected":false},"featured_media":5590,"comment_status":"open","ping_status":"closed","template":"","meta":[],"product_brand":[],"product_cat":[65,66],"product_tag":[],"class_list":{"0":"post-5561","1":"product","2":"type-product","3":"status-publish","4":"has-post-thumbnail","6":"product_cat-epices","7":"product_cat-poudre","9":"first","10":"instock","11":"shipping-taxable","12":"purchasable","13":"product-type-variable"},"aioseo_notices":[],"_links":{"self":[{"href":"https:\/\/lherboristeriedesaintpantaleon.com\/index.php\/wp-json\/wp\/v2\/product\/5561","targetHints":{"allow":["GET"]}}],"collection":[{"href":"https:\/\/lherboristeriedesaintpantaleon.com\/index.php\/wp-json\/wp\/v2\/product"}],"about":[{"href":"https:\/\/lherboristeriedesaintpantaleon.com\/index.php\/wp-json\/wp\/v2\/types\/product"}],"replies":[{"embeddable":true,"href":"https:\/\/lherboristeriedesaintpantaleon.com\/index.php\/wp-json\/wp\/v2\/comments?post=5561"}],"wp:featuredmedia":[{"embeddable":true,"href":"https:\/\/lherboristeriedesaintpantaleon.com\/index.php\/wp-json\/wp\/v2\/media\/5590"}],"wp:attachment":[{"href":"https:\/\/lherboristeriedesaintpantaleon.com\/index.php\/wp-json\/wp\/v2\/media?parent=5561"}],"wp:term":[{"taxonomy":"product_brand","embeddable":true,"href":"https:\/\/lherboristeriedesaintpantaleon.com\/index.php\/wp-json\/wp\/v2\/product_brand?post=5561"},{"taxonomy":"product_cat","embeddable":true,"href":"https:\/\/lherboristeriedesaintpantaleon.com\/index.php\/wp-json\/wp\/v2\/product_cat?post=5561"},{"taxonomy":"product_tag","embeddable":true,"href":"https:\/\/lherboristeriedesaintpantaleon.com\/index.php\/wp-json\/wp\/v2\/product_tag?post=5561"}],"curies":[{"name":"wp","href":"https:\/\/api.w.org\/{rel}","templated":true}]}}