{"id":5578,"date":"2020-03-29T19:31:59","date_gmt":"2020-03-29T17:31:59","guid":{"rendered":"https:\/\/lherboristeriedesaintpantaleon.com\/?post_type=product&#038;p=5578"},"modified":"2021-08-18T15:31:06","modified_gmt":"2021-08-18T13:31:06","slug":"douceur-florale-sarriette","status":"publish","type":"product","link":"https:\/\/lherboristeriedesaintpantaleon.com\/index.php\/produit\/douceur-florale-sarriette\/","title":{"rendered":"Douceur Florale &#8220;Sarriette&#8221;"},"content":{"rendered":"<p><span style=\"color: #008000;\"><strong>Douceur Florale \u201cSarriette\u201d<\/strong>\u00a0<\/span>est une pr\u00e9paration sirupeuse d\u2019hydrolat de Sarriette des montagnes.<\/p>\n<ul>\n<li style=\"list-style-type: none;\">\n<ul>\n<li><span style=\"color: #008000;\"><strong><em>En<\/em>\u00a0<em>interne,\u00a0<\/em><\/strong><\/span><\/li>\n<\/ul>\n<ol>\n<li><em><span style=\"color: #008000;\"><strong>Sur le plan physique:<\/strong><\/span>\u00a0<\/em>Douceur Florale<strong><span style=\"color: #008000;\"> &#8220;Sarriette&#8221;<\/span> <\/strong>\u00a0est conseill\u00e9 en pr\u00e9ventif pour les maux de l\u2019hiver, fatigue, baisse immunitaire, asth\u00e9nie, baisse de la libido, surmenage physique ou intellectuel. pour les affections mycosiques (mycoses intestinale, g\u00e9nitale et buccale), c\u2019est l\u2019ami de notre syst\u00e8me digestif lors des troubles gastriques. (<em>Extrait du \u201cdictionnaire complet des hydrolats et eaux florales\u201d Docteur Jean<\/em><em>Philippe Zahalka.)<\/em><\/li>\n<li><em><span style=\"color: #008000;\"><strong>Sur le plan \u00e9motionnel: <\/strong><\/span>Douceur Florale<strong><span style=\"color: #008000;\"> &#8220;Sarriette&#8221; <\/span><\/strong>a<\/em>ctive\u00a0 et remonte l\u2019\u00e9nergie des 3 premiers chakras, donne de l\u2019\u00e9lan et la capacit\u00e9 de prendre le taureau par les cornes. Lib\u00e8re le pass\u00e9 encombrant. Redonne la force d\u2019agir et l\u2019aptitude \u00e0 faire preuve de courage face aux al\u00e9as de la vie.\u00a0 (<em>Extrait \u201cl\u2019hydrolath\u00e9rapie\u201d Lydia Bosson).\u00a0<\/em><\/li>\n<\/ol>\n<\/li>\n<\/ul>\n","protected":false},"excerpt":{"rendered":"<p>Douceur Florale \u201cSarriette\u201d\u00a0est une pr\u00e9paration sirupeuse d\u2019hydrolat de Sarriette des montagnes. En\u00a0interne,\u00a0 Sur le plan physique:\u00a0Douceur Florale &#8220;Sarriette&#8221; \u00a0est conseill\u00e9 [&hellip;]<\/p>\n","protected":false},"featured_media":5579,"comment_status":"open","ping_status":"closed","template":"","meta":[],"product_brand":[],"product_cat":[35],"product_tag":[],"class_list":{"0":"post-5578","1":"product","2":"type-product","3":"status-publish","4":"has-post-thumbnail","6":"product_cat-douceur-florale","8":"first","9":"instock","10":"shipping-taxable","11":"purchasable","12":"product-type-simple"},"aioseo_notices":[],"_links":{"self":[{"href":"https:\/\/lherboristeriedesaintpantaleon.com\/index.php\/wp-json\/wp\/v2\/product\/5578","targetHints":{"allow":["GET"]}}],"collection":[{"href":"https:\/\/lherboristeriedesaintpantaleon.com\/index.php\/wp-json\/wp\/v2\/product"}],"about":[{"href":"https:\/\/lherboristeriedesaintpantaleon.com\/index.php\/wp-json\/wp\/v2\/types\/product"}],"replies":[{"embeddable":true,"href":"https:\/\/lherboristeriedesaintpantaleon.com\/index.php\/wp-json\/wp\/v2\/comments?post=5578"}],"wp:featuredmedia":[{"embeddable":true,"href":"https:\/\/lherboristeriedesaintpantaleon.com\/index.php\/wp-json\/wp\/v2\/media\/5579"}],"wp:attachment":[{"href":"https:\/\/lherboristeriedesaintpantaleon.com\/index.php\/wp-json\/wp\/v2\/media?parent=5578"}],"wp:term":[{"taxonomy":"product_brand","embeddable":true,"href":"https:\/\/lherboristeriedesaintpantaleon.com\/index.php\/wp-json\/wp\/v2\/product_brand?post=5578"},{"taxonomy":"product_cat","embeddable":true,"href":"https:\/\/lherboristeriedesaintpantaleon.com\/index.php\/wp-json\/wp\/v2\/product_cat?post=5578"},{"taxonomy":"product_tag","embeddable":true,"href":"https:\/\/lherboristeriedesaintpantaleon.com\/index.php\/wp-json\/wp\/v2\/product_tag?post=5578"}],"curies":[{"name":"wp","href":"https:\/\/api.w.org\/{rel}","templated":true}]}}