{"id":5678,"date":"2020-04-04T19:13:00","date_gmt":"2020-04-04T17:13:00","guid":{"rendered":"https:\/\/lherboristeriedesaintpantaleon.com\/?post_type=product&#038;p=5678"},"modified":"2026-01-23T19:22:27","modified_gmt":"2026-01-23T18:22:27","slug":"he-arbre-a-the-tea-tree","status":"publish","type":"product","link":"https:\/\/lherboristeriedesaintpantaleon.com\/index.php\/produit\/he-arbre-a-the-tea-tree\/","title":{"rendered":"HE Arbre \u00e0 th\u00e9 &#8211; Tea tree"},"content":{"rendered":"<p><strong><span style=\"color: #008000;\">Huile essentielle de l&#8217;arbre \u00e0 th\u00e9 ou Tea-tree<\/span> :<span style=\"color: #333333;\"><em> Malaleuca alternifolia<\/em><\/span><\/strong><\/p>\n<p>Distillation par entrainement \u00e0\u00a0 la vapeur : <span style=\"color: #008000;\"><strong>des feuilles<\/strong><\/span><\/p>\n<p><span style=\"color: #008000;\"><span style=\"color: #333333;\">Ch\u00e9motype<\/span>: <strong>Monoterp\u00e9nols,<\/strong>\u00a0<strong>m<\/strong><strong>onoterp\u00e8nes,\u00a0 o<\/strong><strong><span style=\"color: #008000;\">xydes<\/span> dont de l&#8217;eucalyptol, sesquiterp\u00e8nes, sesquiterp\u00e9nols<\/strong><\/span><\/p>\n<p>Origine :<span style=\"color: #008000;\"><strong> Afrique du sud<\/strong><\/span><\/p>\n<p>Biotope:\u00a0<span style=\"color: #008000;\"><strong> Sauvage<\/strong><strong>,\u00a0<\/strong><\/span>Cueillette\u00a0 manuelle et r\u00e9glement\u00e9e en milieu sauvage.<\/p>\n<p>Garantie :<span style=\"color: #008000;\"><strong>Biologique, certifi\u00e9 par Ecocert<\/strong><\/span><\/p>\n<p><span style=\"color: #008000;\"><strong>100% pure et int\u00e9grale<\/strong><\/span><\/p>\n<p>Contenance:\u00a0\u00a0<span style=\"color: #008000;\"><strong>10 ml<\/strong><\/span><\/p>\n<p><span style=\"color: #ff0000;\"><b style=\"color: #ff0000;\">Contre indication:\u00a0<\/b><span style=\"color: #008000;\"><span style=\"color: #008000;\"><b><span style=\"color: #008000;\">Toxicit\u00e9 faible, il est pr\u00e9f\u00e9rable\u00a0 de l&#8217;utiliser en <\/span><\/b><\/span><span style=\"color: #008000;\"><b>synergie<\/b><\/span><span style=\"color: #008000;\"><span style=\"color: #008000;\"><b> avec d&#8217;autres HE dans une huile v\u00e9g\u00e9tale. <span style=\"color: #ff6600;\">D\u00e9conseill\u00e9e les 3 premiers mois de la\u00a0 grossesse et lors de l&#8217;allaitement.\u00a0<\/span><\/b><\/span><\/span><\/span><\/span><\/p>\n<p>Bien fermer le flacon apr\u00e8s chaque utilisation<br \/>\nConservation \u00e0 l\u2019abri de la lumi\u00e8re et de la chaleur.<\/p>\n","protected":false},"excerpt":{"rendered":"<p>Huile essentielle de l&#8217;arbre \u00e0 th\u00e9 ou Tea-tree : Malaleuca alternifolia Distillation par entrainement \u00e0\u00a0 la vapeur : des feuilles [&hellip;]<\/p>\n","protected":false},"featured_media":5679,"comment_status":"open","ping_status":"closed","template":"","meta":[],"product_brand":[],"product_cat":[62],"product_tag":[],"class_list":{"0":"post-5678","1":"product","2":"type-product","3":"status-publish","4":"has-post-thumbnail","6":"product_cat-huile-essentielle","8":"first","9":"instock","10":"shipping-taxable","11":"purchasable","12":"product-type-simple"},"aioseo_notices":[],"_links":{"self":[{"href":"https:\/\/lherboristeriedesaintpantaleon.com\/index.php\/wp-json\/wp\/v2\/product\/5678","targetHints":{"allow":["GET"]}}],"collection":[{"href":"https:\/\/lherboristeriedesaintpantaleon.com\/index.php\/wp-json\/wp\/v2\/product"}],"about":[{"href":"https:\/\/lherboristeriedesaintpantaleon.com\/index.php\/wp-json\/wp\/v2\/types\/product"}],"replies":[{"embeddable":true,"href":"https:\/\/lherboristeriedesaintpantaleon.com\/index.php\/wp-json\/wp\/v2\/comments?post=5678"}],"wp:featuredmedia":[{"embeddable":true,"href":"https:\/\/lherboristeriedesaintpantaleon.com\/index.php\/wp-json\/wp\/v2\/media\/5679"}],"wp:attachment":[{"href":"https:\/\/lherboristeriedesaintpantaleon.com\/index.php\/wp-json\/wp\/v2\/media?parent=5678"}],"wp:term":[{"taxonomy":"product_brand","embeddable":true,"href":"https:\/\/lherboristeriedesaintpantaleon.com\/index.php\/wp-json\/wp\/v2\/product_brand?post=5678"},{"taxonomy":"product_cat","embeddable":true,"href":"https:\/\/lherboristeriedesaintpantaleon.com\/index.php\/wp-json\/wp\/v2\/product_cat?post=5678"},{"taxonomy":"product_tag","embeddable":true,"href":"https:\/\/lherboristeriedesaintpantaleon.com\/index.php\/wp-json\/wp\/v2\/product_tag?post=5678"}],"curies":[{"name":"wp","href":"https:\/\/api.w.org\/{rel}","templated":true}]}}