{"id":5684,"date":"2020-04-05T16:19:50","date_gmt":"2020-04-05T14:19:50","guid":{"rendered":"https:\/\/lherboristeriedesaintpantaleon.com\/?post_type=product&#038;p=5684"},"modified":"2026-01-23T19:22:09","modified_gmt":"2026-01-23T18:22:09","slug":"eucalyptus-globulus","status":"publish","type":"product","link":"https:\/\/lherboristeriedesaintpantaleon.com\/index.php\/produit\/eucalyptus-globulus\/","title":{"rendered":"HE Eucalyptus Globuleux"},"content":{"rendered":"<p><strong><span style=\"color: #008000;\">Huile essentielle d&#8217;Eucalyptus globuleux\u00a0 <\/span>:<span style=\"color: #333333;\"><em> Eucalyptus globulus<\/em><\/span><\/strong><\/p>\n<p>Distillation par entrainement \u00e0\u00a0 la vapeur : <span style=\"color: #008000;\"><strong>des feuilles<\/strong><\/span><\/p>\n<p><span style=\"color: #008000;\"><span style=\"color: #333333;\">Ch\u00e9motype<\/span>: \u00a0<strong>\u00a0 O<\/strong><strong>xydes dont de l&#8217;eucalyptol, <\/strong><\/span><strong style=\"color: #008000;\">m<\/strong><strong style=\"color: #008000;\">onoterp\u00e8nes,<\/strong> <strong style=\"color: #008000;\">ester<\/strong>,<strong><span style=\"color: #008000;\"> sesquiterp\u00e9nols, <\/span><\/strong><strong><span style=\"color: #008000;\">m<\/span><\/strong><strong style=\"color: #008000;\">onoterp\u00e9nols, <\/strong><strong style=\"color: #008000;\">\u00a0ses<\/strong><strong style=\"color: #008000;\">quiterp\u00e8nes,<\/strong><strong style=\"color: #008000;\">ald\u00e9hydes terp\u00e9niques.<\/strong><\/p>\n<p>Origine :<span style=\"color: #008000;\"><strong> Portugal\u00a0<\/strong><\/span><\/p>\n<p>Biotope:\u00a0<span style=\"color: #008000;\"><strong> Cultiv\u00e9.<\/strong><strong>\u00a0\u00a0<\/strong><\/span>Cueillette\u00a0 manuelle.<\/p>\n<p>Garantie :<span style=\"color: #008000;\"><strong>Biologique, certifi\u00e9 par Ecocert<\/strong><\/span><\/p>\n<p><span style=\"color: #008000;\"><strong>100% pure et int\u00e9grale.<\/strong><\/span><\/p>\n<p>Contenance:\u00a0\u00a0<span style=\"color: #008000;\"><strong>10 ml<\/strong><\/span><\/p>\n<p><span style=\"color: #ff0000;\"><b style=\"color: #ff0000;\">Contre indication: <\/b><span style=\"color: #008000;\"><b>\u00a0 <span style=\"color: #ff6600;\">D\u00e9conseill\u00e9 sans avis m\u00e9dical pour les femmes enceintes ou allaitantes, aux personnes ayant de l&#8217;asthme ainsi qu&#8217;aux personnes \u00e9pileptiques. <span style=\"color: #333333;\">\u00a0<span style=\"color: #ff0000;\">D\u00e9conseill\u00e9 aux jeunes enfants.<\/span><\/span><\/span><\/b><\/span><\/span><\/p>\n<p>Bien fermer le flacon apr\u00e8s chaque utilisation<br \/>\nConservation \u00e0 l\u2019abri de la lumi\u00e8re et de la chaleur.<\/p>\n","protected":false},"excerpt":{"rendered":"<p>Huile essentielle d&#8217;Eucalyptus globuleux\u00a0 : Eucalyptus globulus Distillation par entrainement \u00e0\u00a0 la vapeur : des feuilles Ch\u00e9motype: \u00a0\u00a0 Oxydes dont [&hellip;]<\/p>\n","protected":false},"featured_media":5685,"comment_status":"open","ping_status":"closed","template":"","meta":[],"product_brand":[],"product_cat":[62],"product_tag":[],"class_list":{"0":"post-5684","1":"product","2":"type-product","3":"status-publish","4":"has-post-thumbnail","6":"product_cat-huile-essentielle","8":"first","9":"instock","10":"shipping-taxable","11":"purchasable","12":"product-type-simple"},"aioseo_notices":[],"_links":{"self":[{"href":"https:\/\/lherboristeriedesaintpantaleon.com\/index.php\/wp-json\/wp\/v2\/product\/5684","targetHints":{"allow":["GET"]}}],"collection":[{"href":"https:\/\/lherboristeriedesaintpantaleon.com\/index.php\/wp-json\/wp\/v2\/product"}],"about":[{"href":"https:\/\/lherboristeriedesaintpantaleon.com\/index.php\/wp-json\/wp\/v2\/types\/product"}],"replies":[{"embeddable":true,"href":"https:\/\/lherboristeriedesaintpantaleon.com\/index.php\/wp-json\/wp\/v2\/comments?post=5684"}],"wp:featuredmedia":[{"embeddable":true,"href":"https:\/\/lherboristeriedesaintpantaleon.com\/index.php\/wp-json\/wp\/v2\/media\/5685"}],"wp:attachment":[{"href":"https:\/\/lherboristeriedesaintpantaleon.com\/index.php\/wp-json\/wp\/v2\/media?parent=5684"}],"wp:term":[{"taxonomy":"product_brand","embeddable":true,"href":"https:\/\/lherboristeriedesaintpantaleon.com\/index.php\/wp-json\/wp\/v2\/product_brand?post=5684"},{"taxonomy":"product_cat","embeddable":true,"href":"https:\/\/lherboristeriedesaintpantaleon.com\/index.php\/wp-json\/wp\/v2\/product_cat?post=5684"},{"taxonomy":"product_tag","embeddable":true,"href":"https:\/\/lherboristeriedesaintpantaleon.com\/index.php\/wp-json\/wp\/v2\/product_tag?post=5684"}],"curies":[{"name":"wp","href":"https:\/\/api.w.org\/{rel}","templated":true}]}}