{"id":5749,"date":"2020-04-09T17:32:27","date_gmt":"2020-04-09T15:32:27","guid":{"rendered":"https:\/\/lherboristeriedesaintpantaleon.com\/?post_type=product&#038;p=5749"},"modified":"2024-11-12T14:50:34","modified_gmt":"2024-11-12T13:50:34","slug":"abricot","status":"publish","type":"product","link":"https:\/\/lherboristeriedesaintpantaleon.com\/index.php\/produit\/abricot\/","title":{"rendered":"Abricot"},"content":{"rendered":"<p><strong><span style=\"color: #008000;\">Abricot:\u00a0<\/span><\/strong><span style=\"color: #333333;\"><em>Prunus armeniaca<\/em><\/span><\/p>\n<p>Partie utilis\u00e9e: <span style=\"color: #008000;\"><strong>Fruits secs coup\u00e9s<\/strong><\/span><\/p>\n<p>Produit certifi\u00e9<strong>\u00a0<span style=\"color: #008000;\">AB<\/span><\/strong><span style=\"color: #008000;\">.<\/span><\/p>\n<p>sachet de <span style=\"color: #008000;\"><strong>\u00a050g, 100g, 200g.<\/strong><\/span><\/p>\n","protected":false},"excerpt":{"rendered":"<p>Abricot:\u00a0Prunus armeniaca Partie utilis\u00e9e: Fruits secs coup\u00e9s Produit certifi\u00e9\u00a0AB. sachet de \u00a050g, 100g, 200g.<\/p>\n","protected":false},"featured_media":5753,"comment_status":"open","ping_status":"closed","template":"","meta":[],"product_brand":[],"product_cat":[64],"product_tag":[],"class_list":{"0":"post-5749","1":"product","2":"type-product","3":"status-publish","4":"has-post-thumbnail","6":"product_cat-fruits-secs","8":"first","9":"outofstock","10":"shipping-taxable","11":"purchasable","12":"product-type-variable"},"aioseo_notices":[],"_links":{"self":[{"href":"https:\/\/lherboristeriedesaintpantaleon.com\/index.php\/wp-json\/wp\/v2\/product\/5749","targetHints":{"allow":["GET"]}}],"collection":[{"href":"https:\/\/lherboristeriedesaintpantaleon.com\/index.php\/wp-json\/wp\/v2\/product"}],"about":[{"href":"https:\/\/lherboristeriedesaintpantaleon.com\/index.php\/wp-json\/wp\/v2\/types\/product"}],"replies":[{"embeddable":true,"href":"https:\/\/lherboristeriedesaintpantaleon.com\/index.php\/wp-json\/wp\/v2\/comments?post=5749"}],"wp:featuredmedia":[{"embeddable":true,"href":"https:\/\/lherboristeriedesaintpantaleon.com\/index.php\/wp-json\/wp\/v2\/media\/5753"}],"wp:attachment":[{"href":"https:\/\/lherboristeriedesaintpantaleon.com\/index.php\/wp-json\/wp\/v2\/media?parent=5749"}],"wp:term":[{"taxonomy":"product_brand","embeddable":true,"href":"https:\/\/lherboristeriedesaintpantaleon.com\/index.php\/wp-json\/wp\/v2\/product_brand?post=5749"},{"taxonomy":"product_cat","embeddable":true,"href":"https:\/\/lherboristeriedesaintpantaleon.com\/index.php\/wp-json\/wp\/v2\/product_cat?post=5749"},{"taxonomy":"product_tag","embeddable":true,"href":"https:\/\/lherboristeriedesaintpantaleon.com\/index.php\/wp-json\/wp\/v2\/product_tag?post=5749"}],"curies":[{"name":"wp","href":"https:\/\/api.w.org\/{rel}","templated":true}]}}