{"id":5754,"date":"2020-04-09T18:09:25","date_gmt":"2020-04-09T16:09:25","guid":{"rendered":"https:\/\/lherboristeriedesaintpantaleon.com\/?post_type=product&#038;p=5754"},"modified":"2026-01-23T19:23:00","modified_gmt":"2026-01-23T18:23:00","slug":"canneberge","status":"publish","type":"product","link":"https:\/\/lherboristeriedesaintpantaleon.com\/index.php\/produit\/canneberge\/","title":{"rendered":"Canneberge"},"content":{"rendered":"<p><strong><span style=\"color: #008000;\">Canneberge:<\/span>\u00a0<\/strong><em>Vaccinium macrocarpon<\/em><\/p>\n<p>Partie utilis\u00e9e:\u00a0<span style=\"color: #008000;\"><strong>Fruits secs coup\u00e9s non sucr\u00e9<\/strong><\/span><\/p>\n<p>Produit certifi\u00e9<strong>\u00a0<span style=\"color: #008000;\">AB<\/span><\/strong><span style=\"color: #008000;\">.<\/span><\/p>\n<p>sachet de\u00a0<span style=\"color: #008000;\"><strong>\u00a050g, 100g, 200g.<\/strong><\/span><\/p>\n","protected":false},"excerpt":{"rendered":"<p>Canneberge:\u00a0Vaccinium macrocarpon Partie utilis\u00e9e:\u00a0Fruits secs coup\u00e9s non sucr\u00e9 Produit certifi\u00e9\u00a0AB. sachet de\u00a0\u00a050g, 100g, 200g.<\/p>\n","protected":false},"featured_media":5758,"comment_status":"open","ping_status":"closed","template":"","meta":[],"product_brand":[],"product_cat":[32,64],"product_tag":[],"class_list":{"0":"post-5754","1":"product","2":"type-product","3":"status-publish","4":"has-post-thumbnail","6":"product_cat-plantes-seches","7":"product_cat-fruits-secs","9":"first","10":"outofstock","11":"shipping-taxable","12":"purchasable","13":"product-type-variable"},"aioseo_notices":[],"_links":{"self":[{"href":"https:\/\/lherboristeriedesaintpantaleon.com\/index.php\/wp-json\/wp\/v2\/product\/5754","targetHints":{"allow":["GET"]}}],"collection":[{"href":"https:\/\/lherboristeriedesaintpantaleon.com\/index.php\/wp-json\/wp\/v2\/product"}],"about":[{"href":"https:\/\/lherboristeriedesaintpantaleon.com\/index.php\/wp-json\/wp\/v2\/types\/product"}],"replies":[{"embeddable":true,"href":"https:\/\/lherboristeriedesaintpantaleon.com\/index.php\/wp-json\/wp\/v2\/comments?post=5754"}],"wp:featuredmedia":[{"embeddable":true,"href":"https:\/\/lherboristeriedesaintpantaleon.com\/index.php\/wp-json\/wp\/v2\/media\/5758"}],"wp:attachment":[{"href":"https:\/\/lherboristeriedesaintpantaleon.com\/index.php\/wp-json\/wp\/v2\/media?parent=5754"}],"wp:term":[{"taxonomy":"product_brand","embeddable":true,"href":"https:\/\/lherboristeriedesaintpantaleon.com\/index.php\/wp-json\/wp\/v2\/product_brand?post=5754"},{"taxonomy":"product_cat","embeddable":true,"href":"https:\/\/lherboristeriedesaintpantaleon.com\/index.php\/wp-json\/wp\/v2\/product_cat?post=5754"},{"taxonomy":"product_tag","embeddable":true,"href":"https:\/\/lherboristeriedesaintpantaleon.com\/index.php\/wp-json\/wp\/v2\/product_tag?post=5754"}],"curies":[{"name":"wp","href":"https:\/\/api.w.org\/{rel}","templated":true}]}}