{"id":5795,"date":"2020-04-09T22:15:18","date_gmt":"2020-04-09T20:15:18","guid":{"rendered":"https:\/\/lherboristeriedesaintpantaleon.com\/?post_type=product&#038;p=5795"},"modified":"2020-04-21T16:59:29","modified_gmt":"2020-04-21T14:59:29","slug":"orange-douce","status":"publish","type":"product","link":"https:\/\/lherboristeriedesaintpantaleon.com\/index.php\/produit\/orange-douce\/","title":{"rendered":"Orange douce"},"content":{"rendered":"<p><span style=\"color: #008000;\"><b>Orange douce: <\/b><\/span><em>Citrus sinensis<\/em><\/p>\n<p>Partie de la plante utilis\u00e9e:<span style=\"color: #008000;\"><strong> Zestes coup\u00e9s<\/strong><\/span><\/p>\n<p>Produits certifi\u00e9\u00a0<strong><span style=\"color: #008000;\">AB.<\/span><\/strong><\/p>\n<p>Sachet\u00a0 de\u00a0<span style=\"color: #008000;\"><strong>25g, 30g, 50g, 100g, 200g<\/strong>.<\/span><\/p>\n","protected":false},"excerpt":{"rendered":"<p>Orange douce: Citrus sinensis Partie de la plante utilis\u00e9e: Zestes coup\u00e9s Produits certifi\u00e9\u00a0AB. Sachet\u00a0 de\u00a025g, 30g, 50g, 100g, 200g.<\/p>\n","protected":false},"featured_media":5840,"comment_status":"open","ping_status":"closed","template":"","meta":[],"product_brand":[],"product_cat":[32,64],"product_tag":[],"class_list":{"0":"post-5795","1":"product","2":"type-product","3":"status-publish","4":"has-post-thumbnail","6":"product_cat-plantes-seches","7":"product_cat-fruits-secs","9":"first","10":"instock","11":"shipping-taxable","12":"purchasable","13":"product-type-variable"},"aioseo_notices":[],"_links":{"self":[{"href":"https:\/\/lherboristeriedesaintpantaleon.com\/index.php\/wp-json\/wp\/v2\/product\/5795","targetHints":{"allow":["GET"]}}],"collection":[{"href":"https:\/\/lherboristeriedesaintpantaleon.com\/index.php\/wp-json\/wp\/v2\/product"}],"about":[{"href":"https:\/\/lherboristeriedesaintpantaleon.com\/index.php\/wp-json\/wp\/v2\/types\/product"}],"replies":[{"embeddable":true,"href":"https:\/\/lherboristeriedesaintpantaleon.com\/index.php\/wp-json\/wp\/v2\/comments?post=5795"}],"wp:featuredmedia":[{"embeddable":true,"href":"https:\/\/lherboristeriedesaintpantaleon.com\/index.php\/wp-json\/wp\/v2\/media\/5840"}],"wp:attachment":[{"href":"https:\/\/lherboristeriedesaintpantaleon.com\/index.php\/wp-json\/wp\/v2\/media?parent=5795"}],"wp:term":[{"taxonomy":"product_brand","embeddable":true,"href":"https:\/\/lherboristeriedesaintpantaleon.com\/index.php\/wp-json\/wp\/v2\/product_brand?post=5795"},{"taxonomy":"product_cat","embeddable":true,"href":"https:\/\/lherboristeriedesaintpantaleon.com\/index.php\/wp-json\/wp\/v2\/product_cat?post=5795"},{"taxonomy":"product_tag","embeddable":true,"href":"https:\/\/lherboristeriedesaintpantaleon.com\/index.php\/wp-json\/wp\/v2\/product_tag?post=5795"}],"curies":[{"name":"wp","href":"https:\/\/api.w.org\/{rel}","templated":true}]}}