{"id":5799,"date":"2020-04-09T22:20:58","date_gmt":"2020-04-09T20:20:58","guid":{"rendered":"https:\/\/lherboristeriedesaintpantaleon.com\/?post_type=product&#038;p=5799"},"modified":"2022-11-10T14:29:31","modified_gmt":"2022-11-10T13:29:31","slug":"mate","status":"publish","type":"product","link":"https:\/\/lherboristeriedesaintpantaleon.com\/index.php\/produit\/mate\/","title":{"rendered":"Mat\u00e9"},"content":{"rendered":"<p><span style=\"color: #008000;\"><b>Mat\u00e9: <\/b><\/span><em>Ilex paraguariensis<\/em><\/p>\n<p>Partie de la plante utilis\u00e9e:<span style=\"color: #008000;\"><strong> Feuilles coup\u00e9es<\/strong><\/span><\/p>\n<p>Produits certifi\u00e9\u00a0<strong><span style=\"color: #008000;\">AB.<\/span><\/strong><\/p>\n<p>Sachet\u00a0 de<span style=\"color: #008000;\"><strong>\u00a050g, 100g, 200g<\/strong>.<\/span><\/p>\n","protected":false},"excerpt":{"rendered":"<p>Mat\u00e9: Ilex paraguariensis Partie de la plante utilis\u00e9e: Feuilles coup\u00e9es Produits certifi\u00e9\u00a0AB. Sachet\u00a0 de\u00a050g, 100g, 200g.<\/p>\n","protected":false},"featured_media":5807,"comment_status":"open","ping_status":"closed","template":"","meta":[],"product_brand":[],"product_cat":[32],"product_tag":[],"class_list":{"0":"post-5799","1":"product","2":"type-product","3":"status-publish","4":"has-post-thumbnail","6":"product_cat-plantes-seches","8":"first","9":"instock","10":"shipping-taxable","11":"purchasable","12":"product-type-variable"},"aioseo_notices":[],"_links":{"self":[{"href":"https:\/\/lherboristeriedesaintpantaleon.com\/index.php\/wp-json\/wp\/v2\/product\/5799","targetHints":{"allow":["GET"]}}],"collection":[{"href":"https:\/\/lherboristeriedesaintpantaleon.com\/index.php\/wp-json\/wp\/v2\/product"}],"about":[{"href":"https:\/\/lherboristeriedesaintpantaleon.com\/index.php\/wp-json\/wp\/v2\/types\/product"}],"replies":[{"embeddable":true,"href":"https:\/\/lherboristeriedesaintpantaleon.com\/index.php\/wp-json\/wp\/v2\/comments?post=5799"}],"wp:featuredmedia":[{"embeddable":true,"href":"https:\/\/lherboristeriedesaintpantaleon.com\/index.php\/wp-json\/wp\/v2\/media\/5807"}],"wp:attachment":[{"href":"https:\/\/lherboristeriedesaintpantaleon.com\/index.php\/wp-json\/wp\/v2\/media?parent=5799"}],"wp:term":[{"taxonomy":"product_brand","embeddable":true,"href":"https:\/\/lherboristeriedesaintpantaleon.com\/index.php\/wp-json\/wp\/v2\/product_brand?post=5799"},{"taxonomy":"product_cat","embeddable":true,"href":"https:\/\/lherboristeriedesaintpantaleon.com\/index.php\/wp-json\/wp\/v2\/product_cat?post=5799"},{"taxonomy":"product_tag","embeddable":true,"href":"https:\/\/lherboristeriedesaintpantaleon.com\/index.php\/wp-json\/wp\/v2\/product_tag?post=5799"}],"curies":[{"name":"wp","href":"https:\/\/api.w.org\/{rel}","templated":true}]}}