{"id":5847,"date":"2020-04-13T12:54:41","date_gmt":"2020-04-13T10:54:41","guid":{"rendered":"https:\/\/lherboristeriedesaintpantaleon.com\/?post_type=product&#038;p=5847"},"modified":"2020-04-21T16:54:46","modified_gmt":"2020-04-21T14:54:46","slug":"sarriette-des-montagnes","status":"publish","type":"product","link":"https:\/\/lherboristeriedesaintpantaleon.com\/index.php\/produit\/sarriette-des-montagnes\/","title":{"rendered":"Sarriette des montagnes"},"content":{"rendered":"<p><strong><span style=\"color: #008000;\">Sarriette: <\/span>\u00a0<\/strong><em>Satureja montana<\/em><\/p>\n<p>Partie de la plante utilis\u00e9e:<strong> <span style=\"color: #008000;\">Sommit\u00e9s fleuries<\/span><\/strong><\/p>\n<p>Produits certifi\u00e9\u00a0<span style=\"color: #008000;\"><strong>AB<\/strong>.<\/span><\/p>\n<p>Sachet\u00a0<span style=\"color: #008000;\"><strong>25g, 30g, 50g, 100g, 200g.<\/strong><\/span><\/p>\n","protected":false},"excerpt":{"rendered":"<p>Sarriette: \u00a0Satureja montana Partie de la plante utilis\u00e9e: Sommit\u00e9s fleuries Produits certifi\u00e9\u00a0AB. Sachet\u00a025g, 30g, 50g, 100g, 200g.<\/p>\n","protected":false},"featured_media":5854,"comment_status":"open","ping_status":"closed","template":"","meta":[],"product_brand":[],"product_cat":[32,65],"product_tag":[],"class_list":{"0":"post-5847","1":"product","2":"type-product","3":"status-publish","4":"has-post-thumbnail","6":"product_cat-plantes-seches","7":"product_cat-epices","9":"first","10":"instock","11":"shipping-taxable","12":"purchasable","13":"product-type-variable"},"aioseo_notices":[],"_links":{"self":[{"href":"https:\/\/lherboristeriedesaintpantaleon.com\/index.php\/wp-json\/wp\/v2\/product\/5847","targetHints":{"allow":["GET"]}}],"collection":[{"href":"https:\/\/lherboristeriedesaintpantaleon.com\/index.php\/wp-json\/wp\/v2\/product"}],"about":[{"href":"https:\/\/lherboristeriedesaintpantaleon.com\/index.php\/wp-json\/wp\/v2\/types\/product"}],"replies":[{"embeddable":true,"href":"https:\/\/lherboristeriedesaintpantaleon.com\/index.php\/wp-json\/wp\/v2\/comments?post=5847"}],"wp:featuredmedia":[{"embeddable":true,"href":"https:\/\/lherboristeriedesaintpantaleon.com\/index.php\/wp-json\/wp\/v2\/media\/5854"}],"wp:attachment":[{"href":"https:\/\/lherboristeriedesaintpantaleon.com\/index.php\/wp-json\/wp\/v2\/media?parent=5847"}],"wp:term":[{"taxonomy":"product_brand","embeddable":true,"href":"https:\/\/lherboristeriedesaintpantaleon.com\/index.php\/wp-json\/wp\/v2\/product_brand?post=5847"},{"taxonomy":"product_cat","embeddable":true,"href":"https:\/\/lherboristeriedesaintpantaleon.com\/index.php\/wp-json\/wp\/v2\/product_cat?post=5847"},{"taxonomy":"product_tag","embeddable":true,"href":"https:\/\/lherboristeriedesaintpantaleon.com\/index.php\/wp-json\/wp\/v2\/product_tag?post=5847"}],"curies":[{"name":"wp","href":"https:\/\/api.w.org\/{rel}","templated":true}]}}