{"id":5884,"date":"2020-04-13T20:03:33","date_gmt":"2020-04-13T18:03:33","guid":{"rendered":"https:\/\/lherboristeriedesaintpantaleon.com\/?post_type=product&#038;p=5884"},"modified":"2026-01-23T19:22:43","modified_gmt":"2026-01-23T18:22:43","slug":"pensee-sauvage","status":"publish","type":"product","link":"https:\/\/lherboristeriedesaintpantaleon.com\/index.php\/produit\/pensee-sauvage\/","title":{"rendered":"Pens\u00e9e sauvage"},"content":{"rendered":"<p><strong><span style=\"color: #008000;\">Pens\u00e9e sauvage<\/span>:\u00a0\u00a0<\/strong><em>Viola tricolor<\/em><\/p>\n<p>Partie de la plante utilis\u00e9e:<span style=\"color: #008000;\"><strong> Parties a\u00e9riennes fleuries.<\/strong><\/span><\/p>\n<p>Produits certifi\u00e9\u00a0<span style=\"color: #008000;\"><strong>AB<\/strong>.<\/span><\/p>\n<p>Sachet\u00a0<span style=\"color: #008000;\"><strong>25g, 30g, 50g, 100g, 200g.<\/strong><\/span><\/p>\n","protected":false},"excerpt":{"rendered":"<p>Pens\u00e9e sauvage:\u00a0\u00a0Viola tricolor Partie de la plante utilis\u00e9e: Parties a\u00e9riennes fleuries. Produits certifi\u00e9\u00a0AB. Sachet\u00a025g, 30g, 50g, 100g, 200g.<\/p>\n","protected":false},"featured_media":5890,"comment_status":"open","ping_status":"closed","template":"","meta":[],"product_brand":[],"product_cat":[32],"product_tag":[],"class_list":{"0":"post-5884","1":"product","2":"type-product","3":"status-publish","4":"has-post-thumbnail","6":"product_cat-plantes-seches","8":"first","9":"instock","10":"shipping-taxable","11":"purchasable","12":"product-type-variable"},"aioseo_notices":[],"_links":{"self":[{"href":"https:\/\/lherboristeriedesaintpantaleon.com\/index.php\/wp-json\/wp\/v2\/product\/5884","targetHints":{"allow":["GET"]}}],"collection":[{"href":"https:\/\/lherboristeriedesaintpantaleon.com\/index.php\/wp-json\/wp\/v2\/product"}],"about":[{"href":"https:\/\/lherboristeriedesaintpantaleon.com\/index.php\/wp-json\/wp\/v2\/types\/product"}],"replies":[{"embeddable":true,"href":"https:\/\/lherboristeriedesaintpantaleon.com\/index.php\/wp-json\/wp\/v2\/comments?post=5884"}],"wp:featuredmedia":[{"embeddable":true,"href":"https:\/\/lherboristeriedesaintpantaleon.com\/index.php\/wp-json\/wp\/v2\/media\/5890"}],"wp:attachment":[{"href":"https:\/\/lherboristeriedesaintpantaleon.com\/index.php\/wp-json\/wp\/v2\/media?parent=5884"}],"wp:term":[{"taxonomy":"product_brand","embeddable":true,"href":"https:\/\/lherboristeriedesaintpantaleon.com\/index.php\/wp-json\/wp\/v2\/product_brand?post=5884"},{"taxonomy":"product_cat","embeddable":true,"href":"https:\/\/lherboristeriedesaintpantaleon.com\/index.php\/wp-json\/wp\/v2\/product_cat?post=5884"},{"taxonomy":"product_tag","embeddable":true,"href":"https:\/\/lherboristeriedesaintpantaleon.com\/index.php\/wp-json\/wp\/v2\/product_tag?post=5884"}],"curies":[{"name":"wp","href":"https:\/\/api.w.org\/{rel}","templated":true}]}}