{"id":5924,"date":"2020-04-15T19:21:49","date_gmt":"2020-04-15T17:21:49","guid":{"rendered":"https:\/\/lherboristeriedesaintpantaleon.com\/?post_type=product&#038;p=5924"},"modified":"2025-11-13T16:12:39","modified_gmt":"2025-11-13T15:12:39","slug":"asperule-odorante","status":"publish","type":"product","link":"https:\/\/lherboristeriedesaintpantaleon.com\/index.php\/produit\/asperule-odorante\/","title":{"rendered":"Asp\u00e9rule Odorante"},"content":{"rendered":"<p><strong><span style=\"color: #008000;\">Asp\u00e9rule Odorante<\/span> :\u00a0 <em>Galium odoratum<\/em><\/strong><\/p>\n<p>Partie de la plante utilis\u00e9e:\u00a0<span style=\"color: #008000;\"><strong>Sommit\u00e9s fleuries coup\u00e9es<\/strong><\/span><\/p>\n<p>produit certifi\u00e9\u00a0<span style=\"color: #008000;\"><strong>AB<\/strong>,<\/span><\/p>\n<p>sachet de\u00a0<span style=\"color: #008000;\"><strong>25g, 30g, 50g, 100g, 200g.<\/strong><\/span><\/p>\n","protected":false},"excerpt":{"rendered":"<p>Asp\u00e9rule Odorante :\u00a0 Galium odoratum Partie de la plante utilis\u00e9e:\u00a0Sommit\u00e9s fleuries coup\u00e9es produit certifi\u00e9\u00a0AB, sachet de\u00a025g, 30g, 50g, 100g, 200g.<\/p>\n","protected":false},"featured_media":5930,"comment_status":"open","ping_status":"closed","template":"","meta":[],"product_brand":[],"product_cat":[32],"product_tag":[],"class_list":{"0":"post-5924","1":"product","2":"type-product","3":"status-publish","4":"has-post-thumbnail","6":"product_cat-plantes-seches","8":"first","9":"instock","10":"shipping-taxable","11":"purchasable","12":"product-type-variable"},"aioseo_notices":[],"_links":{"self":[{"href":"https:\/\/lherboristeriedesaintpantaleon.com\/index.php\/wp-json\/wp\/v2\/product\/5924","targetHints":{"allow":["GET"]}}],"collection":[{"href":"https:\/\/lherboristeriedesaintpantaleon.com\/index.php\/wp-json\/wp\/v2\/product"}],"about":[{"href":"https:\/\/lherboristeriedesaintpantaleon.com\/index.php\/wp-json\/wp\/v2\/types\/product"}],"replies":[{"embeddable":true,"href":"https:\/\/lherboristeriedesaintpantaleon.com\/index.php\/wp-json\/wp\/v2\/comments?post=5924"}],"wp:featuredmedia":[{"embeddable":true,"href":"https:\/\/lherboristeriedesaintpantaleon.com\/index.php\/wp-json\/wp\/v2\/media\/5930"}],"wp:attachment":[{"href":"https:\/\/lherboristeriedesaintpantaleon.com\/index.php\/wp-json\/wp\/v2\/media?parent=5924"}],"wp:term":[{"taxonomy":"product_brand","embeddable":true,"href":"https:\/\/lherboristeriedesaintpantaleon.com\/index.php\/wp-json\/wp\/v2\/product_brand?post=5924"},{"taxonomy":"product_cat","embeddable":true,"href":"https:\/\/lherboristeriedesaintpantaleon.com\/index.php\/wp-json\/wp\/v2\/product_cat?post=5924"},{"taxonomy":"product_tag","embeddable":true,"href":"https:\/\/lherboristeriedesaintpantaleon.com\/index.php\/wp-json\/wp\/v2\/product_tag?post=5924"}],"curies":[{"name":"wp","href":"https:\/\/api.w.org\/{rel}","templated":true}]}}