{"id":6010,"date":"2020-04-22T09:51:01","date_gmt":"2020-04-22T07:51:01","guid":{"rendered":"https:\/\/lherboristeriedesaintpantaleon.com\/?post_type=product&#038;p=6010"},"modified":"2026-01-23T19:22:43","modified_gmt":"2026-01-23T18:22:43","slug":"tisane-atchoum","status":"publish","type":"product","link":"https:\/\/lherboristeriedesaintpantaleon.com\/index.php\/produit\/tisane-atchoum\/","title":{"rendered":"Tisane Atchoum"},"content":{"rendered":"<p><span style=\"color: #008000;\"><b>La Tisane Atchoum.<\/b><\/span><\/p>\n<p>M\u00e9lange de la plantes utilis\u00e9es: <span style=\"color: #008000;\"><strong>Sureau<\/strong> (fleurs tamis\u00e9es)<\/span><span style=\"color: #008000;\"><i> Sambucus nigra<\/i><span style=\"color: #008000;\">\u00a0\u00a0<\/span><\/span><strong><span style=\"color: #008000;\">Serpolet<\/span> <\/strong><span style=\"color: #008000;\">( sommit\u00e9s fleuries)<\/span><em>Thymus serpyllum,<span style=\"color: #008000;\">\u00a0 <strong> bouillon blanc <\/strong>( sommit\u00e9s fleuries) <span style=\"color: #333333;\">Verbascum thapsus<\/span>, <\/span><\/em><em>\u00a0<\/em><span style=\"color: #008000;\"><strong>Cynorrhodon <\/strong>(fruits) <\/span><em>Rosa canina,\u00a0<\/em><span style=\"color: #008000;\"><strong>Anis vert\u00a0<\/strong>(fruit)\u00a0<\/span><em>Pimpinella anisum, <\/em><span style=\"color: #008000;\"><strong>Eucalyptus<\/strong> (feuilles) <\/span><em>Eucalyptus globulus, <\/em><em><strong><span style=\"color: #008000;\">Hysope<\/span><\/strong><span style=\"color: #008000;\">( sommit\u00e9s fleuries),<\/span>Hyssopus officinalis, <strong><span style=\"color: #008000;\">Plantain<\/span><\/strong><span style=\"color: #008000;\">( feuilles coup\u00e9es)<\/span>Plantago lanceolata, <\/em><strong><span style=\"color: #008000;\">Gingembre\u00a0<\/span><\/strong><em><span style=\"color: #008000;\">(racine) <span style=\"color: #333333;\">zinziber officinale\u00a0<\/span><\/span><\/em><\/p>\n<p>&nbsp;<\/p>\n<p>Produit certifi\u00e9\u00a0<span style=\"color: #008000;\"><strong>AB<\/strong><\/span>,<\/p>\n<p>sachet kraft de:\u00a0<span style=\"color: #008000;\"><strong>\u00a0 50g, 100g<\/strong><\/span><\/p>\n","protected":false},"excerpt":{"rendered":"<p>La Tisane Atchoum. M\u00e9lange de la plantes utilis\u00e9es: Sureau (fleurs tamis\u00e9es) Sambucus nigra\u00a0\u00a0Serpolet ( sommit\u00e9s fleuries)Thymus serpyllum,\u00a0 bouillon blanc ( [&hellip;]<\/p>\n","protected":false},"featured_media":6571,"comment_status":"open","ping_status":"closed","template":"","meta":[],"product_brand":[],"product_cat":[91,86],"product_tag":[],"class_list":{"0":"post-6010","1":"product","2":"type-product","3":"status-publish","4":"has-post-thumbnail","6":"product_cat-creations-passion-aromatique","7":"product_cat-tisanes","9":"first","10":"instock","11":"purchasable","12":"product-type-variable"},"aioseo_notices":[],"_links":{"self":[{"href":"https:\/\/lherboristeriedesaintpantaleon.com\/index.php\/wp-json\/wp\/v2\/product\/6010","targetHints":{"allow":["GET"]}}],"collection":[{"href":"https:\/\/lherboristeriedesaintpantaleon.com\/index.php\/wp-json\/wp\/v2\/product"}],"about":[{"href":"https:\/\/lherboristeriedesaintpantaleon.com\/index.php\/wp-json\/wp\/v2\/types\/product"}],"replies":[{"embeddable":true,"href":"https:\/\/lherboristeriedesaintpantaleon.com\/index.php\/wp-json\/wp\/v2\/comments?post=6010"}],"wp:featuredmedia":[{"embeddable":true,"href":"https:\/\/lherboristeriedesaintpantaleon.com\/index.php\/wp-json\/wp\/v2\/media\/6571"}],"wp:attachment":[{"href":"https:\/\/lherboristeriedesaintpantaleon.com\/index.php\/wp-json\/wp\/v2\/media?parent=6010"}],"wp:term":[{"taxonomy":"product_brand","embeddable":true,"href":"https:\/\/lherboristeriedesaintpantaleon.com\/index.php\/wp-json\/wp\/v2\/product_brand?post=6010"},{"taxonomy":"product_cat","embeddable":true,"href":"https:\/\/lherboristeriedesaintpantaleon.com\/index.php\/wp-json\/wp\/v2\/product_cat?post=6010"},{"taxonomy":"product_tag","embeddable":true,"href":"https:\/\/lherboristeriedesaintpantaleon.com\/index.php\/wp-json\/wp\/v2\/product_tag?post=6010"}],"curies":[{"name":"wp","href":"https:\/\/api.w.org\/{rel}","templated":true}]}}