{"id":6126,"date":"2020-06-26T16:50:35","date_gmt":"2020-06-26T14:50:35","guid":{"rendered":"https:\/\/lherboristeriedesaintpantaleon.com\/?post_type=product&#038;p=6126"},"modified":"2025-04-12T20:38:19","modified_gmt":"2025-04-12T18:38:19","slug":"he-lavande-aspic","status":"publish","type":"product","link":"https:\/\/lherboristeriedesaintpantaleon.com\/index.php\/produit\/he-lavande-aspic\/","title":{"rendered":"HE  Lavande Aspic de Provence"},"content":{"rendered":"<p><strong>Huile essentielle de <span style=\"color: #008000;\">Lavande Aspic<\/span><\/strong>:\u00a0<b>Cette huile essentielle est issue <span style=\"color: #008000;\">d\u2019une production\u00a0 artisanale et\u00a0 locale<\/span>.\u00a0 La magie de la plante\u00a0<\/b><b>mari\u00e9e\u00a0<\/b><b>\u00e0 la sensibilit\u00e9 <\/b><span style=\"color: #008000;\"><strong>Bertrand Chevalier, artisan-distillateur <\/strong><\/span><b>offre\u00a0<\/b><b>une v\u00e9ritable Alchimie,<\/b><b> un\u00a0 r\u00e9sultat <\/b><b>exceptionnel, u<\/b><b>ne huile essentielle aux senteurs divines, <\/b><b>aux vibrations\u00a0<\/b><b>subtiles et<\/b><b> \u00e9nerg\u00e9tiques.\u00a0<\/b><\/p>\n<p>Nom botanique:<span style=\"color: #008000;\"><strong> Lavande Aspic\u00a0<\/strong><span style=\"color: #333333;\"><strong><em>Lavandula latifolia ou spica<\/em><\/strong><\/span><\/span><\/p>\n<p>Hydro-distillation: <span style=\"color: #008000;\"><strong>\u00a0Sommit\u00e9s fleuries<\/strong><\/span><\/p>\n<p>Ch\u00e9motype: <span style=\"color: #008000;\"><strong>\u00a0Monoterp\u00e9nols, oxydes, c\u00e9tones dont du camphre, monoterp\u00e8nes, sesquiterp\u00e8nes, esters.<\/strong><\/span><\/p>\n<p>Origine : <span style=\"color: #008000;\"><b>Provence:\u00a0<\/b><\/span><b> <\/b><b><strong>entre le<\/strong><\/b><span style=\"color: #008000;\"><b><strong>\u00a0Luberon\u00a0<\/strong><\/b><\/span><b><strong>et les contreforts sud du <\/strong><\/b><span style=\"color: #008000;\"><b><strong>Ventoux<\/strong><\/b><\/span><\/p>\n<p>Cueillette: <span style=\"color: #008000;\"><strong>Manuelle<\/strong><\/span><\/p>\n<p>Biotope: <span style=\"color: #008000;\"><b>Sauvage<\/b><\/span><\/p>\n<p>Garantie : <span style=\"color: #008000;\"><strong>100% pure et int\u00e9grale<\/strong><\/span><\/p>\n<p>Contenance:\u00a0\u00a0<span style=\"color: #008000;\"><strong>5 ml, 10 ml<\/strong><\/span><\/p>\n<p><strong><span style=\"color: #ff0000;\">Contre indication<\/span><\/strong>:\u00a0 <strong><span style=\"color: #008000;\">\u00a0Aucune<\/span><\/strong>\u00a0 mais <strong><span style=\"color: #ff0000;\"><em>d\u00e9conseill\u00e9\u00a0 en cas d&#8217;ant\u00e9c\u00e9dents d&#8217;\u00e9pilepsie ou de convulsion<\/em><\/span><span style=\"color: #008000;\">.<\/span><\/strong><\/p>\n<p>Bien fermer le flacon apr\u00e8s chaque utilisation<br \/>\nConservation \u00e0 l\u2019abri de la lumi\u00e8re et de la chaleur.<\/p>\n","protected":false},"excerpt":{"rendered":"<p><strong>Cette huile essentielle est issue d\u2019une\u00a0production\u00a0 <span style=\"color: #008000;\">artisanale et locale.<\/span><\/strong><\/p>\n","protected":false},"featured_media":6165,"comment_status":"open","ping_status":"closed","template":"","meta":[],"product_brand":[],"product_cat":[62,77],"product_tag":[],"class_list":{"0":"post-6126","1":"product","2":"type-product","3":"status-publish","4":"has-post-thumbnail","6":"product_cat-huile-essentielle","7":"product_cat-huiles-essentielles-artisanale","9":"first","10":"instock","11":"shipping-taxable","12":"purchasable","13":"product-type-variable"},"aioseo_notices":[],"_links":{"self":[{"href":"https:\/\/lherboristeriedesaintpantaleon.com\/index.php\/wp-json\/wp\/v2\/product\/6126","targetHints":{"allow":["GET"]}}],"collection":[{"href":"https:\/\/lherboristeriedesaintpantaleon.com\/index.php\/wp-json\/wp\/v2\/product"}],"about":[{"href":"https:\/\/lherboristeriedesaintpantaleon.com\/index.php\/wp-json\/wp\/v2\/types\/product"}],"replies":[{"embeddable":true,"href":"https:\/\/lherboristeriedesaintpantaleon.com\/index.php\/wp-json\/wp\/v2\/comments?post=6126"}],"wp:featuredmedia":[{"embeddable":true,"href":"https:\/\/lherboristeriedesaintpantaleon.com\/index.php\/wp-json\/wp\/v2\/media\/6165"}],"wp:attachment":[{"href":"https:\/\/lherboristeriedesaintpantaleon.com\/index.php\/wp-json\/wp\/v2\/media?parent=6126"}],"wp:term":[{"taxonomy":"product_brand","embeddable":true,"href":"https:\/\/lherboristeriedesaintpantaleon.com\/index.php\/wp-json\/wp\/v2\/product_brand?post=6126"},{"taxonomy":"product_cat","embeddable":true,"href":"https:\/\/lherboristeriedesaintpantaleon.com\/index.php\/wp-json\/wp\/v2\/product_cat?post=6126"},{"taxonomy":"product_tag","embeddable":true,"href":"https:\/\/lherboristeriedesaintpantaleon.com\/index.php\/wp-json\/wp\/v2\/product_tag?post=6126"}],"curies":[{"name":"wp","href":"https:\/\/api.w.org\/{rel}","templated":true}]}}