{"id":6136,"date":"2020-07-15T18:46:50","date_gmt":"2020-07-15T16:46:50","guid":{"rendered":"https:\/\/lherboristeriedesaintpantaleon.com\/?post_type=product&#038;p=6136"},"modified":"2025-01-27T16:21:40","modified_gmt":"2025-01-27T15:21:40","slug":"he-fenouil-sauvage-de-provence","status":"publish","type":"product","link":"https:\/\/lherboristeriedesaintpantaleon.com\/index.php\/produit\/he-fenouil-sauvage-de-provence\/","title":{"rendered":"HE  Fenouil sauvage de Provence"},"content":{"rendered":"<p><strong>Huile essentielle de <span style=\"color: #008000;\">Fenouil sauvage<\/span><\/strong>:\u00a0<b>Cette huile essentielle est issue <span style=\"color: #008000;\">d\u2019une production\u00a0 artisanale et\u00a0 locale<\/span>.\u00a0<\/b><\/p>\n<p><b>Apr\u00e8s avoir\u00a0 cueilli\u00a0 manuellement\u00a0 le <\/b><b>Fenouil, <\/b><b>\u00a0<\/b><strong style=\"color: #008000;\">Bertrand Chevalier <span style=\"color: #333333;\">(artisan-distillateur) le distille<\/span> <\/strong><b>\u00a0le jour de la Saint Michel (29 septembre).\u00a0 La distillation men\u00e9e \u00e0 cette date,<\/b><b>\u00a0<\/b><b>op\u00e8re <\/b><b>une v\u00e9ritable Alchimie, offre <\/b><b>une huile essentielle aux senteurs divines, au parfum\u00a0 doux, puissant, aux vibrations <\/b><b>subtiles et<\/b><b> \u00e9nerg\u00e9tiques. Une huile essentielle d\u2019exception.\u00a0<\/b><\/p>\n<p>&nbsp;<\/p>\n<p>Nom botanique:<span style=\"color: #008000;\"><strong> Fenouil\u00a0 <span style=\"color: #333333;\"><em>Foeniculum vulgare<\/em><\/span><\/strong><\/span><\/p>\n<p>Hydro-distillation: <span style=\"color: #008000;\"><strong>\u00a0Semences<\/strong><\/span><\/p>\n<p>Ch\u00e9motype: <span style=\"color: #008000;\"><strong>\u00a0ph\u00e9nols m\u00e9thyl-\u00e9ther, anethol, estragol, monoterp\u00e8nes: a-pin\u00e8ne, limon\u00e8ne.<\/strong><\/span><\/p>\n<p>Origine : <span style=\"color: #008000;\"><b>Provence:\u00a0<\/b><\/span><b> <\/b><b><strong>entre le<\/strong><\/b><span style=\"color: #008000;\"><b><strong>\u00a0Luberon\u00a0<\/strong><\/b><\/span><b><strong>et les contreforts du <\/strong><\/b><span style=\"color: #008000;\"><b><strong>Ventoux<\/strong><\/b><\/span><\/p>\n<p>Cueillette: <span style=\"color: #008000;\"><strong>Manuelle<\/strong><\/span><\/p>\n<p>Biotope: <span style=\"color: #008000;\"><b>Sauvage<\/b><\/span><\/p>\n<p>Garantie : <span style=\"color: #008000;\"><strong>100% pure et int\u00e9grale<\/strong><\/span><\/p>\n<p>Contenance:\u00a0\u00a0<span style=\"color: #008000;\"><strong>5 ml, 10 ml<\/strong><\/span><\/p>\n<p><strong><span style=\"color: #ff0000;\">Contre indication<\/span><\/strong>:\u00a0 <span style=\"color: #333333;\"> <span style=\"color: #008000;\"><b><span style=\"color: #333333;\">chez les enfants et les personnes \u00e9pileptiques,\u00a0 les femmes ayant eu des ant\u00e9c\u00e9dents personnels ou familiaux de cancers hormono-d\u00e9pendants ou de mastose, chez la femme enceinte ou allaitante.<\/span>\u00a0<\/b><\/span><\/span><\/p>\n<p>Bien fermer le flacon apr\u00e8s chaque utilisation<br \/>\nConservation \u00e0 l\u2019abri de la lumi\u00e8re et de la chaleur.<\/p>\n","protected":false},"excerpt":{"rendered":"<p><strong>Cette huile essentielle est issue d\u2019une\u00a0production\u00a0 <span style=\"color: #008000;\">artisanale et locale.<\/span><\/strong><\/p>\n","protected":false},"featured_media":6163,"comment_status":"open","ping_status":"closed","template":"","meta":[],"product_brand":[],"product_cat":[62,77],"product_tag":[],"class_list":{"0":"post-6136","1":"product","2":"type-product","3":"status-publish","4":"has-post-thumbnail","6":"product_cat-huile-essentielle","7":"product_cat-huiles-essentielles-artisanale","9":"first","10":"outofstock","11":"shipping-taxable","12":"purchasable","13":"product-type-variable"},"aioseo_notices":[],"_links":{"self":[{"href":"https:\/\/lherboristeriedesaintpantaleon.com\/index.php\/wp-json\/wp\/v2\/product\/6136","targetHints":{"allow":["GET"]}}],"collection":[{"href":"https:\/\/lherboristeriedesaintpantaleon.com\/index.php\/wp-json\/wp\/v2\/product"}],"about":[{"href":"https:\/\/lherboristeriedesaintpantaleon.com\/index.php\/wp-json\/wp\/v2\/types\/product"}],"replies":[{"embeddable":true,"href":"https:\/\/lherboristeriedesaintpantaleon.com\/index.php\/wp-json\/wp\/v2\/comments?post=6136"}],"wp:featuredmedia":[{"embeddable":true,"href":"https:\/\/lherboristeriedesaintpantaleon.com\/index.php\/wp-json\/wp\/v2\/media\/6163"}],"wp:attachment":[{"href":"https:\/\/lherboristeriedesaintpantaleon.com\/index.php\/wp-json\/wp\/v2\/media?parent=6136"}],"wp:term":[{"taxonomy":"product_brand","embeddable":true,"href":"https:\/\/lherboristeriedesaintpantaleon.com\/index.php\/wp-json\/wp\/v2\/product_brand?post=6136"},{"taxonomy":"product_cat","embeddable":true,"href":"https:\/\/lherboristeriedesaintpantaleon.com\/index.php\/wp-json\/wp\/v2\/product_cat?post=6136"},{"taxonomy":"product_tag","embeddable":true,"href":"https:\/\/lherboristeriedesaintpantaleon.com\/index.php\/wp-json\/wp\/v2\/product_tag?post=6136"}],"curies":[{"name":"wp","href":"https:\/\/api.w.org\/{rel}","templated":true}]}}