{"id":6152,"date":"2020-08-03T18:27:00","date_gmt":"2020-08-03T16:27:00","guid":{"rendered":"https:\/\/lherboristeriedesaintpantaleon.com\/?post_type=product&#038;p=6152"},"modified":"2023-01-19T15:07:55","modified_gmt":"2023-01-19T14:07:55","slug":"spiruline-comprime-de-provence-copie","status":"publish","type":"product","link":"https:\/\/lherboristeriedesaintpantaleon.com\/index.php\/produit\/spiruline-comprime-de-provence-copie\/","title":{"rendered":"Spiruline  de Provence (comprim\u00e9)"},"content":{"rendered":"<p><span style=\"color: #008000;\"><strong>Spiruline <\/strong><span style=\"color: #333333;\"><em>Spirulina platensis<\/em><\/span><\/span><\/p>\n<p>Partie de la plante utilis\u00e9e:\u00a0<span style=\"color: #008000;\"><strong>Cyanobact\u00e9rie <\/strong><span style=\"color: #333333;\">(<\/span><span style=\"color: #333333;\"><em>en comprim\u00e9)<\/em><\/span><strong>, <\/strong><\/span><\/p>\n<p><span style=\"color: #008000;\"><strong>Les comprim\u00e9s sont press\u00e9s \u00e0 froid sans aucun adjuvant ni enrobage.<\/strong><\/span><\/p>\n<p>Produit certifi\u00e9\u00a0<span style=\"color: #008000;\"><strong>AB<\/strong>.<\/span><\/p>\n<p>Pot de <strong>\u00a0<span style=\"color: #008000;\">100g, 200g.<\/span><\/strong><\/p>\n","protected":false},"excerpt":{"rendered":"<p>Cette spiruline <span style=\"color: #008000;\"><strong>est issue d\u2019une production biologique, artisanale et locale (Vaucluse 84).<\/strong>\u00a0<\/span><\/p>\n","protected":false},"featured_media":6168,"comment_status":"open","ping_status":"closed","template":"","meta":[],"product_brand":[],"product_cat":[78,32],"product_tag":[],"class_list":{"0":"post-6152","1":"product","2":"type-product","3":"status-publish","4":"has-post-thumbnail","6":"product_cat-spiruline","7":"product_cat-plantes-seches","9":"first","10":"instock","11":"shipping-taxable","12":"purchasable","13":"product-type-variable"},"aioseo_notices":[],"_links":{"self":[{"href":"https:\/\/lherboristeriedesaintpantaleon.com\/index.php\/wp-json\/wp\/v2\/product\/6152","targetHints":{"allow":["GET"]}}],"collection":[{"href":"https:\/\/lherboristeriedesaintpantaleon.com\/index.php\/wp-json\/wp\/v2\/product"}],"about":[{"href":"https:\/\/lherboristeriedesaintpantaleon.com\/index.php\/wp-json\/wp\/v2\/types\/product"}],"replies":[{"embeddable":true,"href":"https:\/\/lherboristeriedesaintpantaleon.com\/index.php\/wp-json\/wp\/v2\/comments?post=6152"}],"wp:featuredmedia":[{"embeddable":true,"href":"https:\/\/lherboristeriedesaintpantaleon.com\/index.php\/wp-json\/wp\/v2\/media\/6168"}],"wp:attachment":[{"href":"https:\/\/lherboristeriedesaintpantaleon.com\/index.php\/wp-json\/wp\/v2\/media?parent=6152"}],"wp:term":[{"taxonomy":"product_brand","embeddable":true,"href":"https:\/\/lherboristeriedesaintpantaleon.com\/index.php\/wp-json\/wp\/v2\/product_brand?post=6152"},{"taxonomy":"product_cat","embeddable":true,"href":"https:\/\/lherboristeriedesaintpantaleon.com\/index.php\/wp-json\/wp\/v2\/product_cat?post=6152"},{"taxonomy":"product_tag","embeddable":true,"href":"https:\/\/lherboristeriedesaintpantaleon.com\/index.php\/wp-json\/wp\/v2\/product_tag?post=6152"}],"curies":[{"name":"wp","href":"https:\/\/api.w.org\/{rel}","templated":true}]}}