{"id":6157,"date":"2020-08-07T17:08:53","date_gmt":"2020-08-07T15:08:53","guid":{"rendered":"https:\/\/lherboristeriedesaintpantaleon.com\/?post_type=product&#038;p=6157"},"modified":"2026-01-23T19:22:27","modified_gmt":"2026-01-23T18:22:27","slug":"he-lavande-fine-sauvage","status":"publish","type":"product","link":"https:\/\/lherboristeriedesaintpantaleon.com\/index.php\/produit\/he-lavande-fine-sauvage\/","title":{"rendered":"HE  Lavande fine sauvage"},"content":{"rendered":"<p><strong>Huile essentielle de <span style=\"color: #008000;\">Lavande fine (<\/span><\/strong><b>1100 m\u00e8tres d&#8217;altitude)<\/b>:\u00a0<b>Cette huile essentielle est issue <span style=\"color: #008000;\">d\u2019une production\u00a0 artisanale et\u00a0 locale<\/span>.\u00a0 \u00a0<\/b><strong style=\"color: #008000;\">Bertrand Chevalier (cueilleur, artisan-distillateur) <\/strong><b>cueille la lavande\u00a0 manuellement \u00e0 la serpette comme le faisait autrefois nos anciens. U<\/b><b>ne v\u00e9ritable Alchimie<\/b><b> s&#8217;op\u00e8re dans l&#8217;alambic<\/b><b> entre la vapeur d&#8217;eau ,<\/b><b> la lavande fine et le travail de Bertrand. Apr\u00e8s quelques heures de distillation, \u00e0 la sortie de l&#8217;alambic, coule<\/b><b> <\/b><b>u<\/b><b>ne huile essentielle exceptionnelle, aux<\/b><b>\u00a0senteurs divines, <\/b><b>aux vibrations <\/b><b>\u00a0<\/b><b>\u00e9nerg\u00e9tiques <\/b><b>et <\/b><b>subtiles.<\/b><b>\u00a0<\/b><\/p>\n<p>Nom botanique:<span style=\"color: #008000;\"><strong> Lavande fine\u00a0 <\/strong><span style=\"color: #333333;\"><strong><em>Lavandula angustifolia<\/em><\/strong><\/span><\/span><\/p>\n<p>Hydro-distillation: <span style=\"color: #008000;\"><strong>\u00a0Sommit\u00e9s fleuries<\/strong><\/span><\/p>\n<p>Ch\u00e9motype: <span style=\"color: #008000;\"><strong>\u00a0Monoterp\u00e9nols, ester dont l&#8217;ac\u00e9tate de linalyle, monoterp\u00e8nes, oxyde, c\u00e9tones dont du camphre (4%), sesquiterp\u00e8nes, aldh\u00e9hydes terp\u00e9niques, sesquiterp\u00e9nols, coumarine (traces).<\/strong><\/span><\/p>\n<p>Origine : <span style=\"color: #008000;\"><b>Provence:\u00a0<\/b><\/span><b> <\/b><b><strong>entre<\/strong><\/b><span style=\"color: #008000;\"><b><strong>\u00a0Luberon\u00a0<\/strong><\/b><\/span><b><strong>et les contreforts du <\/strong><\/b><span style=\"color: #008000;\"><b><strong>Ventoux<\/strong><\/b><\/span><\/p>\n<p>Cueillette: <span style=\"color: #008000;\"><strong>Manuelle<\/strong><\/span><\/p>\n<p>Biotope: <span style=\"color: #008000;\"><b>Sauvage<\/b><\/span><\/p>\n<p>Garantie : <span style=\"color: #008000;\"><strong>100% pure, naturelle et int\u00e9grale<\/strong><\/span><\/p>\n<p>Contenance:\u00a0\u00a0<span style=\"color: #008000;\"><strong>5 ml, 10 ml<\/strong><\/span><\/p>\n<p><strong><span style=\"color: #ff0000;\">Contre indication<\/span><\/strong>:\u00a0 <strong><span style=\"color: #008000;\">\u00a0Aucune, peut-\u00eatre utilis\u00e9e chez les jeunes enfants.<\/span><\/strong><\/p>\n<p>Bien fermer le flacon apr\u00e8s chaque utilisation<br \/>\nConservation \u00e0 l\u2019abri de la lumi\u00e8re et de la chaleur.<\/p>\n","protected":false},"excerpt":{"rendered":"<p><strong>Cette huile essentielle est issue d\u2019une\u00a0production\u00a0 <span style=\"color: #008000;\">artisanale et locale.<\/span><\/strong><\/p>\n","protected":false},"featured_media":6170,"comment_status":"open","ping_status":"closed","template":"","meta":[],"product_brand":[],"product_cat":[62,77],"product_tag":[],"class_list":{"0":"post-6157","1":"product","2":"type-product","3":"status-publish","4":"has-post-thumbnail","6":"product_cat-huile-essentielle","7":"product_cat-huiles-essentielles-artisanale","9":"first","10":"instock","11":"shipping-taxable","12":"purchasable","13":"product-type-variable"},"aioseo_notices":[],"_links":{"self":[{"href":"https:\/\/lherboristeriedesaintpantaleon.com\/index.php\/wp-json\/wp\/v2\/product\/6157","targetHints":{"allow":["GET"]}}],"collection":[{"href":"https:\/\/lherboristeriedesaintpantaleon.com\/index.php\/wp-json\/wp\/v2\/product"}],"about":[{"href":"https:\/\/lherboristeriedesaintpantaleon.com\/index.php\/wp-json\/wp\/v2\/types\/product"}],"replies":[{"embeddable":true,"href":"https:\/\/lherboristeriedesaintpantaleon.com\/index.php\/wp-json\/wp\/v2\/comments?post=6157"}],"wp:featuredmedia":[{"embeddable":true,"href":"https:\/\/lherboristeriedesaintpantaleon.com\/index.php\/wp-json\/wp\/v2\/media\/6170"}],"wp:attachment":[{"href":"https:\/\/lherboristeriedesaintpantaleon.com\/index.php\/wp-json\/wp\/v2\/media?parent=6157"}],"wp:term":[{"taxonomy":"product_brand","embeddable":true,"href":"https:\/\/lherboristeriedesaintpantaleon.com\/index.php\/wp-json\/wp\/v2\/product_brand?post=6157"},{"taxonomy":"product_cat","embeddable":true,"href":"https:\/\/lherboristeriedesaintpantaleon.com\/index.php\/wp-json\/wp\/v2\/product_cat?post=6157"},{"taxonomy":"product_tag","embeddable":true,"href":"https:\/\/lherboristeriedesaintpantaleon.com\/index.php\/wp-json\/wp\/v2\/product_tag?post=6157"}],"curies":[{"name":"wp","href":"https:\/\/api.w.org\/{rel}","templated":true}]}}