{"id":6179,"date":"2020-09-02T17:08:42","date_gmt":"2020-09-02T15:08:42","guid":{"rendered":"https:\/\/lherboristeriedesaintpantaleon.com\/?post_type=product&#038;p=6179"},"modified":"2025-01-10T10:40:50","modified_gmt":"2025-01-10T09:40:50","slug":"the-vert-au-jasmin-et-a-la-rose","status":"publish","type":"product","link":"https:\/\/lherboristeriedesaintpantaleon.com\/index.php\/produit\/the-vert-au-jasmin-et-a-la-rose\/","title":{"rendered":"Th\u00e9 vert au jasmin et \u00e0 la rose"},"content":{"rendered":"<p><span style=\"color: #008000;\"><strong>Th\u00e9 vert au Jasmin et aux p\u00e9tales de\u00a0 Rose. <\/strong><em><span style=\"color: #333333;\">(<\/span><\/em><span style=\"color: #333333;\"><em>Camellia sinensis)<\/em><\/span><\/span><\/p>\n<p>D\u00e9couvrez un th\u00e9 vert aux <span style=\"color: #008000;\"><strong>notes fleuries gr\u00e2ce<\/strong><\/span> \u00e0 l&#8217;association du<strong><span style=\"color: #008000;\"> j<strong>as<\/strong>min et des p\u00e9tales de roses (2%)<\/span><\/strong>.<\/p>\n<p>Produit Certifi\u00e9: <strong><span style=\"color: #008000;\">AB<\/span><\/strong><\/p>\n<p>sachet kraft de :<span style=\"color: #008000;\"><strong> 50g, 100g, 200g.<\/strong><\/span><\/p>\n<p>Conservation: <span style=\"color: #008000;\"><strong>Conserver \u00e0 temp\u00e9rature ambiante, au sec et \u00e0 l\u2019abri de la lumi\u00e8re.<\/strong><\/span><\/p>\n","protected":false},"excerpt":{"rendered":"<p>D\u00e9couvrez <span style=\"color: #008000;\"><strong>ce th\u00e9 vert<\/strong><\/span> aux <span style=\"color: #008000;\"><strong>notes fleuries gr\u00e2ce<\/strong><\/span> \u00e0 l&#8217;association du<strong><span style=\"color: #008000;\"> jasmin et des p\u00e9tales de roses (2%)<\/span><\/strong>.<\/p>\n","protected":false},"featured_media":7,"comment_status":"open","ping_status":"closed","template":"","meta":[],"product_brand":[],"product_cat":[38],"product_tag":[],"class_list":{"0":"post-6179","1":"product","2":"type-product","3":"status-publish","4":"has-post-thumbnail","6":"product_cat-thes-tisanes","8":"first","9":"outofstock","10":"shipping-taxable","11":"purchasable","12":"product-type-variable"},"aioseo_notices":[],"_links":{"self":[{"href":"https:\/\/lherboristeriedesaintpantaleon.com\/index.php\/wp-json\/wp\/v2\/product\/6179","targetHints":{"allow":["GET"]}}],"collection":[{"href":"https:\/\/lherboristeriedesaintpantaleon.com\/index.php\/wp-json\/wp\/v2\/product"}],"about":[{"href":"https:\/\/lherboristeriedesaintpantaleon.com\/index.php\/wp-json\/wp\/v2\/types\/product"}],"replies":[{"embeddable":true,"href":"https:\/\/lherboristeriedesaintpantaleon.com\/index.php\/wp-json\/wp\/v2\/comments?post=6179"}],"wp:featuredmedia":[{"embeddable":true,"href":"https:\/\/lherboristeriedesaintpantaleon.com\/index.php\/wp-json\/wp\/v2\/media\/7"}],"wp:attachment":[{"href":"https:\/\/lherboristeriedesaintpantaleon.com\/index.php\/wp-json\/wp\/v2\/media?parent=6179"}],"wp:term":[{"taxonomy":"product_brand","embeddable":true,"href":"https:\/\/lherboristeriedesaintpantaleon.com\/index.php\/wp-json\/wp\/v2\/product_brand?post=6179"},{"taxonomy":"product_cat","embeddable":true,"href":"https:\/\/lherboristeriedesaintpantaleon.com\/index.php\/wp-json\/wp\/v2\/product_cat?post=6179"},{"taxonomy":"product_tag","embeddable":true,"href":"https:\/\/lherboristeriedesaintpantaleon.com\/index.php\/wp-json\/wp\/v2\/product_tag?post=6179"}],"curies":[{"name":"wp","href":"https:\/\/api.w.org\/{rel}","templated":true}]}}