{"id":6184,"date":"2020-09-02T18:29:20","date_gmt":"2020-09-02T16:29:20","guid":{"rendered":"https:\/\/lherboristeriedesaintpantaleon.com\/?post_type=product&#038;p=6184"},"modified":"2025-04-12T20:38:24","modified_gmt":"2025-04-12T18:38:24","slug":"the-noir-au-gout-russe","status":"publish","type":"product","link":"https:\/\/lherboristeriedesaintpantaleon.com\/index.php\/produit\/the-noir-au-gout-russe\/","title":{"rendered":"Th\u00e9 noir au go\u00fbt russe"},"content":{"rendered":"<p><span style=\"color: #008000;\"><b>Th\u00e9 Noir au go\u00fbt russe : <\/b><\/span><em>Camellia sinensis<\/em><\/p>\n<p>Partie de la plante utilis\u00e9e:<span style=\"color: #008000;\"><strong> Feuilles\u00a0<\/strong><\/span><\/p>\n<p><strong><span style=\"color: #008000;\">Composition<span style=\"color: #333333;\">:\u00a0<\/span><\/span><\/strong><span style=\"color: #008000;\"><span style=\"color: #333333;\">th\u00e9 noir de Chine Congou, th\u00e9 noir Ceylan, zeste de citron, fleurs de bleuet, m\u00e9lange d&#8217;huiles essentielles ( citron, orange douce, bergamote, pamplemousse, mandarinier, bigaradier.)<\/span><\/span><\/p>\n<p>Produits certifi\u00e9\u00a0<strong><span style=\"color: #008000;\">AB.<\/span><\/strong><\/p>\n<p>Sachet\u00a0 de<span style=\"color: #008000;\"><strong>\u00a050g, 100g, 200g<\/strong>.<\/span><\/p>\n<p>Conservation: <strong><span style=\"color: #008000;\">Conserver \u00e0 temp\u00e9rature ambiante, au sec et \u00e0 l\u2019abri de la lumi\u00e8re.<\/span><\/strong><\/p>\n","protected":false},"excerpt":{"rendered":"<p>Th\u00e9 Noir au go\u00fbt russe : Camellia sinensis Partie de la plante utilis\u00e9e: Feuilles\u00a0 Composition:\u00a0th\u00e9 noir de Chine Congou, th\u00e9 [&hellip;]<\/p>\n","protected":false},"featured_media":7,"comment_status":"open","ping_status":"closed","template":"","meta":[],"product_brand":[],"product_cat":[38],"product_tag":[],"class_list":{"0":"post-6184","1":"product","2":"type-product","3":"status-publish","4":"has-post-thumbnail","6":"product_cat-thes-tisanes","8":"first","9":"instock","10":"shipping-taxable","11":"purchasable","12":"product-type-variable"},"aioseo_notices":[],"_links":{"self":[{"href":"https:\/\/lherboristeriedesaintpantaleon.com\/index.php\/wp-json\/wp\/v2\/product\/6184","targetHints":{"allow":["GET"]}}],"collection":[{"href":"https:\/\/lherboristeriedesaintpantaleon.com\/index.php\/wp-json\/wp\/v2\/product"}],"about":[{"href":"https:\/\/lherboristeriedesaintpantaleon.com\/index.php\/wp-json\/wp\/v2\/types\/product"}],"replies":[{"embeddable":true,"href":"https:\/\/lherboristeriedesaintpantaleon.com\/index.php\/wp-json\/wp\/v2\/comments?post=6184"}],"wp:featuredmedia":[{"embeddable":true,"href":"https:\/\/lherboristeriedesaintpantaleon.com\/index.php\/wp-json\/wp\/v2\/media\/7"}],"wp:attachment":[{"href":"https:\/\/lherboristeriedesaintpantaleon.com\/index.php\/wp-json\/wp\/v2\/media?parent=6184"}],"wp:term":[{"taxonomy":"product_brand","embeddable":true,"href":"https:\/\/lherboristeriedesaintpantaleon.com\/index.php\/wp-json\/wp\/v2\/product_brand?post=6184"},{"taxonomy":"product_cat","embeddable":true,"href":"https:\/\/lherboristeriedesaintpantaleon.com\/index.php\/wp-json\/wp\/v2\/product_cat?post=6184"},{"taxonomy":"product_tag","embeddable":true,"href":"https:\/\/lherboristeriedesaintpantaleon.com\/index.php\/wp-json\/wp\/v2\/product_tag?post=6184"}],"curies":[{"name":"wp","href":"https:\/\/api.w.org\/{rel}","templated":true}]}}