{"id":6253,"date":"2021-01-17T18:29:18","date_gmt":"2021-01-17T17:29:18","guid":{"rendered":"https:\/\/lherboristeriedesaintpantaleon.com\/?post_type=product&#038;p=6253"},"modified":"2021-01-17T19:06:17","modified_gmt":"2021-01-17T18:06:17","slug":"the-vert-darjeeling","status":"publish","type":"product","link":"https:\/\/lherboristeriedesaintpantaleon.com\/index.php\/produit\/the-vert-darjeeling\/","title":{"rendered":"Th\u00e9 vert de Darjeeling"},"content":{"rendered":"<p><span style=\"color: #008000;\"><b>Th\u00e9 vert\u00a0 de Darjeeling: <\/b><\/span><em>Camellia sinensis, Th\u00e9 vert provenant de la r\u00e9gion <span style=\"color: #008000;\"><strong>Darjeeling<\/strong><\/span> dans le Bengale occidental en <span style=\"color: #008000;\"><strong>Inde<\/strong><\/span>.<\/em><\/p>\n<p>Partie de la plante utilis\u00e9e:<span style=\"color: #008000;\"><strong> Feuilles\u00a0<\/strong><\/span><\/p>\n<p>Produits certifi\u00e9\u00a0<strong><span style=\"color: #008000;\">AB.<\/span><\/strong><\/p>\n<p>Sachet\u00a0 de<span style=\"color: #008000;\"><strong>\u00a050g, 100g, 200g<\/strong>.<\/span><\/p>\n<p>Conservation: <strong><span style=\"color: #008000;\">Conserver \u00e0 temp\u00e9rature ambiante, au sec et \u00e0 l\u2019abri de la lumi\u00e8re.<\/span><\/strong><\/p>\n","protected":false},"excerpt":{"rendered":"<p>Th\u00e9 vert\u00a0 de Darjeeling: Camellia sinensis, Th\u00e9 vert provenant de la r\u00e9gion Darjeeling dans le Bengale occidental en Inde. Partie [&hellip;]<\/p>\n","protected":false},"featured_media":7,"comment_status":"open","ping_status":"closed","template":"","meta":[],"product_brand":[],"product_cat":[38],"product_tag":[],"class_list":{"0":"post-6253","1":"product","2":"type-product","3":"status-publish","4":"has-post-thumbnail","6":"product_cat-thes-tisanes","8":"first","9":"instock","10":"purchasable","11":"product-type-variable"},"aioseo_notices":[],"_links":{"self":[{"href":"https:\/\/lherboristeriedesaintpantaleon.com\/index.php\/wp-json\/wp\/v2\/product\/6253","targetHints":{"allow":["GET"]}}],"collection":[{"href":"https:\/\/lherboristeriedesaintpantaleon.com\/index.php\/wp-json\/wp\/v2\/product"}],"about":[{"href":"https:\/\/lherboristeriedesaintpantaleon.com\/index.php\/wp-json\/wp\/v2\/types\/product"}],"replies":[{"embeddable":true,"href":"https:\/\/lherboristeriedesaintpantaleon.com\/index.php\/wp-json\/wp\/v2\/comments?post=6253"}],"wp:featuredmedia":[{"embeddable":true,"href":"https:\/\/lherboristeriedesaintpantaleon.com\/index.php\/wp-json\/wp\/v2\/media\/7"}],"wp:attachment":[{"href":"https:\/\/lherboristeriedesaintpantaleon.com\/index.php\/wp-json\/wp\/v2\/media?parent=6253"}],"wp:term":[{"taxonomy":"product_brand","embeddable":true,"href":"https:\/\/lherboristeriedesaintpantaleon.com\/index.php\/wp-json\/wp\/v2\/product_brand?post=6253"},{"taxonomy":"product_cat","embeddable":true,"href":"https:\/\/lherboristeriedesaintpantaleon.com\/index.php\/wp-json\/wp\/v2\/product_cat?post=6253"},{"taxonomy":"product_tag","embeddable":true,"href":"https:\/\/lherboristeriedesaintpantaleon.com\/index.php\/wp-json\/wp\/v2\/product_tag?post=6253"}],"curies":[{"name":"wp","href":"https:\/\/api.w.org\/{rel}","templated":true}]}}