{"id":6259,"date":"2021-02-01T18:33:45","date_gmt":"2021-02-01T17:33:45","guid":{"rendered":"https:\/\/lherboristeriedesaintpantaleon.com\/?post_type=product&#038;p=6259"},"modified":"2025-04-10T14:22:14","modified_gmt":"2025-04-10T12:22:14","slug":"argent-colloidal-vaporisateur","status":"publish","type":"product","link":"https:\/\/lherboristeriedesaintpantaleon.com\/index.php\/produit\/argent-colloidal-vaporisateur\/","title":{"rendered":"Argent Collo\u00efdal (vaporisateur)"},"content":{"rendered":"<p><span style=\"color: #008000;\"><strong>Argent Collo\u00efdal <em>20 ppm<\/em>: <span style=\"color: #333333;\">Laboratoire Catalyons <\/span><\/strong><em><span style=\"color: #333333;\">(laboratoire\u00a0<\/span><span style=\"color: #333333;\">fran\u00e7ais cr\u00e9e en 1960 par Raymond valtat)\u00a0<\/span><\/em><\/span><\/p>\n<p><em><span style=\"color: #333333;\">Conditionnement: <span style=\"color: #008000;\"><strong>Flacon <\/strong><\/span><\/span><\/em><span style=\"color: #008000;\"><strong><em>vaporisateur<\/em><\/strong><em><strong>\u00a0<\/strong><strong>de\u00a0<\/strong><strong>150ml<\/strong>\u00a0\u00a0<\/em><\/span><\/p>\n<p>Ingr\u00e9dients : <em><strong><span style=\"color: #008000;\">Aqua, collo\u00efdal silver (20mg\/L)<\/span><\/strong><\/em><\/p>\n<p><em><strong><span style=\"color: #008000;\">Le laboratoire Catalyons utilise:\u00a0 <\/span><\/strong><strong>De l&#8217;eau ultra purifi\u00e9e et dynamis\u00e9e, Argent collo\u00efdal fabriqu\u00e9 par proc\u00e9d\u00e9 naturel d&#8217;\u00e9lectrolyse: un proc\u00e9d\u00e9 physique qui produit un ph\u00e9nom\u00e8ne pr\u00e9sent dans la nature et qui ne n\u00e9cessite pas d&#8217;additifs. La fabrication de l&#8217;Argent Coll\u00efdal par \u00e9l\u00e9ctrolyse ma\u00eetris\u00e9e permet l&#8217;obtention d&#8217;une solution \u00e0 forte teneur en Argent de qualit\u00e9.<\/strong><\/em><\/p>\n<p>&nbsp;<\/p>\n","protected":false},"excerpt":{"rendered":"<p><span style=\"font-size: 18pt;\"><strong>Laboratoire Catalyons<\/strong><\/span><\/p>\n","protected":false},"featured_media":6656,"comment_status":"open","ping_status":"closed","template":"","meta":[],"product_brand":[],"product_cat":[15],"product_tag":[],"class_list":{"0":"post-6259","1":"product","2":"type-product","3":"status-publish","4":"has-post-thumbnail","6":"product_cat-les-oligo-elements","8":"first","9":"instock","10":"taxable","11":"shipping-taxable","12":"purchasable","13":"product-type-simple"},"aioseo_notices":[],"_links":{"self":[{"href":"https:\/\/lherboristeriedesaintpantaleon.com\/index.php\/wp-json\/wp\/v2\/product\/6259","targetHints":{"allow":["GET"]}}],"collection":[{"href":"https:\/\/lherboristeriedesaintpantaleon.com\/index.php\/wp-json\/wp\/v2\/product"}],"about":[{"href":"https:\/\/lherboristeriedesaintpantaleon.com\/index.php\/wp-json\/wp\/v2\/types\/product"}],"replies":[{"embeddable":true,"href":"https:\/\/lherboristeriedesaintpantaleon.com\/index.php\/wp-json\/wp\/v2\/comments?post=6259"}],"wp:featuredmedia":[{"embeddable":true,"href":"https:\/\/lherboristeriedesaintpantaleon.com\/index.php\/wp-json\/wp\/v2\/media\/6656"}],"wp:attachment":[{"href":"https:\/\/lherboristeriedesaintpantaleon.com\/index.php\/wp-json\/wp\/v2\/media?parent=6259"}],"wp:term":[{"taxonomy":"product_brand","embeddable":true,"href":"https:\/\/lherboristeriedesaintpantaleon.com\/index.php\/wp-json\/wp\/v2\/product_brand?post=6259"},{"taxonomy":"product_cat","embeddable":true,"href":"https:\/\/lherboristeriedesaintpantaleon.com\/index.php\/wp-json\/wp\/v2\/product_cat?post=6259"},{"taxonomy":"product_tag","embeddable":true,"href":"https:\/\/lherboristeriedesaintpantaleon.com\/index.php\/wp-json\/wp\/v2\/product_tag?post=6259"}],"curies":[{"name":"wp","href":"https:\/\/api.w.org\/{rel}","templated":true}]}}