{"id":6316,"date":"2021-03-12T17:18:00","date_gmt":"2021-03-12T16:18:00","guid":{"rendered":"https:\/\/lherboristeriedesaintpantaleon.com\/?post_type=product&#038;p=6316"},"modified":"2026-01-23T19:22:59","modified_gmt":"2026-01-23T18:22:59","slug":"cuivre-or-argent","status":"publish","type":"product","link":"https:\/\/lherboristeriedesaintpantaleon.com\/index.php\/produit\/cuivre-or-argent\/","title":{"rendered":"Cuivre- Zinc- Argent"},"content":{"rendered":"<p><strong>Cuivre zinc argent <em>collo\u00efdal<\/em>: Laboratoire Catalyons <\/strong><em>(laboratoire\u00a0<\/em><em>fran\u00e7ais cr\u00e9e en 1960 par Raymond valtat)\u00a0<\/em><\/p>\n<p><em>Conditionnement:\u00a0<span style=\"color: #008000;\"><strong>Flacon\u00a0<\/strong><\/span><\/em><span style=\"color: #008000;\"><em><strong>\u00a0<\/strong><strong>de\u00a0<\/strong><strong>150ml ou 500 ml.<\/strong>\u00a0\u00a0<\/em><\/span><\/p>\n<p>Ingr\u00e9dients : <em><strong><span style=\"color: #008000;\">Eau<\/span><\/strong><strong><span style=\"color: #008000;\"> purifi\u00e9e, argent collo\u00efdal, cuivre et zinc collo\u00efdal:<\/span>\u00a0<\/strong><\/em><\/p>\n<p><em><strong><span style=\"color: #008000;\">Le laboratoire Catalyons utilise<\/span>:\u00a0\u00a0De l\u2019<\/strong><strong>eau ultra purifi\u00e9e et dynamis\u00e9e, Argent collo\u00efdal, cuivre et or collo\u00efdal fabriqu\u00e9 par proc\u00e9d\u00e9 naturel d\u2019<\/strong><\/em><i><b>\u00e9lectrolyse maitris\u00e9e : un ph\u00e9nom\u00e8ne pr\u00e9sent dans la nature et qui ne n\u00e9cessite pas d&#8217;additifs. La fabrication du Cuivre-Zinc-Argent permet l&#8217;obtention d&#8217;une solution \u00e0 forte teneur en \u00e9l\u00e9ments de qualit\u00e9.<\/b><\/i><\/p>\n","protected":false},"excerpt":{"rendered":"<p>Cuivre zinc argent collo\u00efdal: Laboratoire Catalyons (laboratoire\u00a0fran\u00e7ais cr\u00e9e en 1960 par Raymond valtat)\u00a0 Conditionnement:\u00a0Flacon\u00a0\u00a0de\u00a0150ml ou 500 ml.\u00a0\u00a0 Ingr\u00e9dients : Eau [&hellip;]<\/p>\n","protected":false},"featured_media":6661,"comment_status":"open","ping_status":"closed","template":"","meta":[],"product_brand":[],"product_cat":[15],"product_tag":[],"class_list":{"0":"post-6316","1":"product","2":"type-product","3":"status-publish","4":"has-post-thumbnail","6":"product_cat-les-oligo-elements","8":"first","9":"outofstock","10":"purchasable","11":"product-type-variable"},"aioseo_notices":[],"_links":{"self":[{"href":"https:\/\/lherboristeriedesaintpantaleon.com\/index.php\/wp-json\/wp\/v2\/product\/6316","targetHints":{"allow":["GET"]}}],"collection":[{"href":"https:\/\/lherboristeriedesaintpantaleon.com\/index.php\/wp-json\/wp\/v2\/product"}],"about":[{"href":"https:\/\/lherboristeriedesaintpantaleon.com\/index.php\/wp-json\/wp\/v2\/types\/product"}],"replies":[{"embeddable":true,"href":"https:\/\/lherboristeriedesaintpantaleon.com\/index.php\/wp-json\/wp\/v2\/comments?post=6316"}],"wp:featuredmedia":[{"embeddable":true,"href":"https:\/\/lherboristeriedesaintpantaleon.com\/index.php\/wp-json\/wp\/v2\/media\/6661"}],"wp:attachment":[{"href":"https:\/\/lherboristeriedesaintpantaleon.com\/index.php\/wp-json\/wp\/v2\/media?parent=6316"}],"wp:term":[{"taxonomy":"product_brand","embeddable":true,"href":"https:\/\/lherboristeriedesaintpantaleon.com\/index.php\/wp-json\/wp\/v2\/product_brand?post=6316"},{"taxonomy":"product_cat","embeddable":true,"href":"https:\/\/lherboristeriedesaintpantaleon.com\/index.php\/wp-json\/wp\/v2\/product_cat?post=6316"},{"taxonomy":"product_tag","embeddable":true,"href":"https:\/\/lherboristeriedesaintpantaleon.com\/index.php\/wp-json\/wp\/v2\/product_tag?post=6316"}],"curies":[{"name":"wp","href":"https:\/\/api.w.org\/{rel}","templated":true}]}}