{"id":6326,"date":"2021-03-12T18:01:28","date_gmt":"2021-03-12T17:01:28","guid":{"rendered":"https:\/\/lherboristeriedesaintpantaleon.com\/?post_type=product&#038;p=6326"},"modified":"2025-04-10T14:43:45","modified_gmt":"2025-04-10T12:43:45","slug":"germanium","status":"publish","type":"product","link":"https:\/\/lherboristeriedesaintpantaleon.com\/index.php\/produit\/germanium\/","title":{"rendered":"Germanium"},"content":{"rendered":"<p><strong>Germanium: Laboratoire Catalyons <\/strong><em>(laboratoire\u00a0<\/em><em>fran\u00e7ais cr\u00e9e en 1960 par Raymond valtat)\u00a0<\/em><\/p>\n<p><em>Conditionnement:\u00a0<span style=\"color: #008000;\"><strong>Flacon\u00a0<\/strong><\/span><\/em><span style=\"color: #008000;\"><em><strong>\u00a0<\/strong><strong>de<\/strong><strong>\u00a0500 ml.<\/strong>\u00a0\u00a0<\/em><\/span><\/p>\n<p>Ingr\u00e9dients : <em><strong><span style=\"color: #008000;\">Eau<\/span><\/strong><strong><span style=\"color: #008000;\">\u00a0 ultra purifi\u00e9e, Germanium:<\/span>\u00a0<\/strong><\/em><\/p>\n<p><em><strong><span style=\"color: #008000;\">Le laboratoire Catalyons utilise<\/span>:\u00a0 La fabrication du Germanium\u00a0 par une \u00e9lectrolyse ma\u00eetris\u00e9e <\/strong><\/em><i><b>permet l&#8217;obtention d&#8217;une solution \u00e0 forte teneur en \u00e9l\u00e9ments de qualit\u00e9.\u00a0<\/b><\/i><\/p>\n<p><span style=\"color: #008000;\"><strong>Oligo-\u00e9l\u00e9ments d&#8217;origine naturelle.<\/strong><\/span><\/p>\n","protected":false},"excerpt":{"rendered":"<p><span style=\"font-size: 18pt;\"><strong>Laboratoire Catalyons<\/strong><\/span><\/p>\n","protected":false},"featured_media":6663,"comment_status":"open","ping_status":"closed","template":"","meta":[],"product_brand":[],"product_cat":[15],"product_tag":[],"class_list":{"0":"post-6326","1":"product","2":"type-product","3":"status-publish","4":"has-post-thumbnail","6":"product_cat-les-oligo-elements","8":"first","9":"instock","10":"shipping-taxable","11":"purchasable","12":"product-type-simple"},"aioseo_notices":[],"_links":{"self":[{"href":"https:\/\/lherboristeriedesaintpantaleon.com\/index.php\/wp-json\/wp\/v2\/product\/6326","targetHints":{"allow":["GET"]}}],"collection":[{"href":"https:\/\/lherboristeriedesaintpantaleon.com\/index.php\/wp-json\/wp\/v2\/product"}],"about":[{"href":"https:\/\/lherboristeriedesaintpantaleon.com\/index.php\/wp-json\/wp\/v2\/types\/product"}],"replies":[{"embeddable":true,"href":"https:\/\/lherboristeriedesaintpantaleon.com\/index.php\/wp-json\/wp\/v2\/comments?post=6326"}],"wp:featuredmedia":[{"embeddable":true,"href":"https:\/\/lherboristeriedesaintpantaleon.com\/index.php\/wp-json\/wp\/v2\/media\/6663"}],"wp:attachment":[{"href":"https:\/\/lherboristeriedesaintpantaleon.com\/index.php\/wp-json\/wp\/v2\/media?parent=6326"}],"wp:term":[{"taxonomy":"product_brand","embeddable":true,"href":"https:\/\/lherboristeriedesaintpantaleon.com\/index.php\/wp-json\/wp\/v2\/product_brand?post=6326"},{"taxonomy":"product_cat","embeddable":true,"href":"https:\/\/lherboristeriedesaintpantaleon.com\/index.php\/wp-json\/wp\/v2\/product_cat?post=6326"},{"taxonomy":"product_tag","embeddable":true,"href":"https:\/\/lherboristeriedesaintpantaleon.com\/index.php\/wp-json\/wp\/v2\/product_tag?post=6326"}],"curies":[{"name":"wp","href":"https:\/\/api.w.org\/{rel}","templated":true}]}}