{"id":6332,"date":"2021-03-17T16:36:13","date_gmt":"2021-03-17T15:36:13","guid":{"rendered":"https:\/\/lherboristeriedesaintpantaleon.com\/?post_type=product&#038;p=6332"},"modified":"2026-01-23T19:22:43","modified_gmt":"2026-01-23T18:22:43","slug":"manganese-cuivre","status":"publish","type":"product","link":"https:\/\/lherboristeriedesaintpantaleon.com\/index.php\/produit\/manganese-cuivre\/","title":{"rendered":"Mangan\u00e8se Cuivre"},"content":{"rendered":"<p><strong><span style=\"color: #008000;\">\u00a0Mangan\u00e8se Cuivre<\/span> : Laboratoire Catalyons <\/strong><em>(laboratoire\u00a0<\/em><em>fran\u00e7ais cr\u00e9e en 1960 par Raymond valtat)\u00a0<\/em><\/p>\n<p><em>Conditionnement:\u00a0<span style=\"color: #008000;\"><strong>Flacon\u00a0<\/strong><\/span><\/em><span style=\"color: #008000;\"><em><strong>\u00a0<\/strong><strong>de<\/strong><strong>\u00a0500 ml.<\/strong>\u00a0\u00a0<\/em><\/span><\/p>\n<p>Ingr\u00e9dients : <em><strong><span style=\"color: #008000;\">Eau<\/span><\/strong><strong><span style=\"color: #008000;\">\u00a0 ultra purifi\u00e9e et dynamis\u00e9e, carbonate de mangan\u00e8se, carbonate de cuivre:<\/span>\u00a0<\/strong><\/em><\/p>\n<p><em><strong><span style=\"color: #008000;\">Le Mangan\u00e8se- <\/span><\/strong><\/em><span style=\"color: #008000;\"><em><strong>Cobalt du\u00a0 <\/strong><\/em><\/span><em><span style=\"color: #008000;\">\u00a0laboratoire Catalyons <\/span><b>: proc\u00e9d\u00e9 brevet\u00e9 d&#8217;\u00e9lectrolyse.<\/b><\/em><\/p>\n","protected":false},"excerpt":{"rendered":"<p><span style=\"font-size: 18pt;\"><strong>Laboratoire Catalyons<\/strong><\/span><\/p>\n","protected":false},"featured_media":6668,"comment_status":"open","ping_status":"closed","template":"","meta":[],"product_brand":[],"product_cat":[15],"product_tag":[],"class_list":{"0":"post-6332","1":"product","2":"type-product","3":"status-publish","4":"has-post-thumbnail","6":"product_cat-les-oligo-elements","8":"first","9":"instock","10":"shipping-taxable","11":"purchasable","12":"product-type-simple"},"aioseo_notices":[],"_links":{"self":[{"href":"https:\/\/lherboristeriedesaintpantaleon.com\/index.php\/wp-json\/wp\/v2\/product\/6332","targetHints":{"allow":["GET"]}}],"collection":[{"href":"https:\/\/lherboristeriedesaintpantaleon.com\/index.php\/wp-json\/wp\/v2\/product"}],"about":[{"href":"https:\/\/lherboristeriedesaintpantaleon.com\/index.php\/wp-json\/wp\/v2\/types\/product"}],"replies":[{"embeddable":true,"href":"https:\/\/lherboristeriedesaintpantaleon.com\/index.php\/wp-json\/wp\/v2\/comments?post=6332"}],"wp:featuredmedia":[{"embeddable":true,"href":"https:\/\/lherboristeriedesaintpantaleon.com\/index.php\/wp-json\/wp\/v2\/media\/6668"}],"wp:attachment":[{"href":"https:\/\/lherboristeriedesaintpantaleon.com\/index.php\/wp-json\/wp\/v2\/media?parent=6332"}],"wp:term":[{"taxonomy":"product_brand","embeddable":true,"href":"https:\/\/lherboristeriedesaintpantaleon.com\/index.php\/wp-json\/wp\/v2\/product_brand?post=6332"},{"taxonomy":"product_cat","embeddable":true,"href":"https:\/\/lherboristeriedesaintpantaleon.com\/index.php\/wp-json\/wp\/v2\/product_cat?post=6332"},{"taxonomy":"product_tag","embeddable":true,"href":"https:\/\/lherboristeriedesaintpantaleon.com\/index.php\/wp-json\/wp\/v2\/product_tag?post=6332"}],"curies":[{"name":"wp","href":"https:\/\/api.w.org\/{rel}","templated":true}]}}