{"id":6443,"date":"2023-03-24T18:42:13","date_gmt":"2023-03-24T17:42:13","guid":{"rendered":"https:\/\/lherboristeriedesaintpantaleon.com\/?post_type=product&#038;p=6443"},"modified":"2026-01-23T19:15:12","modified_gmt":"2026-01-23T18:15:12","slug":"airelle-rouge","status":"publish","type":"product","link":"https:\/\/lherboristeriedesaintpantaleon.com\/index.php\/produit\/airelle-rouge\/","title":{"rendered":"Airelle rouge"},"content":{"rendered":"<p><strong><span style=\"color: #008000;\">Mac\u00e9rat glyc\u00e9rin\u00e9 concentr\u00e9<\/span><\/strong>, non dilu\u00e9 de <strong><span style=\"color: #008000;\">jeunes pousses d\u2019Airelle rouge\u00a0 <\/span><\/strong><span style=\"color: #333333;\"><em>Vaccinium vitis idaea <\/em><\/span><strong><span style=\"color: #008000;\"><span style=\"color: #333333;\">&#8221; Les buissonnantes&#8221;<\/span><\/span><\/strong><\/p>\n<p>Partie utilis\u00e9e:<span style=\"color: #008000;\"> J<strong>eunes pousses fra\u00eeches de feuilles d&#8217;Airelle rouge<\/strong><\/span> cueillies au d\u00e9but du mois de mai, mis en mac\u00e9ration sur le lieu de cueillette. 100% de mac\u00e9r\u00e2t de plantes fraiches dynamis\u00e9 \u00e0 la main.<\/p>\n<p>Produit certifi\u00e9\u00a0<span style=\"color: #008000;\"><strong>AB &amp; nature et progr\u00e8s<\/strong><\/span><\/p>\n<p>Flacon: <strong><span style=\"color: #008000;\">30ml<\/span><\/strong><\/p>\n","protected":false},"excerpt":{"rendered":"<p>Mac\u00e9rat glyc\u00e9rin\u00e9 concentr\u00e9, non dilu\u00e9 de jeunes pousses d\u2019Airelle rouge\u00a0 Vaccinium vitis idaea &#8221; Les buissonnantes&#8221; Partie utilis\u00e9e: Jeunes pousses [&hellip;]<\/p>\n","protected":false},"featured_media":6506,"comment_status":"open","ping_status":"closed","template":"","meta":[],"product_brand":[],"product_cat":[83],"product_tag":[],"class_list":{"0":"post-6443","1":"product","2":"type-product","3":"status-publish","4":"has-post-thumbnail","6":"product_cat-gemmotherapie","8":"first","9":"instock","10":"purchasable","11":"product-type-simple"},"aioseo_notices":[],"_links":{"self":[{"href":"https:\/\/lherboristeriedesaintpantaleon.com\/index.php\/wp-json\/wp\/v2\/product\/6443","targetHints":{"allow":["GET"]}}],"collection":[{"href":"https:\/\/lherboristeriedesaintpantaleon.com\/index.php\/wp-json\/wp\/v2\/product"}],"about":[{"href":"https:\/\/lherboristeriedesaintpantaleon.com\/index.php\/wp-json\/wp\/v2\/types\/product"}],"replies":[{"embeddable":true,"href":"https:\/\/lherboristeriedesaintpantaleon.com\/index.php\/wp-json\/wp\/v2\/comments?post=6443"}],"wp:featuredmedia":[{"embeddable":true,"href":"https:\/\/lherboristeriedesaintpantaleon.com\/index.php\/wp-json\/wp\/v2\/media\/6506"}],"wp:attachment":[{"href":"https:\/\/lherboristeriedesaintpantaleon.com\/index.php\/wp-json\/wp\/v2\/media?parent=6443"}],"wp:term":[{"taxonomy":"product_brand","embeddable":true,"href":"https:\/\/lherboristeriedesaintpantaleon.com\/index.php\/wp-json\/wp\/v2\/product_brand?post=6443"},{"taxonomy":"product_cat","embeddable":true,"href":"https:\/\/lherboristeriedesaintpantaleon.com\/index.php\/wp-json\/wp\/v2\/product_cat?post=6443"},{"taxonomy":"product_tag","embeddable":true,"href":"https:\/\/lherboristeriedesaintpantaleon.com\/index.php\/wp-json\/wp\/v2\/product_tag?post=6443"}],"curies":[{"name":"wp","href":"https:\/\/api.w.org\/{rel}","templated":true}]}}