{"id":6448,"date":"2023-03-26T15:50:57","date_gmt":"2023-03-26T13:50:57","guid":{"rendered":"https:\/\/lherboristeriedesaintpantaleon.com\/?post_type=product&#038;p=6448"},"modified":"2026-01-23T19:16:00","modified_gmt":"2026-01-23T18:16:00","slug":"arbre-de-judee","status":"publish","type":"product","link":"https:\/\/lherboristeriedesaintpantaleon.com\/index.php\/produit\/arbre-de-judee\/","title":{"rendered":"Arbre de Jud\u00e9e"},"content":{"rendered":"<p><span style=\"color: #008000;\"><b>Mac\u00e9r\u00e2t<\/b><strong>\u00a0glyc\u00e9rin\u00e9 concentr\u00e9<\/strong><\/span>, non dilu\u00e9 de <strong><span style=\"color: #008000;\">bourgeons de l&#8217;arbre de Jud\u00e9e<\/span><\/strong><span style=\"color: #008000;\">\u00a0<\/span> <em>Cercis siliquastrum<\/em><strong>\u00a0 \u00bb Les buissonnantes\u00bb<\/strong><\/p>\n<p>Partie utilis\u00e9e: <span style=\"color: #008000;\"><span style=\"color: #008000;\"><b>Bourgeons frais de feuilles de l&#8217;Arbre de Jud\u00e9e\u00a0<\/b><\/span><\/span>cueillies au mois de mars apr\u00e8s la floraison, mis en mac\u00e9ration sur le lieu de cueillette. 100% de mac\u00e9r\u00e2t de plantes fraiches dynamis\u00e9 \u00e0 la main.<\/p>\n<p>Produit certifi\u00e9\u00a0<span style=\"color: #008000;\"><strong>AB &amp; nature et progr\u00e8s<\/strong><\/span><\/p>\n<p>Flacon:\u00a0<span style=\"color: #008000;\"><strong>30ml<\/strong><\/span><\/p>\n","protected":false},"excerpt":{"rendered":"<p>Mac\u00e9r\u00e2t\u00a0glyc\u00e9rin\u00e9 concentr\u00e9, non dilu\u00e9 de bourgeons de l&#8217;arbre de Jud\u00e9e\u00a0 Cercis siliquastrum\u00a0 \u00bb Les buissonnantes\u00bb Partie utilis\u00e9e: Bourgeons frais de [&hellip;]<\/p>\n","protected":false},"featured_media":6502,"comment_status":"open","ping_status":"closed","template":"","meta":[],"product_brand":[],"product_cat":[83],"product_tag":[],"class_list":{"0":"post-6448","1":"product","2":"type-product","3":"status-publish","4":"has-post-thumbnail","6":"product_cat-gemmotherapie","8":"first","9":"instock","10":"purchasable","11":"product-type-simple"},"aioseo_notices":[],"_links":{"self":[{"href":"https:\/\/lherboristeriedesaintpantaleon.com\/index.php\/wp-json\/wp\/v2\/product\/6448","targetHints":{"allow":["GET"]}}],"collection":[{"href":"https:\/\/lherboristeriedesaintpantaleon.com\/index.php\/wp-json\/wp\/v2\/product"}],"about":[{"href":"https:\/\/lherboristeriedesaintpantaleon.com\/index.php\/wp-json\/wp\/v2\/types\/product"}],"replies":[{"embeddable":true,"href":"https:\/\/lherboristeriedesaintpantaleon.com\/index.php\/wp-json\/wp\/v2\/comments?post=6448"}],"wp:featuredmedia":[{"embeddable":true,"href":"https:\/\/lherboristeriedesaintpantaleon.com\/index.php\/wp-json\/wp\/v2\/media\/6502"}],"wp:attachment":[{"href":"https:\/\/lherboristeriedesaintpantaleon.com\/index.php\/wp-json\/wp\/v2\/media?parent=6448"}],"wp:term":[{"taxonomy":"product_brand","embeddable":true,"href":"https:\/\/lherboristeriedesaintpantaleon.com\/index.php\/wp-json\/wp\/v2\/product_brand?post=6448"},{"taxonomy":"product_cat","embeddable":true,"href":"https:\/\/lherboristeriedesaintpantaleon.com\/index.php\/wp-json\/wp\/v2\/product_cat?post=6448"},{"taxonomy":"product_tag","embeddable":true,"href":"https:\/\/lherboristeriedesaintpantaleon.com\/index.php\/wp-json\/wp\/v2\/product_tag?post=6448"}],"curies":[{"name":"wp","href":"https:\/\/api.w.org\/{rel}","templated":true}]}}