{"id":6452,"date":"2023-03-26T18:08:09","date_gmt":"2023-03-26T16:08:09","guid":{"rendered":"https:\/\/lherboristeriedesaintpantaleon.com\/?post_type=product&#038;p=6452"},"modified":"2026-01-23T19:16:55","modified_gmt":"2026-01-23T18:16:55","slug":"aulne-glutineux","status":"publish","type":"product","link":"https:\/\/lherboristeriedesaintpantaleon.com\/index.php\/produit\/aulne-glutineux\/","title":{"rendered":"Aulne glutineux"},"content":{"rendered":"<p><span style=\"color: #008000;\"><b>Mac\u00e9r\u00e2t<\/b><strong>\u00a0glyc\u00e9rin\u00e9 concentr\u00e9<\/strong><\/span>, non dilu\u00e9 de <span style=\"color: #008000;\">Bourgeons d&#8217;aulne glutineux <\/span> <em>alnus glutinosa <\/em><strong>\u00bb Les Buissonnantes \u00bb<\/strong><\/p>\n<p>Partie utilis\u00e9e: <strong><span style=\"color: #008000;\">bourgeons<\/span><span style=\"color: #008000;\"> frais de feuilles d\u2019Aulne glutineux<\/span> <\/strong>cueillies au\u00a0 mois de mars en bord de rivi\u00e8re, mis en mac\u00e9ration sur le lieu de cueillette. 100% de mac\u00e9r\u00e2t de plantes fraiches dynamis\u00e9 \u00e0 la main.<\/p>\n<p>Produit certifi\u00e9\u00a0<span style=\"color: #008000;\"><strong>AB &amp; nature et progr\u00e8s<\/strong><\/span><\/p>\n<p>Flacon:<span style=\"color: #008000;\">\u00a0<strong>30ml<\/strong><\/span><\/p>\n","protected":false},"excerpt":{"rendered":"<p>Mac\u00e9r\u00e2t\u00a0glyc\u00e9rin\u00e9 concentr\u00e9, non dilu\u00e9 de Bourgeons d&#8217;aulne glutineux alnus glutinosa \u00bb Les Buissonnantes \u00bb Partie utilis\u00e9e: bourgeons frais de feuilles [&hellip;]<\/p>\n","protected":false},"featured_media":6498,"comment_status":"open","ping_status":"closed","template":"","meta":[],"product_brand":[],"product_cat":[83],"product_tag":[],"class_list":{"0":"post-6452","1":"product","2":"type-product","3":"status-publish","4":"has-post-thumbnail","6":"product_cat-gemmotherapie","8":"first","9":"instock","10":"purchasable","11":"product-type-simple"},"aioseo_notices":[],"_links":{"self":[{"href":"https:\/\/lherboristeriedesaintpantaleon.com\/index.php\/wp-json\/wp\/v2\/product\/6452","targetHints":{"allow":["GET"]}}],"collection":[{"href":"https:\/\/lherboristeriedesaintpantaleon.com\/index.php\/wp-json\/wp\/v2\/product"}],"about":[{"href":"https:\/\/lherboristeriedesaintpantaleon.com\/index.php\/wp-json\/wp\/v2\/types\/product"}],"replies":[{"embeddable":true,"href":"https:\/\/lherboristeriedesaintpantaleon.com\/index.php\/wp-json\/wp\/v2\/comments?post=6452"}],"wp:featuredmedia":[{"embeddable":true,"href":"https:\/\/lherboristeriedesaintpantaleon.com\/index.php\/wp-json\/wp\/v2\/media\/6498"}],"wp:attachment":[{"href":"https:\/\/lherboristeriedesaintpantaleon.com\/index.php\/wp-json\/wp\/v2\/media?parent=6452"}],"wp:term":[{"taxonomy":"product_brand","embeddable":true,"href":"https:\/\/lherboristeriedesaintpantaleon.com\/index.php\/wp-json\/wp\/v2\/product_brand?post=6452"},{"taxonomy":"product_cat","embeddable":true,"href":"https:\/\/lherboristeriedesaintpantaleon.com\/index.php\/wp-json\/wp\/v2\/product_cat?post=6452"},{"taxonomy":"product_tag","embeddable":true,"href":"https:\/\/lherboristeriedesaintpantaleon.com\/index.php\/wp-json\/wp\/v2\/product_tag?post=6452"}],"curies":[{"name":"wp","href":"https:\/\/api.w.org\/{rel}","templated":true}]}}