{"id":6458,"date":"2023-03-26T22:17:46","date_gmt":"2023-03-26T20:17:46","guid":{"rendered":"https:\/\/lherboristeriedesaintpantaleon.com\/?post_type=product&#038;p=6458"},"modified":"2026-01-23T19:17:55","modified_gmt":"2026-01-23T18:17:55","slug":"bruyere-cendree","status":"publish","type":"product","link":"https:\/\/lherboristeriedesaintpantaleon.com\/index.php\/produit\/bruyere-cendree\/","title":{"rendered":"Bruy\u00e8re cendr\u00e9e"},"content":{"rendered":"<p><span style=\"color: #008000;\"><b>Mac\u00e9r\u00e2t<\/b><strong>\u00a0glyc\u00e9rin\u00e9 concentr\u00e9<\/strong><\/span>, non dilu\u00e9 de Bourgeons de Bruy\u00e8re cendr\u00e9e (<em>Erica cinerea)<\/em><strong>\u00a0 \u00bb Les Buissonnantes \u00bb<\/strong><\/p>\n<p>Partie utilis\u00e9e: <strong><span style=\"color: #008000;\">Jeunes pousses fra\u00eeches de feuilles de Bruy\u00e8re cendr\u00e9e <\/span><\/strong>cueillies au d\u00e9but du\u00a0 \u00a0mois de mars, mis en mac\u00e9ration sur le lieu de cueillette. Mac\u00e9r\u00e2t de plantes fraiches dynamis\u00e9 \u00e0 la main.<\/p>\n<p>Produit certifi\u00e9\u00a0<span style=\"color: #008000;\"><strong>AB &amp; nature et progr\u00e8s<\/strong><\/span><\/p>\n<p>Flacon:\u00a0<span style=\"color: #008000;\"><strong>30ml<\/strong><\/span><\/p>\n","protected":false},"excerpt":{"rendered":"<p>Mac\u00e9r\u00e2t\u00a0glyc\u00e9rin\u00e9 concentr\u00e9, non dilu\u00e9 de Bourgeons de Bruy\u00e8re cendr\u00e9e (Erica cinerea)\u00a0 \u00bb Les Buissonnantes \u00bb Partie utilis\u00e9e: Jeunes pousses fra\u00eeches [&hellip;]<\/p>\n","protected":false},"featured_media":6491,"comment_status":"open","ping_status":"closed","template":"","meta":[],"product_brand":[],"product_cat":[83],"product_tag":[],"class_list":{"0":"post-6458","1":"product","2":"type-product","3":"status-publish","4":"has-post-thumbnail","6":"product_cat-gemmotherapie","8":"first","9":"instock","10":"purchasable","11":"product-type-simple"},"aioseo_notices":[],"_links":{"self":[{"href":"https:\/\/lherboristeriedesaintpantaleon.com\/index.php\/wp-json\/wp\/v2\/product\/6458","targetHints":{"allow":["GET"]}}],"collection":[{"href":"https:\/\/lherboristeriedesaintpantaleon.com\/index.php\/wp-json\/wp\/v2\/product"}],"about":[{"href":"https:\/\/lherboristeriedesaintpantaleon.com\/index.php\/wp-json\/wp\/v2\/types\/product"}],"replies":[{"embeddable":true,"href":"https:\/\/lherboristeriedesaintpantaleon.com\/index.php\/wp-json\/wp\/v2\/comments?post=6458"}],"wp:featuredmedia":[{"embeddable":true,"href":"https:\/\/lherboristeriedesaintpantaleon.com\/index.php\/wp-json\/wp\/v2\/media\/6491"}],"wp:attachment":[{"href":"https:\/\/lherboristeriedesaintpantaleon.com\/index.php\/wp-json\/wp\/v2\/media?parent=6458"}],"wp:term":[{"taxonomy":"product_brand","embeddable":true,"href":"https:\/\/lherboristeriedesaintpantaleon.com\/index.php\/wp-json\/wp\/v2\/product_brand?post=6458"},{"taxonomy":"product_cat","embeddable":true,"href":"https:\/\/lherboristeriedesaintpantaleon.com\/index.php\/wp-json\/wp\/v2\/product_cat?post=6458"},{"taxonomy":"product_tag","embeddable":true,"href":"https:\/\/lherboristeriedesaintpantaleon.com\/index.php\/wp-json\/wp\/v2\/product_tag?post=6458"}],"curies":[{"name":"wp","href":"https:\/\/api.w.org\/{rel}","templated":true}]}}