{"id":6462,"date":"2023-03-28T18:18:39","date_gmt":"2023-03-28T16:18:39","guid":{"rendered":"https:\/\/lherboristeriedesaintpantaleon.com\/?post_type=product&#038;p=6462"},"modified":"2026-01-23T19:18:13","modified_gmt":"2026-01-23T18:18:13","slug":"cassis","status":"publish","type":"product","link":"https:\/\/lherboristeriedesaintpantaleon.com\/index.php\/produit\/cassis\/","title":{"rendered":"Cassis"},"content":{"rendered":"<p><span style=\"color: #008000;\">Mac\u00e9r\u00e2t<strong>\u00a0glyc\u00e9rin\u00e9 concentr\u00e9<\/strong><\/span>, non dilu\u00e9 de <strong>Bourgeons de Cassis<\/strong> <em>Ribes nigrum<\/em><strong> \u00a0\u00bb Les Buissonnantes \u00bb<\/strong><\/p>\n<p>Partie utilis\u00e9e: <strong><span style=\"color: #008000;\">Bourgeon frais <\/span><span style=\"color: #008000;\">\u00a0de feuilles de Cassissier<\/span>\u00a0<\/strong>cueillis au d\u00e9but\u00a0 du mois de mars. Mis en mac\u00e9ration sur le lieu de cueillette. 100% de mac\u00e9r\u00e2t de plantes fraiches dynamis\u00e9 \u00e0 la main.<\/p>\n<p>Produit certifi\u00e9\u00a0<strong>A<span style=\"color: #008000;\">B &amp; nature et progr\u00e8s<\/span><\/strong><\/p>\n<p>Flacon:\u00a0<strong><em><span style=\"color: #008000;\">30ml<\/span><\/em><\/strong><\/p>\n","protected":false},"excerpt":{"rendered":"<p>Mac\u00e9r\u00e2t\u00a0glyc\u00e9rin\u00e9 concentr\u00e9, non dilu\u00e9 de Bourgeons de Cassis Ribes nigrum \u00a0\u00bb Les Buissonnantes \u00bb Partie utilis\u00e9e: Bourgeon frais \u00a0de feuilles [&hellip;]<\/p>\n","protected":false},"featured_media":6489,"comment_status":"open","ping_status":"closed","template":"","meta":[],"product_brand":[],"product_cat":[83],"product_tag":[],"class_list":{"0":"post-6462","1":"product","2":"type-product","3":"status-publish","4":"has-post-thumbnail","6":"product_cat-gemmotherapie","8":"first","9":"instock","10":"purchasable","11":"product-type-simple"},"aioseo_notices":[],"_links":{"self":[{"href":"https:\/\/lherboristeriedesaintpantaleon.com\/index.php\/wp-json\/wp\/v2\/product\/6462","targetHints":{"allow":["GET"]}}],"collection":[{"href":"https:\/\/lherboristeriedesaintpantaleon.com\/index.php\/wp-json\/wp\/v2\/product"}],"about":[{"href":"https:\/\/lherboristeriedesaintpantaleon.com\/index.php\/wp-json\/wp\/v2\/types\/product"}],"replies":[{"embeddable":true,"href":"https:\/\/lherboristeriedesaintpantaleon.com\/index.php\/wp-json\/wp\/v2\/comments?post=6462"}],"wp:featuredmedia":[{"embeddable":true,"href":"https:\/\/lherboristeriedesaintpantaleon.com\/index.php\/wp-json\/wp\/v2\/media\/6489"}],"wp:attachment":[{"href":"https:\/\/lherboristeriedesaintpantaleon.com\/index.php\/wp-json\/wp\/v2\/media?parent=6462"}],"wp:term":[{"taxonomy":"product_brand","embeddable":true,"href":"https:\/\/lherboristeriedesaintpantaleon.com\/index.php\/wp-json\/wp\/v2\/product_brand?post=6462"},{"taxonomy":"product_cat","embeddable":true,"href":"https:\/\/lherboristeriedesaintpantaleon.com\/index.php\/wp-json\/wp\/v2\/product_cat?post=6462"},{"taxonomy":"product_tag","embeddable":true,"href":"https:\/\/lherboristeriedesaintpantaleon.com\/index.php\/wp-json\/wp\/v2\/product_tag?post=6462"}],"curies":[{"name":"wp","href":"https:\/\/api.w.org\/{rel}","templated":true}]}}