{"id":6524,"date":"2024-07-10T17:45:25","date_gmt":"2024-07-10T15:45:25","guid":{"rendered":"https:\/\/lherboristeriedesaintpantaleon.com\/?post_type=product&#038;p=6524"},"modified":"2026-01-23T19:19:52","modified_gmt":"2026-01-23T18:19:52","slug":"chataignier","status":"publish","type":"product","link":"https:\/\/lherboristeriedesaintpantaleon.com\/index.php\/produit\/chataignier\/","title":{"rendered":"Ch\u00e2taignier"},"content":{"rendered":"<p><span style=\"color: #008000;\"><b>Mac\u00e9r\u00e2t<\/b><strong>\u00a0glyc\u00e9rin\u00e9 concentr\u00e9<\/strong><\/span>, non dilu\u00e9 de<strong>\u00a0<span style=\"color: #008000;\">Bourgeons de Ch\u00e2taignier<\/span><\/strong>\u00a0<em>Castanea sativa<\/em><strong>\u00bb Les Buissonnantes \u00bb<\/strong><\/p>\n<p>Partie utilis\u00e9e:<span style=\"color: #008000;\">\u00a0<strong>Bourgeons frais de Ch\u00e2taignier <\/strong><\/span>cueillies et mis en mac\u00e9ration sur le lieu de cueillette. 100% de mac\u00e9r\u00e2t de plantes fraiches dynamis\u00e9 \u00e0 la main.<\/p>\n<p>Produit certifi\u00e9\u00a0<span style=\"color: #008000;\"><strong>AB &amp; nature et progr\u00e8s<\/strong><\/span><\/p>\n<p>Flacon:<span style=\"color: #008000;\"> <strong>30ml\u00a0<\/strong><strong>avec pipette compte gouttes.<\/strong><\/span><\/p>\n","protected":false},"excerpt":{"rendered":"<p>Mac\u00e9r\u00e2t\u00a0glyc\u00e9rin\u00e9 concentr\u00e9, non dilu\u00e9 de\u00a0Bourgeons de Ch\u00e2taignier\u00a0Castanea sativa\u00bb Les Buissonnantes \u00bb Partie utilis\u00e9e:\u00a0Bourgeons frais de Ch\u00e2taignier cueillies et mis en [&hellip;]<\/p>\n","protected":false},"featured_media":6525,"comment_status":"open","ping_status":"closed","template":"","meta":[],"product_brand":[],"product_cat":[83],"product_tag":[],"class_list":{"0":"post-6524","1":"product","2":"type-product","3":"status-publish","4":"has-post-thumbnail","6":"product_cat-gemmotherapie","8":"first","9":"instock","10":"purchasable","11":"product-type-simple"},"aioseo_notices":[],"_links":{"self":[{"href":"https:\/\/lherboristeriedesaintpantaleon.com\/index.php\/wp-json\/wp\/v2\/product\/6524","targetHints":{"allow":["GET"]}}],"collection":[{"href":"https:\/\/lherboristeriedesaintpantaleon.com\/index.php\/wp-json\/wp\/v2\/product"}],"about":[{"href":"https:\/\/lherboristeriedesaintpantaleon.com\/index.php\/wp-json\/wp\/v2\/types\/product"}],"replies":[{"embeddable":true,"href":"https:\/\/lherboristeriedesaintpantaleon.com\/index.php\/wp-json\/wp\/v2\/comments?post=6524"}],"wp:featuredmedia":[{"embeddable":true,"href":"https:\/\/lherboristeriedesaintpantaleon.com\/index.php\/wp-json\/wp\/v2\/media\/6525"}],"wp:attachment":[{"href":"https:\/\/lherboristeriedesaintpantaleon.com\/index.php\/wp-json\/wp\/v2\/media?parent=6524"}],"wp:term":[{"taxonomy":"product_brand","embeddable":true,"href":"https:\/\/lherboristeriedesaintpantaleon.com\/index.php\/wp-json\/wp\/v2\/product_brand?post=6524"},{"taxonomy":"product_cat","embeddable":true,"href":"https:\/\/lherboristeriedesaintpantaleon.com\/index.php\/wp-json\/wp\/v2\/product_cat?post=6524"},{"taxonomy":"product_tag","embeddable":true,"href":"https:\/\/lherboristeriedesaintpantaleon.com\/index.php\/wp-json\/wp\/v2\/product_tag?post=6524"}],"curies":[{"name":"wp","href":"https:\/\/api.w.org\/{rel}","templated":true}]}}