{"id":6542,"date":"2025-01-09T19:25:32","date_gmt":"2025-01-09T18:25:32","guid":{"rendered":"https:\/\/lherboristeriedesaintpantaleon.com\/?post_type=product&#038;p=6542"},"modified":"2026-01-23T19:22:43","modified_gmt":"2026-01-23T18:22:43","slug":"la-tisane-du-bonheur-2","status":"publish","type":"product","link":"https:\/\/lherboristeriedesaintpantaleon.com\/index.php\/produit\/la-tisane-du-bonheur-2\/","title":{"rendered":"La Tisane du Bonheur"},"content":{"rendered":"<p><b>La Tisane du Bonheur<\/b><\/p>\n<p>M\u00e9lange de la plantes utilis\u00e9es:\u00a0<strong><span style=\"color: #008000;\">M\u00e9lisse<\/span>\u00a0<\/strong><em>Melissa officinalis,\u00a0<\/em><strong><span style=\"color: #008000;\">Cassis<\/span>\u00a0<\/strong><em>Ribes nigrum,<span style=\"color: #008000;\">\u00a0<\/span><\/em><span style=\"color: #008000;\"><strong>Soucis\u00a0<\/strong><\/span><em>Calendula officinalis,<span style=\"color: #008000;\">\u00a0<\/span><\/em><strong><span style=\"color: #008000;\">Aub\u00e9pine<\/span>\u00a0<\/strong><em>Crataegus monogina,\u00a0<\/em><strong><span style=\"color: #008000;\">Oranger bigaradier<\/span>\u00a0<\/strong><em>Aurantium bigaradier,\u00a0<\/em><span style=\"color: #008000;\"><strong>Matricaire\u00a0<\/strong><\/span><em>Matricaria recutita,\u00a0<\/em><span style=\"color: #008000;\"><strong>Boldo\u00a0<\/strong><\/span><em>Peumus boldus<\/em><strong><br \/>\n<\/strong><\/p>\n<p>Produit certifi\u00e9\u00a0<span style=\"color: #008000;\"><strong>AB<\/strong><\/span>,<\/p>\n<p>Pot en verre violet de:\u00a0 <strong><em>contenances:<\/em><\/strong><span style=\"color: #008000;\"><strong>\u00a050g, 100g\u00a0 \u00a0<\/strong><\/span><\/p>\n<ul style=\"list-style-type: disc;\">\n<li><strong><span style=\"color: #008000;\"><i>\u00a0Pourquoi un contenant en verre violet?<\/i><\/span><\/strong><span style=\"color: #333333;\">\u00a0 Il permet de prot\u00e9ger les plantes de la lumi\u00e8re afin d&#8217;\u00e9viter toutes oxydations et perte des principes actifs des plantes. Puis d\u00e8s votre tisane termin\u00e9e,\u00a0 commandez <span style=\"color: #008000;\"><strong>la Tisane du bonheur<\/strong><\/span> <em><strong>en sachet kraft<\/strong><\/em> afin de remplir \u00e0 nouveau votre pot (dans la rubrique <strong>Tisane).<\/strong>\u00a0<\/span><\/li>\n<\/ul>\n","protected":false},"excerpt":{"rendered":"<p><span style=\"color: #333333;\">\u00a0Contenant en verre violet permet de prot\u00e9ger les plantes de la lumi\u00e8re afin d&#8217;\u00e9viter toutes oxydations et perte des principes actifs des plantes.<\/span><\/p>\n","protected":false},"featured_media":6543,"comment_status":"open","ping_status":"closed","template":"","meta":[],"product_brand":[],"product_cat":[91,85],"product_tag":[],"class_list":{"0":"post-6542","1":"product","2":"type-product","3":"status-publish","4":"has-post-thumbnail","6":"product_cat-creations-passion-aromatique","7":"product_cat-tisanes-pot-en-verre-violet","9":"first","10":"instock","11":"purchasable","12":"product-type-variable"},"aioseo_notices":[],"_links":{"self":[{"href":"https:\/\/lherboristeriedesaintpantaleon.com\/index.php\/wp-json\/wp\/v2\/product\/6542","targetHints":{"allow":["GET"]}}],"collection":[{"href":"https:\/\/lherboristeriedesaintpantaleon.com\/index.php\/wp-json\/wp\/v2\/product"}],"about":[{"href":"https:\/\/lherboristeriedesaintpantaleon.com\/index.php\/wp-json\/wp\/v2\/types\/product"}],"replies":[{"embeddable":true,"href":"https:\/\/lherboristeriedesaintpantaleon.com\/index.php\/wp-json\/wp\/v2\/comments?post=6542"}],"wp:featuredmedia":[{"embeddable":true,"href":"https:\/\/lherboristeriedesaintpantaleon.com\/index.php\/wp-json\/wp\/v2\/media\/6543"}],"wp:attachment":[{"href":"https:\/\/lherboristeriedesaintpantaleon.com\/index.php\/wp-json\/wp\/v2\/media?parent=6542"}],"wp:term":[{"taxonomy":"product_brand","embeddable":true,"href":"https:\/\/lherboristeriedesaintpantaleon.com\/index.php\/wp-json\/wp\/v2\/product_brand?post=6542"},{"taxonomy":"product_cat","embeddable":true,"href":"https:\/\/lherboristeriedesaintpantaleon.com\/index.php\/wp-json\/wp\/v2\/product_cat?post=6542"},{"taxonomy":"product_tag","embeddable":true,"href":"https:\/\/lherboristeriedesaintpantaleon.com\/index.php\/wp-json\/wp\/v2\/product_tag?post=6542"}],"curies":[{"name":"wp","href":"https:\/\/api.w.org\/{rel}","templated":true}]}}