{"id":6574,"date":"2025-01-10T11:05:29","date_gmt":"2025-01-10T10:05:29","guid":{"rendered":"https:\/\/lherboristeriedesaintpantaleon.com\/?post_type=product&#038;p=6574"},"modified":"2025-03-11T11:27:23","modified_gmt":"2025-03-11T10:27:23","slug":"tisane-du-moment","status":"publish","type":"product","link":"https:\/\/lherboristeriedesaintpantaleon.com\/index.php\/produit\/tisane-du-moment\/","title":{"rendered":"Tisane du Moment"},"content":{"rendered":"<p><b><span style=\"color: #008000;\">La Tisane du Moment<\/span>.<\/b><\/p>\n<p>M\u00e9lange de la plantes utilis\u00e9es:<span style=\"color: #008000;\">\u00a0<strong>Citronnelle\u00a0<\/strong>(feuilles)<\/span>\u00a0<em>Cymbopogon citratus,<\/em><em>\u00a0<\/em><span style=\"color: #008000;\"><strong>Coriandre\u00a0<\/strong>(fruits)<\/span>\u00a0<em>Coriandrum sativum,\u00a0<\/em><span style=\"color: #008000;\"><em>\u00a0<\/em><strong>Fenouil\u00a0<\/strong>(fruis)<\/span>\u00a0<em>Foeniculum vulgare,<span style=\"color: #008000;\">\u00a0<\/span><\/em><span style=\"color: #008000;\"><strong>Anis vert<\/strong>\u00a0(fruits)<\/span>\u00a0<em>pimpinella anisium,<span style=\"color: #008000;\">\u00a0<\/span><\/em><span style=\"color: #008000;\"><strong>Cardamome <\/strong>(fruits)<\/span>\u00a0<em>Eletaria Cardamomum,<\/em>\u00a0<span style=\"color: #008000;\"><strong>Agastache<\/strong>\u00a0(plante enti\u00e8re)<\/span>\u00a0<em>agastache foeniculum,\u00a0<\/em><span style=\"color: #008000;\"><strong>Menthe<\/strong>\u00a0<strong>poivr\u00e9e<\/strong> (feuille)<\/span>\u00a0<em>mentha piperita<\/em>.<\/p>\n<p>Produit certifi\u00e9<span style=\"color: #008000;\">\u00a0<strong>AB<\/strong><\/span>,<\/p>\n<p><strong><span style=\"color: #008000;\">Pot en verre violet:<\/span><\/strong> <strong>Contenance:<\/strong><span style=\"color: #008000;\"><strong>\u00a075g, 150g<\/strong><\/span><\/p>\n<ul>\n<li><span style=\"color: #008000;\"><strong><i>\u00a0Pourquoi un contenant en verre violet?<\/i><\/strong>\u00a0<\/span> Il permet de prot\u00e9ger les plantes de la lumi\u00e8re afin d\u2019\u00e9viter toutes oxydations et perte des principes actifs des plantes. Puis d\u00e8s votre tisane termin\u00e9e,\u00a0 commandez<span style=\"color: #008000;\">\u00a0<strong>la Tisane du Moment<\/strong><\/span>\u00a0<em><strong>en sachet kraft<\/strong><\/em>\u00a0afin de remplir \u00e0 nouveau votre pot (dans la rubrique\u00a0<strong>Tisane).<\/strong><\/li>\n<\/ul>\n<p>&nbsp;<\/p>\n","protected":false},"excerpt":{"rendered":"<p>Contenant en verre violet permet de prot\u00e9ger les plantes de la lumi\u00e8re afin d\u2019\u00e9viter toutes oxydations et perte des principes actifs des plantes.<\/p>\n","protected":false},"featured_media":6577,"comment_status":"open","ping_status":"closed","template":"","meta":[],"product_brand":[],"product_cat":[91,85],"product_tag":[],"class_list":{"0":"post-6574","1":"product","2":"type-product","3":"status-publish","4":"has-post-thumbnail","6":"product_cat-creations-passion-aromatique","7":"product_cat-tisanes-pot-en-verre-violet","9":"first","10":"instock","11":"purchasable","12":"product-type-variable"},"aioseo_notices":[],"_links":{"self":[{"href":"https:\/\/lherboristeriedesaintpantaleon.com\/index.php\/wp-json\/wp\/v2\/product\/6574","targetHints":{"allow":["GET"]}}],"collection":[{"href":"https:\/\/lherboristeriedesaintpantaleon.com\/index.php\/wp-json\/wp\/v2\/product"}],"about":[{"href":"https:\/\/lherboristeriedesaintpantaleon.com\/index.php\/wp-json\/wp\/v2\/types\/product"}],"replies":[{"embeddable":true,"href":"https:\/\/lherboristeriedesaintpantaleon.com\/index.php\/wp-json\/wp\/v2\/comments?post=6574"}],"wp:featuredmedia":[{"embeddable":true,"href":"https:\/\/lherboristeriedesaintpantaleon.com\/index.php\/wp-json\/wp\/v2\/media\/6577"}],"wp:attachment":[{"href":"https:\/\/lherboristeriedesaintpantaleon.com\/index.php\/wp-json\/wp\/v2\/media?parent=6574"}],"wp:term":[{"taxonomy":"product_brand","embeddable":true,"href":"https:\/\/lherboristeriedesaintpantaleon.com\/index.php\/wp-json\/wp\/v2\/product_brand?post=6574"},{"taxonomy":"product_cat","embeddable":true,"href":"https:\/\/lherboristeriedesaintpantaleon.com\/index.php\/wp-json\/wp\/v2\/product_cat?post=6574"},{"taxonomy":"product_tag","embeddable":true,"href":"https:\/\/lherboristeriedesaintpantaleon.com\/index.php\/wp-json\/wp\/v2\/product_tag?post=6574"}],"curies":[{"name":"wp","href":"https:\/\/api.w.org\/{rel}","templated":true}]}}