{"id":6583,"date":"2025-01-10T15:15:27","date_gmt":"2025-01-10T14:15:27","guid":{"rendered":"https:\/\/lherboristeriedesaintpantaleon.com\/?post_type=product&#038;p=6583"},"modified":"2025-03-11T11:25:31","modified_gmt":"2025-03-11T10:25:31","slug":"tisane-nuit-paisible-2","status":"publish","type":"product","link":"https:\/\/lherboristeriedesaintpantaleon.com\/index.php\/produit\/tisane-nuit-paisible-2\/","title":{"rendered":"Tisane Nuit Paisible"},"content":{"rendered":"<p><span style=\"color: #008000;\"><strong>Tisane Nuit Paisible<\/strong><\/span><\/p>\n<p><span style=\"color: #333333;\">M\u00e9lange de plantes utilis\u00e9es:\u00a0<span style=\"color: #008000;\"><strong>M\u00e9lisse<\/strong> (feuilles) <span style=\"color: #333333;\">melissa officinalis, <span style=\"color: #008000;\"><strong>Houblon\u00a0<\/strong>(c\u00f4nes)<span style=\"color: #333333;\"> humulus lupulus,\u00a0<strong><span style=\"color: #008000;\">Passiflore\u00a0<\/span><\/strong><span style=\"color: #008000;\">(sommit\u00e9s fleuries)<\/span><em> passiflora edulis sims,\u00a0<\/em><strong><span style=\"color: #008000;\">Oranger bigaradier\u00a0<\/span><\/strong><span style=\"color: #008000;\">(feuilles) c<span style=\"color: #333333;\"><em>itrus aurantium,\u00a0<\/em><strong><span style=\"color: #008000;\">Asp\u00e9rule odorante<\/span><\/strong><span style=\"color: #008000;\"> (feuilles) <em><span style=\"color: #333333;\">galium odorata,\u00a0<\/span><\/em><span style=\"color: #008000;\"><strong>Matricaire\u00a0<\/strong>(capitules)\u00a0<span style=\"color: #333333;\"><em>matricaria recutita,\u00a0<\/em><\/span><span style=\"color: #008000;\"><strong>Boldo\u00a0<\/strong><\/span>(feuilles)\u00a0<span style=\"color: #008000;\"><em><span style=\"color: #333333;\">peumus boldus.\u00a0<\/span><\/em><\/span><\/span><\/span><\/span><\/span><\/span><\/span><\/span><\/span><\/span><\/p>\n<p>Produit certifi\u00e9\u00a0<span style=\"color: #008000;\"><strong>AB<\/strong><\/span>,<\/p>\n<p><span style=\"color: #008000;\"><strong>Pot en verre violet <\/strong><\/span>: <strong>Contenance<\/strong> de : <strong>\u00a0<span style=\"color: #008000;\">50g, 100g.\u00a0\u00a0<\/span><\/strong><\/p>\n<p>&nbsp;<\/p>\n<ul>\n<li><strong><i>\u00a0<span style=\"color: #008000;\">Pourquoi un contenant en verre violet?<\/span><\/i><\/strong><span style=\"color: #008000;\">\u00a0<\/span> Il permet de prot\u00e9ger les plantes de la lumi\u00e8re afin d\u2019\u00e9viter toutes oxydations et perte des principes actifs des plantes. Puis d\u00e8s votre tisane termin\u00e9e,\u00a0 commandez\u00a0<span style=\"color: #008000;\"><strong>la Tisane Nuit paisible<\/strong>\u00a0<\/span><em><strong>en sachet kraft<\/strong><\/em>\u00a0afin de remplir \u00e0 nouveau votre pot (dans la rubrique\u00a0<strong>Tisane).<\/strong><\/li>\n<\/ul>\n","protected":false},"excerpt":{"rendered":"<p>Le contenant en verre violet permet de prot\u00e9ger les plantes de la lumi\u00e8re afin d\u2019\u00e9viter toutes oxydations et perte des principes actifs des plantes.<\/p>\n","protected":false},"featured_media":6587,"comment_status":"open","ping_status":"closed","template":"","meta":[],"product_brand":[],"product_cat":[91,85],"product_tag":[],"class_list":{"0":"post-6583","1":"product","2":"type-product","3":"status-publish","4":"has-post-thumbnail","6":"product_cat-creations-passion-aromatique","7":"product_cat-tisanes-pot-en-verre-violet","9":"first","10":"instock","11":"purchasable","12":"product-type-variable"},"aioseo_notices":[],"_links":{"self":[{"href":"https:\/\/lherboristeriedesaintpantaleon.com\/index.php\/wp-json\/wp\/v2\/product\/6583","targetHints":{"allow":["GET"]}}],"collection":[{"href":"https:\/\/lherboristeriedesaintpantaleon.com\/index.php\/wp-json\/wp\/v2\/product"}],"about":[{"href":"https:\/\/lherboristeriedesaintpantaleon.com\/index.php\/wp-json\/wp\/v2\/types\/product"}],"replies":[{"embeddable":true,"href":"https:\/\/lherboristeriedesaintpantaleon.com\/index.php\/wp-json\/wp\/v2\/comments?post=6583"}],"wp:featuredmedia":[{"embeddable":true,"href":"https:\/\/lherboristeriedesaintpantaleon.com\/index.php\/wp-json\/wp\/v2\/media\/6587"}],"wp:attachment":[{"href":"https:\/\/lherboristeriedesaintpantaleon.com\/index.php\/wp-json\/wp\/v2\/media?parent=6583"}],"wp:term":[{"taxonomy":"product_brand","embeddable":true,"href":"https:\/\/lherboristeriedesaintpantaleon.com\/index.php\/wp-json\/wp\/v2\/product_brand?post=6583"},{"taxonomy":"product_cat","embeddable":true,"href":"https:\/\/lherboristeriedesaintpantaleon.com\/index.php\/wp-json\/wp\/v2\/product_cat?post=6583"},{"taxonomy":"product_tag","embeddable":true,"href":"https:\/\/lherboristeriedesaintpantaleon.com\/index.php\/wp-json\/wp\/v2\/product_tag?post=6583"}],"curies":[{"name":"wp","href":"https:\/\/api.w.org\/{rel}","templated":true}]}}