{"id":6588,"date":"2025-01-10T17:31:29","date_gmt":"2025-01-10T16:31:29","guid":{"rendered":"https:\/\/lherboristeriedesaintpantaleon.com\/?post_type=product&#038;p=6588"},"modified":"2026-01-23T19:22:59","modified_gmt":"2026-01-23T18:22:59","slug":"tisane-energisante-2","status":"publish","type":"product","link":"https:\/\/lherboristeriedesaintpantaleon.com\/index.php\/produit\/tisane-energisante-2\/","title":{"rendered":"Tisane Energisante"},"content":{"rendered":"<p><span style=\"color: #008000;\"><strong>Tisane Energisante<\/strong><\/span><\/p>\n<p><span style=\"color: #333333;\">M\u00e9lange de plantes utilis\u00e9es:\u00a0<span style=\"color: #008000;\"><strong>Eleuth\u00e9rocoque<\/strong> (racines) <span style=\"color: #333333;\">Eleutherococcus senticosus, <span style=\"color: #008000;\"><strong>Cassis <\/strong>(feuilles)<span style=\"color: #333333;\"> Ribes nigrum, <strong><span style=\"color: #008000;\">Sarriette <\/span><\/strong><span style=\"color: #008000;\">(feuilles)<\/span><em> Satureja montana, <\/em><span style=\"color: #008000;\"><strong>Cynorrhodon<\/strong><\/span><strong><span style=\"color: #008000;\">\u00a0<\/span><\/strong><span style=\"color: #008000;\">(fruits) <em><span style=\"color: #333333;\">Rosa canina, <\/span><\/em><\/span><\/span><\/span><\/span><\/span><\/span><em>\u00a0<\/em><strong><span style=\"color: #008000;\">Gingembre<\/span><\/strong><span style=\"color: #008000;\"> (racines) <em><span style=\"color: #333333;\">Zinziber officinale, <\/span><\/em><strong>Cardamome <\/strong>(fruits) <span style=\"color: #333333;\">Elettaria cardamomum<em>, <\/em><\/span><strong>Orange <\/strong>(\u00e9corces) Citrus sinensis<em><span style=\"color: #333333;\">.\u00a0<\/span><\/em><\/span><\/p>\n<p>Produit certifi\u00e9\u00a0<span style=\"color: #008000;\"><strong>AB<\/strong><\/span>,<\/p>\n<p><span style=\"color: #008000;\"><strong>Pot en verre violet <\/strong><\/span>: <strong>Contenance<\/strong> de : <strong>\u00a0<span style=\"color: #008000;\"> 100g, 200g.\u00a0\u00a0<\/span><\/strong><\/p>\n<p>&nbsp;<\/p>\n<ul>\n<li><strong><i>\u00a0<span style=\"color: #008000;\">Pourquoi un contenant en verre violet?<\/span><\/i><\/strong><span style=\"color: #008000;\">\u00a0<\/span> Il permet de prot\u00e9ger les plantes de la lumi\u00e8re afin d\u2019\u00e9viter toutes oxydations et perte des principes actifs des plantes. Puis d\u00e8s votre tisane termin\u00e9e,\u00a0 commandez\u00a0<span style=\"color: #008000;\"><strong>la Tisane Nuit paisible<\/strong>\u00a0<\/span><em><strong>en sachet kraft<\/strong><\/em>\u00a0afin de remplir \u00e0 nouveau votre pot (dans la rubrique\u00a0<strong>Tisane).<\/strong><\/li>\n<\/ul>\n","protected":false},"excerpt":{"rendered":"<p>Le contenant en verre violet permet de prot\u00e9ger les plantes de la lumi\u00e8re afin d\u2019\u00e9viter toutes oxydations et perte des principes actifs des plantes.<\/p>\n","protected":false},"featured_media":6592,"comment_status":"open","ping_status":"closed","template":"","meta":[],"product_brand":[],"product_cat":[91,85],"product_tag":[90],"class_list":{"0":"post-6588","1":"product","2":"type-product","3":"status-publish","4":"has-post-thumbnail","6":"product_cat-creations-passion-aromatique","7":"product_cat-tisanes-pot-en-verre-violet","8":"product_tag-creation-passion-aromatique","10":"first","11":"instock","12":"purchasable","13":"product-type-variable"},"aioseo_notices":[],"_links":{"self":[{"href":"https:\/\/lherboristeriedesaintpantaleon.com\/index.php\/wp-json\/wp\/v2\/product\/6588","targetHints":{"allow":["GET"]}}],"collection":[{"href":"https:\/\/lherboristeriedesaintpantaleon.com\/index.php\/wp-json\/wp\/v2\/product"}],"about":[{"href":"https:\/\/lherboristeriedesaintpantaleon.com\/index.php\/wp-json\/wp\/v2\/types\/product"}],"replies":[{"embeddable":true,"href":"https:\/\/lherboristeriedesaintpantaleon.com\/index.php\/wp-json\/wp\/v2\/comments?post=6588"}],"wp:featuredmedia":[{"embeddable":true,"href":"https:\/\/lherboristeriedesaintpantaleon.com\/index.php\/wp-json\/wp\/v2\/media\/6592"}],"wp:attachment":[{"href":"https:\/\/lherboristeriedesaintpantaleon.com\/index.php\/wp-json\/wp\/v2\/media?parent=6588"}],"wp:term":[{"taxonomy":"product_brand","embeddable":true,"href":"https:\/\/lherboristeriedesaintpantaleon.com\/index.php\/wp-json\/wp\/v2\/product_brand?post=6588"},{"taxonomy":"product_cat","embeddable":true,"href":"https:\/\/lherboristeriedesaintpantaleon.com\/index.php\/wp-json\/wp\/v2\/product_cat?post=6588"},{"taxonomy":"product_tag","embeddable":true,"href":"https:\/\/lherboristeriedesaintpantaleon.com\/index.php\/wp-json\/wp\/v2\/product_tag?post=6588"}],"curies":[{"name":"wp","href":"https:\/\/api.w.org\/{rel}","templated":true}]}}