{"id":6597,"date":"2025-01-10T19:16:16","date_gmt":"2025-01-10T18:16:16","guid":{"rendered":"https:\/\/lherboristeriedesaintpantaleon.com\/?post_type=product&#038;p=6597"},"modified":"2025-03-11T11:26:23","modified_gmt":"2025-03-11T10:26:23","slug":"potion-equilibre-intestinal","status":"publish","type":"product","link":"https:\/\/lherboristeriedesaintpantaleon.com\/index.php\/produit\/potion-equilibre-intestinal\/","title":{"rendered":"Potion Equilibre Intestinal"},"content":{"rendered":"<p>M\u00e9lange de plantes en poudre:\u00a0<strong><span style=\"color: #008000;\">Psyllium, pomme, aun\u00e9e, cannelle, cardamome, chicor\u00e9e, courge, Fenouil, gingembre, mauve, ortie, r\u00e9glisse.<\/span><\/strong><\/p>\n<p><span style=\"color: #333333;\">Sachet kraft:\u00a0<strong><span style=\"color: #008000;\">200g, recharge <\/span><\/strong><\/span>pour pot en verre violet<\/p>\n","protected":false},"excerpt":{"rendered":"<p>M\u00e9lange de plantes en poudre:\u00a0Psyllium, pomme, aun\u00e9e, cannelle, cardamome, chicor\u00e9e, courge, Fenouil, gingembre, mauve, ortie, r\u00e9glisse. Sachet kraft:\u00a0200g, recharge pour [&hellip;]<\/p>\n","protected":false},"featured_media":6571,"comment_status":"open","ping_status":"closed","template":"","meta":[],"product_brand":[],"product_cat":[91,87],"product_tag":[],"class_list":{"0":"post-6597","1":"product","2":"type-product","3":"status-publish","4":"has-post-thumbnail","6":"product_cat-creations-passion-aromatique","7":"product_cat-intestins","9":"first","10":"instock","11":"shipping-taxable","12":"purchasable","13":"product-type-simple"},"aioseo_notices":[],"_links":{"self":[{"href":"https:\/\/lherboristeriedesaintpantaleon.com\/index.php\/wp-json\/wp\/v2\/product\/6597","targetHints":{"allow":["GET"]}}],"collection":[{"href":"https:\/\/lherboristeriedesaintpantaleon.com\/index.php\/wp-json\/wp\/v2\/product"}],"about":[{"href":"https:\/\/lherboristeriedesaintpantaleon.com\/index.php\/wp-json\/wp\/v2\/types\/product"}],"replies":[{"embeddable":true,"href":"https:\/\/lherboristeriedesaintpantaleon.com\/index.php\/wp-json\/wp\/v2\/comments?post=6597"}],"wp:featuredmedia":[{"embeddable":true,"href":"https:\/\/lherboristeriedesaintpantaleon.com\/index.php\/wp-json\/wp\/v2\/media\/6571"}],"wp:attachment":[{"href":"https:\/\/lherboristeriedesaintpantaleon.com\/index.php\/wp-json\/wp\/v2\/media?parent=6597"}],"wp:term":[{"taxonomy":"product_brand","embeddable":true,"href":"https:\/\/lherboristeriedesaintpantaleon.com\/index.php\/wp-json\/wp\/v2\/product_brand?post=6597"},{"taxonomy":"product_cat","embeddable":true,"href":"https:\/\/lherboristeriedesaintpantaleon.com\/index.php\/wp-json\/wp\/v2\/product_cat?post=6597"},{"taxonomy":"product_tag","embeddable":true,"href":"https:\/\/lherboristeriedesaintpantaleon.com\/index.php\/wp-json\/wp\/v2\/product_tag?post=6597"}],"curies":[{"name":"wp","href":"https:\/\/api.w.org\/{rel}","templated":true}]}}